{"id":8237,"date":"2020-04-14T17:52:44","date_gmt":"2020-04-14T17:52:44","guid":{"rendered":"https:\/\/maritur.com?page_id=8237"},"modified":"2020-08-26T19:01:55","modified_gmt":"2020-08-26T19:01:55","slug":"acapulco","status":"publish","type":"page","link":"https:\/\/maritur.com\/es\/destinos\/acapulco\/","title":{"rendered":"Destinos Acapulco"},"content":{"rendered":"\t\t<div data-elementor-type=\"wp-page\" data-elementor-id=\"8237\" class=\"elementor elementor-8237\" data-elementor-post-type=\"page\">\n\t\t\t\t\t\t<section class=\"elementor-section elementor-top-section elementor-element elementor-element-4b98859 elementor-section-stretched elementor-section-full_width elementor-section-height-min-height elementor-section-items-stretch elementor-section-content-middle elementor-section-height-default\" data-id=\"4b98859\" data-element_type=\"section\" data-settings=\"{&quot;stretch_section&quot;:&quot;section-stretched&quot;,&quot;background_background&quot;:&quot;classic&quot;}\">\n\t\t\t\t\t\t<div class=\"elementor-container elementor-column-gap-no\">\n\t\t\t\t\t<div class=\"elementor-column elementor-col-100 elementor-top-column elementor-element elementor-element-43c0405\" data-id=\"43c0405\" data-element_type=\"column\" data-settings=\"{&quot;background_background&quot;:&quot;slideshow&quot;,&quot;background_slideshow_gallery&quot;:[{&quot;id&quot;:10277,&quot;url&quot;:&quot;http:\\\/\\\/maritur.com\\\/wp-content\\\/uploads\\\/2020\\\/07\\\/Acapulco.jpg&quot;},{&quot;id&quot;:10288,&quot;url&quot;:&quot;http:\\\/\\\/maritur.com\\\/wp-content\\\/uploads\\\/2020\\\/07\\\/Acapulco3.jpg&quot;},{&quot;id&quot;:10286,&quot;url&quot;:&quot;http:\\\/\\\/maritur.com\\\/wp-content\\\/uploads\\\/2020\\\/07\\\/Acapulco2.jpg&quot;}],&quot;background_slideshow_loop&quot;:&quot;yes&quot;,&quot;background_slideshow_slide_duration&quot;:5000,&quot;background_slideshow_slide_transition&quot;:&quot;fade&quot;,&quot;background_slideshow_transition_duration&quot;:500}\">\n\t\t\t<div class=\"elementor-widget-wrap elementor-element-populated\">\n\t\t\t\t\t\t<div class=\"elementor-element elementor-element-83f4911 elementor-widget elementor-widget-heading\" data-id=\"83f4911\" data-element_type=\"widget\" data-widget_type=\"heading.default\">\n\t\t\t\t<div class=\"elementor-widget-container\">\n\t\t\t<h1 class=\"elementor-heading-title elementor-size-default\">ACAPULCO<\/h1>\t\t<\/div>\n\t\t\t\t<\/div>\n\t\t\t\t\t<\/div>\n\t\t<\/div>\n\t\t\t\t\t<\/div>\n\t\t<\/section>\n\t\t\t\t<section class=\"elementor-section elementor-top-section elementor-element elementor-element-2af7e1c elementor-section-stretched elementor-section-full_width elementor-section-content-space-between elementor-section-height-default elementor-section-height-default\" data-id=\"2af7e1c\" data-element_type=\"section\" data-settings=\"{&quot;stretch_section&quot;:&quot;section-stretched&quot;}\">\n\t\t\t\t\t\t<div class=\"elementor-container elementor-column-gap-default\">\n\t\t\t\t\t<div class=\"elementor-column elementor-col-50 elementor-top-column elementor-element elementor-element-ff19db1\" data-id=\"ff19db1\" data-element_type=\"column\" data-settings=\"{&quot;background_background&quot;:&quot;classic&quot;}\">\n\t\t\t<div class=\"elementor-widget-wrap elementor-element-populated\">\n\t\t\t\t\t\t<div class=\"elementor-element elementor-element-23dd55e elementor-widget elementor-widget-heading\" data-id=\"23dd55e\" data-element_type=\"widget\" data-widget_type=\"heading.default\">\n\t\t\t\t<div class=\"elementor-widget-container\">\n\t\t\t<h2 class=\"elementor-heading-title elementor-size-default\">EL CARIBE MEXICANO<\/h2>\t\t<\/div>\n\t\t\t\t<\/div>\n\t\t\t\t\t<\/div>\n\t\t<\/div>\n\t\t\t\t<div class=\"elementor-column elementor-col-50 elementor-top-column elementor-element elementor-element-c735fc3\" data-id=\"c735fc3\" data-element_type=\"column\">\n\t\t\t<div class=\"elementor-widget-wrap elementor-element-populated\">\n\t\t\t\t\t\t<div class=\"elementor-element elementor-element-810ddac elementor-widget elementor-widget-spacer\" data-id=\"810ddac\" data-element_type=\"widget\" data-widget_type=\"spacer.default\">\n\t\t\t\t<div class=\"elementor-widget-container\">\n\t\t\t\t\t<div class=\"elementor-spacer\">\n\t\t\t<div class=\"elementor-spacer-inner\"><\/div>\n\t\t<\/div>\n\t\t\t\t<\/div>\n\t\t\t\t<\/div>\n\t\t\t\t<div class=\"elementor-element elementor-element-fb45137 elementor-widget elementor-widget-heading\" data-id=\"fb45137\" data-element_type=\"widget\" data-widget_type=\"heading.default\">\n\t\t\t\t<div class=\"elementor-widget-container\">\n\t\t\t<h2 class=\"elementor-heading-title elementor-size-default\">DMC EN ACAPULCO<\/h2>\t\t<\/div>\n\t\t\t\t<\/div>\n\t\t\t\t<div class=\"elementor-element elementor-element-626a876 elementor-widget elementor-widget-text-editor\" data-id=\"626a876\" data-element_type=\"widget\" data-widget_type=\"text-editor.default\">\n\t\t\t\t<div class=\"elementor-widget-container\">\n\t\t\t\t\t\t\t<p><strong><span style=\"color: #000000;\">Uno de los destinos tur\u00edsticos m\u00e1s tradicionales, cosmopolitas y hermosos del pa\u00eds\u2026 Su nombre oficial es Acapulco de Ju\u00e1rez y ha sido por mucho tiempo una de las ciudades m\u00e1s importantes por su actividad naviera y tur\u00edstica, pr\u00e1cticamente desde la \u00e9poca colonial de M\u00e9xico. Se hizo de fama mundial en los a\u00f1os 50 por ser el sitio favorito de las estrellas de Hollywood. En Acapulco se dice que la noche no es para dormir y hay diversi\u00f3n para todas las edades.<br \/>Sus playas son, sin duda, su principal atractivo tur\u00edstico, adem\u00e1s de su gastronom\u00eda, la calidez de su gente y tambi\u00e9n la gran cantidad de centros de entretenimiento nocturno. Hoy en d\u00eda, Acapulco sigue siendo famoso y atrae a muchos turistas, la mayor\u00eda de ellos nacionales. Se divide en tres grandes zonas tur\u00edsticas: Acapulco Tradicional, Acapulco Dorado y Acapulco Diamante. La Zona Tradicional tuvo su auge a mediados y finales del siglo 20, mientras que Acapulco Dorado y Diamante son las \u00e1reas m\u00e1s ostentosas, en donde se ubican los grandes hoteles de lujo.<\/span><\/strong><\/p><p><strong><span style=\"color: #000000;\">Sus playas son, sin duda, su principal atractivo tur\u00edstico, adem\u00e1s de su gastronom\u00eda, la calidez de su gente y tambi\u00e9n la gran cantidad de centros de entretenimiento nocturno. Hoy en d\u00eda, Acapulco sigue siendo famoso y atrae a muchos turistas, la mayor\u00eda de ellos nacionales. Se divide en tres grandes zonas tur\u00edsticas:<br \/>Acapulco Tradicional, Acapulco Dorado y Acapulco Diamante. La Zona Tradicional tuvo su auge a mediados y finales del siglo 20, mientras que Acapulco Dorado y Diamante son las \u00e1reas m\u00e1s ostentosas, en donde se ubican los grandes hoteles de lujo.<\/span><\/strong><\/p>\t\t\t\t\t\t<\/div>\n\t\t\t\t<\/div>\n\t\t\t\t<div class=\"elementor-element elementor-element-ee1fa51 elementor-widget elementor-widget-spacer\" data-id=\"ee1fa51\" data-element_type=\"widget\" data-widget_type=\"spacer.default\">\n\t\t\t\t<div class=\"elementor-widget-container\">\n\t\t\t\t\t<div class=\"elementor-spacer\">\n\t\t\t<div class=\"elementor-spacer-inner\"><\/div>\n\t\t<\/div>\n\t\t\t\t<\/div>\n\t\t\t\t<\/div>\n\t\t\t\t\t<\/div>\n\t\t<\/div>\n\t\t\t\t\t<\/div>\n\t\t<\/section>\n\t\t\t\t<section class=\"elementor-section elementor-top-section elementor-element elementor-element-8a56bda elementor-section-full_width elementor-section-height-default elementor-section-height-default\" data-id=\"8a56bda\" data-element_type=\"section\">\n\t\t\t\t\t\t<div class=\"elementor-container elementor-column-gap-no\">\n\t\t\t\t\t<div class=\"elementor-column elementor-col-100 elementor-top-column elementor-element elementor-element-c14475c\" data-id=\"c14475c\" data-element_type=\"column\">\n\t\t\t<div class=\"elementor-widget-wrap elementor-element-populated\">\n\t\t\t\t\t\t<div class=\"elementor-element elementor-element-49d3de0 elementor-widget elementor-widget-shortcode\" data-id=\"49d3de0\" data-element_type=\"widget\" data-widget_type=\"shortcode.default\">\n\t\t\t\t<div class=\"elementor-widget-container\">\n\t\t\t\t\t<div class=\"elementor-shortcode\"><section class=\"backg-black to-white\">\n            <div class=\"container_neo\">\n                <div class=\"col-xs-12 toogle-contents\">\n                    <div class=\"flex-parent\">\n                        <div class=\"flex-child\">\n                            <img decoding=\"async\" id=\"a1\" class=\"destination-icon trigger-lines active toogle\" data-toogle=\"atractives\" src=\"\/wp-content\/uploads\/2020\/04\/Icono.png\">\n                            <div class=\"lines-pack right vertical\"> <hr> <hr> <hr> <\/div>\n                            <span class=\"destination-title\">ATRACCIONES<\/span>\n                        <\/div>\n\n                        <div class=\"flex-child\">\n                            <img decoding=\"async\" id=\"a2\" class=\"destination-icon trigger-lines toogle\" data-toogle=\"rooms\" src=\"\/wp-content\/uploads\/2020\/04\/rooms-1.png\">\n                            <div class=\"lines-pack right vertical\"> <hr> <hr> <hr> <\/div>\n                            <span class=\"destination-title\">HOTELES RECOMENDADOS<\/span>\n                        <\/div>\n\n                        <div class=\"flex-child\">\n                            <img decoding=\"async\" id=\"a3\" class=\"destination-icon trigger-lines toogle\" data-toogle=\"tours\" src=\"\/wp-content\/uploads\/2020\/04\/tours-1.png\">\n                            <div class=\"lines-pack right vertical\"> <hr> <hr> <hr> <\/div>\n                            <span class=\"destination-title\">Tours<\/span>\n                        <\/div>\n\n                        <div class=\"flex-child\">\n                            <img decoding=\"async\" id=\"a4\" class=\"destination-icon trigger-lines toogle\" data-toogle=\"culture\" src=\"\/wp-content\/uploads\/2020\/04\/culture-1.png\">\n                            <div class=\"lines-pack right vertical\"> <hr> <hr> <hr> <\/div>\n                            <span class=\"destination-title\">CULTURA<\/span>\n                        <\/div>\n\n                        <div id=\"a5\" class=\"flex-child\">\n                            <img decoding=\"async\" class=\"destination-icon trigger-lines toogle\" data-toogle=\"enclosure\" src=\"\/wp-content\/uploads\/2020\/04\/enclosures-1.png\">\n                            <div class=\"lines-pack right vertical\"> <hr> <hr> <hr> <\/div>\n                            <span class=\"destination-title\">SEDES<\/span>\n                        <\/div>\n\n                    <\/div>\n                <\/div>\n            <\/div>\n        <\/section>\n    \n        <div class=\"container\">\n\t<div class=\"col-xs-12 mt-20 mb-20 mt-40 mt-80 mb-80\">\n\t\t<div class=\"toogle-content atractives\" style=\"display:block;\"> <p>Isla de la Roqueta<br>\nLa Quebrada<br>\nPuerto Marqu\u00e9s<br>\nPie de la Cuesta<br>\nLaguna de Coyuca<br>\nLaguna de Tres Palos<br>\nLaguna Negra<br>\nBarra Vieja<br>\nParque Nacional El Veladero<\/p>\n <\/div>\n\t\t<div class=\"toogle-content rooms\"> <p>Resort Mundo Imperial Acapulco Diamante - 811 Rooms<br>\nPrincess Mundo Imperial Riviera Diamante - 1011 Rooms<br>\nBanyan Tree Cabo Marques - 45 Villas<br>\nLas Brisas Acapulco - 251 Rooms<br>\nGrand Hotel Acapulco - 573 Rooms<\/p>\n <\/div>\n\t\t<div class=\"toogle-content tours\"> <p>Recorrido por la ciudad&nbsp;<br>\nParaiso Mangrove<br>\nTour atrav\u00e9s de&nbsp;Tehuacalco<br>\nTour a&nbsp;Taxco<br>\nCrucero al amanecer<\/p>\n <\/div>\n\t\t<div class=\"toogle-content culture\"> <p>El parque acu\u00e1tico CICI (Centro Internacional de Convivencia Infantil). Ubicado en la costera a unos pasos de la glorieta del Centro de Convenciones.<br>\nEl Castillo del Rey Le\u00f3n. A unos kil\u00f3metros de la Barra de Coyuca.<br>\nVilla Ruby. Unos kil\u00f3metros antes del Castillo del Rey Le\u00f3n.<br>\nLa Virgen de Los Mares (monumento mariano sumergido en el mar).<br>\nPalma Sola (petrograbados).<br>\nMurales de Diego Rivera en la Exekatlkalli (Casa de los Vientos) de Dolores Olmedo.<br>\nFuerte de San Diego (Museo Hist\u00f3rico de Acapulco).<br>\nFort\u00edn \u00c1lvarez.<br>\nCatedral de Nuestra Se\u00f1ora de la Soledad (Catedral de Acapulco).<br>\nPlaza \u00c1lvarez (Z\u00f3calo de Acapulco).<br>\nMalec\u00f3n.<br>\nParque de la Reina y Plaza de la Heroica Escuela Naval Militar (Malec\u00f3n).<br>\nParque Papagayo.<br>\nMuseo Hist\u00f3rico Naval de Acapulco.<br>\nCasa de la Cultura.<br>\nCapilla Ecum\u00e9nica de la Paz.<br>\nM\u00e1gico Mundo Marino.<br>\nSinfon\u00eda del Mar.<br>\nLa Gran Plaza.<br>\nGaler\u00edas Diana.<br>\nPlaza La Isla.<br>\nF\u00f3rum de Mundo Imperial<\/p>\n <\/div>\n\t\t<div class=\"toogle-content enclosure\"> <p>&nbsp;<\/p>\n\n<p><strong>Fuerte de San Diego:&nbsp;<\/strong>Fue construido en 1616 y reconstruido a su estado actual luego del gran terremoto de 1776. Serv\u00eda para proteger este valioso eslab\u00f3n comercial contra los piratas holandeses e ingleses. Ahora es un fascinante museo con reliquias rar\u00edsimas en exposici\u00f3n.<\/p>\n\n<p>&nbsp;<\/p>\n\n<p><strong>Villa Arabesque :&nbsp;<\/strong>Esta magn\u00edfica villa ha alojado celebridades internacionales, jefes de estado, realeza de Medio Oriente y estrellas de Hollywood. Ofrece intimidad y grandeza, con secciones impactantes de \u00e1reas abiertas al mar y cielo. Posee una discoteca privada, rincones subterr\u00e1neos y grutas de vibrantes formas luminosas. El Amate, pegado al mar, es un antiguo \u00e1rbol gigante que expresa un sentido de naturaleza casi espiritual.<\/p>\n\n<p>&nbsp;<\/p>\n\n<p><strong>Casa de la Laguna:<\/strong>&nbsp;Un jard\u00edn entre palmeras a la orilla de la inmensa laguna de Tres Palos, bordeado por una playa de suave arena blanca. Sentimiento r\u00fastico, natural pero elegante, enmarcado por una hermosa puesta del sol.<\/p>\n\n<p>&nbsp;<\/p>\n\n<p><strong>Tres Vidas: <\/strong>&nbsp;El m\u00e1s famoso y exclusivo club de golf de clase mundial (PGA) en Acapulco. Tiene instalaciones de primer nivel a la orilla de las c\u00e1lidas aguas del Oc\u00e9ano Pacifico, ideal para todo tipo de eventos, desde conciertos hasta elegantes cenas privadas. Los atardeceres desde aqu\u00ed son particularmente bellos y las noches inolvidables.<\/p>\n\n<p>&nbsp;<\/p>\n <\/div>\n\t<\/div>\n<\/div><\/div>\n\t\t\t\t<\/div>\n\t\t\t\t<\/div>\n\t\t\t\t\t<\/div>\n\t\t<\/div>\n\t\t\t\t\t<\/div>\n\t\t<\/section>\n\t\t\t\t<section class=\"elementor-section elementor-top-section elementor-element elementor-element-0e9fed4 elementor-section-stretched elementor-section-full_width elementor-section-height-default elementor-section-height-default\" data-id=\"0e9fed4\" data-element_type=\"section\" data-settings=\"{&quot;stretch_section&quot;:&quot;section-stretched&quot;,&quot;background_background&quot;:&quot;classic&quot;}\">\n\t\t\t\t\t\t<div class=\"elementor-container elementor-column-gap-default\">\n\t\t\t\t\t<div class=\"elementor-column elementor-col-100 elementor-top-column elementor-element elementor-element-4521c1b\" data-id=\"4521c1b\" data-element_type=\"column\">\n\t\t\t<div class=\"elementor-widget-wrap elementor-element-populated\">\n\t\t\t\t\t\t<div class=\"elementor-element elementor-element-05f8873 elementor-widget elementor-widget-spacer\" data-id=\"05f8873\" data-element_type=\"widget\" data-widget_type=\"spacer.default\">\n\t\t\t\t<div class=\"elementor-widget-container\">\n\t\t\t\t\t<div class=\"elementor-spacer\">\n\t\t\t<div class=\"elementor-spacer-inner\"><\/div>\n\t\t<\/div>\n\t\t\t\t<\/div>\n\t\t\t\t<\/div>\n\t\t\t\t\t<\/div>\n\t\t<\/div>\n\t\t\t\t\t<\/div>\n\t\t<\/section>\n\t\t\t\t<section class=\"elementor-section elementor-top-section elementor-element elementor-element-d5ff40e elementor-section-stretched elementor-hidden-phone elementor-section-boxed elementor-section-height-default elementor-section-height-default\" data-id=\"d5ff40e\" data-element_type=\"section\" data-settings=\"{&quot;stretch_section&quot;:&quot;section-stretched&quot;}\">\n\t\t\t\t\t\t<div class=\"elementor-container elementor-column-gap-no\">\n\t\t\t\t\t<div class=\"elementor-column elementor-col-50 elementor-top-column elementor-element elementor-element-dd49ea9\" data-id=\"dd49ea9\" data-element_type=\"column\">\n\t\t\t<div class=\"elementor-widget-wrap elementor-element-populated\">\n\t\t\t\t\t\t<div class=\"elementor-element elementor-element-0a13d3f elementor-align-left elementor-widget elementor-widget-button\" data-id=\"0a13d3f\" data-element_type=\"widget\" data-widget_type=\"button.default\">\n\t\t\t\t<div class=\"elementor-widget-container\">\n\t\t\t\t\t<div class=\"elementor-button-wrapper\">\n\t\t\t<a class=\"elementor-button elementor-button-link elementor-size-xl\" href=\"https:\/\/www.maritur.com\/\">\n\t\t\t\t\t\t<span class=\"elementor-button-content-wrapper\">\n\t\t\t\t\t\t\t\t\t<span class=\"elementor-button-text\">VOLVER A <span style=\"color:#ff0000\">INICIO<\/span><\/span>\n\t\t\t\t\t<\/span>\n\t\t\t\t\t<\/a>\n\t\t<\/div>\n\t\t\t\t<\/div>\n\t\t\t\t<\/div>\n\t\t\t\t\t<\/div>\n\t\t<\/div>\n\t\t\t\t<div class=\"elementor-column elementor-col-50 elementor-top-column elementor-element elementor-element-2f46ca3\" data-id=\"2f46ca3\" data-element_type=\"column\">\n\t\t\t<div class=\"elementor-widget-wrap elementor-element-populated\">\n\t\t\t\t\t\t<div class=\"elementor-element elementor-element-a87c819 elementor-align-left elementor-widget elementor-widget-button\" data-id=\"a87c819\" data-element_type=\"widget\" data-widget_type=\"button.default\">\n\t\t\t\t<div class=\"elementor-widget-container\">\n\t\t\t\t\t<div class=\"elementor-button-wrapper\">\n\t\t\t<a class=\"elementor-button elementor-button-link elementor-size-xl\" href=\"https:\/\/www.maritur.com\/destinos\/los-cabos\/\">\n\t\t\t\t\t\t<span class=\"elementor-button-content-wrapper\">\n\t\t\t\t\t\t\t\t\t<span class=\"elementor-button-text\">SIGUIENTE <span style=\"color:#ff0000\">DESTINO<\/span><\/span>\n\t\t\t\t\t<\/span>\n\t\t\t\t\t<\/a>\n\t\t<\/div>\n\t\t\t\t<\/div>\n\t\t\t\t<\/div>\n\t\t\t\t\t<\/div>\n\t\t<\/div>\n\t\t\t\t\t<\/div>\n\t\t<\/section>\n\t\t\t\t<section class=\"elementor-section elementor-top-section elementor-element elementor-element-28da1fa elementor-section-stretched elementor-hidden-phone elementor-section-full_width elementor-section-height-default elementor-section-height-default\" data-id=\"28da1fa\" data-element_type=\"section\" data-settings=\"{&quot;stretch_section&quot;:&quot;section-stretched&quot;,&quot;background_background&quot;:&quot;classic&quot;}\">\n\t\t\t\t\t\t<div class=\"elementor-container elementor-column-gap-no\">\n\t\t\t\t\t<div class=\"elementor-column elementor-col-50 elementor-top-column elementor-element elementor-element-e6d181c\" data-id=\"e6d181c\" data-element_type=\"column\" data-settings=\"{&quot;background_background&quot;:&quot;classic&quot;}\">\n\t\t\t<div class=\"elementor-widget-wrap elementor-element-populated\">\n\t\t\t\t\t\t<div class=\"elementor-element elementor-element-15568db elementor-widget elementor-widget-heading\" data-id=\"15568db\" data-element_type=\"widget\" data-widget_type=\"heading.default\">\n\t\t\t\t<div class=\"elementor-widget-container\">\n\t\t\t<h3 class=\"elementor-heading-title elementor-size-default\">\u00a1REGALE A SU GRUPO UNA EXPERIENCIA INOLVIDABLE!\n\n<\/h3>\t\t<\/div>\n\t\t\t\t<\/div>\n\t\t\t\t\t<\/div>\n\t\t<\/div>\n\t\t\t\t<div class=\"elementor-column elementor-col-50 elementor-top-column elementor-element elementor-element-7a4c271\" data-id=\"7a4c271\" data-element_type=\"column\" data-settings=\"{&quot;background_background&quot;:&quot;classic&quot;}\">\n\t\t\t<div class=\"elementor-widget-wrap elementor-element-populated\">\n\t\t\t\t\t\t<div class=\"elementor-element elementor-element-7a11322 elementor-align-center elementor-widget elementor-widget-button\" data-id=\"7a11322\" data-element_type=\"widget\" data-widget_type=\"button.default\">\n\t\t\t\t<div class=\"elementor-widget-container\">\n\t\t\t\t\t<div class=\"elementor-button-wrapper\">\n\t\t\t<a class=\"elementor-button elementor-button-link elementor-size-md\" href=\"#\">\n\t\t\t\t\t\t<span class=\"elementor-button-content-wrapper\">\n\t\t\t\t\t\t\t\t\t<span class=\"elementor-button-text\">SOLICITE UNA COTIZACI\u00d3N<\/span>\n\t\t\t\t\t<\/span>\n\t\t\t\t\t<\/a>\n\t\t<\/div>\n\t\t\t\t<\/div>\n\t\t\t\t<\/div>\n\t\t\t\t\t<\/div>\n\t\t<\/div>\n\t\t\t\t\t<\/div>\n\t\t<\/section>\n\t\t\t\t<section class=\"elementor-section elementor-top-section elementor-element elementor-element-6039f2f elementor-section-stretched elementor-hidden-desktop elementor-hidden-tablet elementor-section-boxed elementor-section-height-default elementor-section-height-default\" data-id=\"6039f2f\" data-element_type=\"section\" data-settings=\"{&quot;stretch_section&quot;:&quot;section-stretched&quot;,&quot;background_background&quot;:&quot;classic&quot;}\">\n\t\t\t\t\t\t<div class=\"elementor-container elementor-column-gap-default\">\n\t\t\t\t\t<div class=\"elementor-column elementor-col-50 elementor-top-column elementor-element elementor-element-b28d025\" data-id=\"b28d025\" data-element_type=\"column\">\n\t\t\t<div class=\"elementor-widget-wrap elementor-element-populated\">\n\t\t\t\t\t\t<div class=\"elementor-element elementor-element-836598a elementor-widget elementor-widget-spacer\" data-id=\"836598a\" data-element_type=\"widget\" data-widget_type=\"spacer.default\">\n\t\t\t\t<div class=\"elementor-widget-container\">\n\t\t\t\t\t<div class=\"elementor-spacer\">\n\t\t\t<div class=\"elementor-spacer-inner\"><\/div>\n\t\t<\/div>\n\t\t\t\t<\/div>\n\t\t\t\t<\/div>\n\t\t\t\t<div class=\"elementor-element elementor-element-3d87461 elementor-widget elementor-widget-heading\" data-id=\"3d87461\" data-element_type=\"widget\" data-widget_type=\"heading.default\">\n\t\t\t\t<div class=\"elementor-widget-container\">\n\t\t\t<h3 class=\"elementor-heading-title elementor-size-default\">\u00a1REGALE A SU GRUPO UNA EXPERIENCIA INOLVIDABLE!\n\n<\/h3>\t\t<\/div>\n\t\t\t\t<\/div>\n\t\t\t\t\t<\/div>\n\t\t<\/div>\n\t\t\t\t<div class=\"elementor-column elementor-col-50 elementor-top-column elementor-element elementor-element-326d5d1\" data-id=\"326d5d1\" data-element_type=\"column\">\n\t\t\t<div class=\"elementor-widget-wrap elementor-element-populated\">\n\t\t\t\t\t\t<div class=\"elementor-element elementor-element-dc80d1a elementor-align-center elementor-widget elementor-widget-button\" data-id=\"dc80d1a\" data-element_type=\"widget\" data-widget_type=\"button.default\">\n\t\t\t\t<div class=\"elementor-widget-container\">\n\t\t\t\t\t<div class=\"elementor-button-wrapper\">\n\t\t\t<a class=\"elementor-button elementor-button-link elementor-size-md\" href=\"#\">\n\t\t\t\t\t\t<span class=\"elementor-button-content-wrapper\">\n\t\t\t\t\t\t\t\t\t<span class=\"elementor-button-text\">SOLICITE UNA COTIZACI\u00d3N<\/span>\n\t\t\t\t\t<\/span>\n\t\t\t\t\t<\/a>\n\t\t<\/div>\n\t\t\t\t<\/div>\n\t\t\t\t<\/div>\n\t\t\t\t<div class=\"elementor-element elementor-element-08178fc elementor-widget elementor-widget-spacer\" data-id=\"08178fc\" data-element_type=\"widget\" data-widget_type=\"spacer.default\">\n\t\t\t\t<div class=\"elementor-widget-container\">\n\t\t\t\t\t<div class=\"elementor-spacer\">\n\t\t\t<div class=\"elementor-spacer-inner\"><\/div>\n\t\t<\/div>\n\t\t\t\t<\/div>\n\t\t\t\t<\/div>\n\t\t\t\t\t<\/div>\n\t\t<\/div>\n\t\t\t\t\t<\/div>\n\t\t<\/section>\n\t\t\t\t<\/div>\n\t\t","protected":false},"excerpt":{"rendered":"<p>ACAPULCO EL CARIBE MEXICANO DMC EN ACAPULCO Uno de los destinos tur\u00edsticos m\u00e1s tradicionales, cosmopolitas y hermosos del pa\u00eds\u2026 Su nombre oficial es Acapulco de Ju\u00e1rez y ha sido por mucho tiempo una de las ciudades m\u00e1s importantes por su actividad naviera y tur\u00edstica, pr\u00e1cticamente desde la \u00e9poca colonial de M\u00e9xico. Se hizo de fama [&hellip;]<\/p>\n","protected":false},"author":1,"featured_media":0,"parent":10674,"menu_order":0,"comment_status":"closed","ping_status":"closed","template":"full-width.php","meta":{"footnotes":""},"class_list":["post-8237","page","type-page","status-publish","hentry"],"_links":{"self":[{"href":"https:\/\/maritur.com\/es\/wp-json\/wp\/v2\/pages\/8237","targetHints":{"allow":["GET"]}}],"collection":[{"href":"https:\/\/maritur.com\/es\/wp-json\/wp\/v2\/pages"}],"about":[{"href":"https:\/\/maritur.com\/es\/wp-json\/wp\/v2\/types\/page"}],"author":[{"embeddable":true,"href":"https:\/\/maritur.com\/es\/wp-json\/wp\/v2\/users\/1"}],"replies":[{"embeddable":true,"href":"https:\/\/maritur.com\/es\/wp-json\/wp\/v2\/comments?post=8237"}],"version-history":[{"count":5,"href":"https:\/\/maritur.com\/es\/wp-json\/wp\/v2\/pages\/8237\/revisions"}],"predecessor-version":[{"id":10888,"href":"https:\/\/maritur.com\/es\/wp-json\/wp\/v2\/pages\/8237\/revisions\/10888"}],"up":[{"embeddable":true,"href":"https:\/\/maritur.com\/es\/wp-json\/wp\/v2\/pages\/10674"}],"wp:attachment":[{"href":"https:\/\/maritur.com\/es\/wp-json\/wp\/v2\/media?parent=8237"}],"curies":[{"name":"wp","href":"https:\/\/api.w.org\/{rel}","templated":true}]}}