{"id":8242,"date":"2020-04-14T18:13:41","date_gmt":"2020-04-14T18:13:41","guid":{"rendered":"https:\/\/maritur.com?page_id=8242"},"modified":"2020-08-26T19:03:36","modified_gmt":"2020-08-26T19:03:36","slug":"los-cabos","status":"publish","type":"page","link":"https:\/\/maritur.com\/es\/destinos\/los-cabos\/","title":{"rendered":"Destinos Los Cabos"},"content":{"rendered":"\t\t<div data-elementor-type=\"wp-page\" data-elementor-id=\"8242\" class=\"elementor elementor-8242\" data-elementor-post-type=\"page\">\n\t\t\t\t\t\t<section class=\"elementor-section elementor-top-section elementor-element elementor-element-942e51a elementor-section-stretched elementor-section-full_width elementor-section-height-min-height elementor-section-items-stretch elementor-section-content-middle elementor-section-height-default\" data-id=\"942e51a\" data-element_type=\"section\" data-settings=\"{&quot;stretch_section&quot;:&quot;section-stretched&quot;,&quot;background_background&quot;:&quot;classic&quot;}\">\n\t\t\t\t\t\t<div class=\"elementor-container elementor-column-gap-no\">\n\t\t\t\t\t<div class=\"elementor-column elementor-col-100 elementor-top-column elementor-element elementor-element-70c60bf\" data-id=\"70c60bf\" data-element_type=\"column\" data-settings=\"{&quot;background_background&quot;:&quot;slideshow&quot;,&quot;background_slideshow_gallery&quot;:[{&quot;id&quot;:10448,&quot;url&quot;:&quot;http:\\\/\\\/maritur.com\\\/wp-content\\\/uploads\\\/2020\\\/07\\\/Los-cabos3.jpg&quot;},{&quot;id&quot;:10446,&quot;url&quot;:&quot;http:\\\/\\\/maritur.com\\\/wp-content\\\/uploads\\\/2020\\\/07\\\/Los-cabos2.jpg&quot;},{&quot;id&quot;:10444,&quot;url&quot;:&quot;http:\\\/\\\/maritur.com\\\/wp-content\\\/uploads\\\/2020\\\/07\\\/Los-cabos1.jpg&quot;}],&quot;background_slideshow_loop&quot;:&quot;yes&quot;,&quot;background_slideshow_slide_duration&quot;:5000,&quot;background_slideshow_slide_transition&quot;:&quot;fade&quot;,&quot;background_slideshow_transition_duration&quot;:500}\">\n\t\t\t<div class=\"elementor-widget-wrap elementor-element-populated\">\n\t\t\t\t\t\t<div class=\"elementor-element elementor-element-49bae15 elementor-widget elementor-widget-heading\" data-id=\"49bae15\" data-element_type=\"widget\" data-widget_type=\"heading.default\">\n\t\t\t\t<div class=\"elementor-widget-container\">\n\t\t\t<h1 class=\"elementor-heading-title elementor-size-default\">LOS CABOS<\/h1>\t\t<\/div>\n\t\t\t\t<\/div>\n\t\t\t\t\t<\/div>\n\t\t<\/div>\n\t\t\t\t\t<\/div>\n\t\t<\/section>\n\t\t\t\t<section class=\"elementor-section elementor-top-section elementor-element elementor-element-cbc749c elementor-section-stretched elementor-section-full_width elementor-section-content-space-between elementor-section-height-default elementor-section-height-default\" data-id=\"cbc749c\" data-element_type=\"section\" data-settings=\"{&quot;stretch_section&quot;:&quot;section-stretched&quot;}\">\n\t\t\t\t\t\t<div class=\"elementor-container elementor-column-gap-default\">\n\t\t\t\t\t<div class=\"elementor-column elementor-col-50 elementor-top-column elementor-element elementor-element-ad453b3\" data-id=\"ad453b3\" data-element_type=\"column\" data-settings=\"{&quot;background_background&quot;:&quot;classic&quot;}\">\n\t\t\t<div class=\"elementor-widget-wrap elementor-element-populated\">\n\t\t\t\t\t\t<div class=\"elementor-element elementor-element-8061a3c elementor-widget elementor-widget-heading\" data-id=\"8061a3c\" data-element_type=\"widget\" data-widget_type=\"heading.default\">\n\t\t\t\t<div class=\"elementor-widget-container\">\n\t\t\t<h2 class=\"elementor-heading-title elementor-size-default\">LA PLAYA M\u00c1S MEXICANA<\/h2>\t\t<\/div>\n\t\t\t\t<\/div>\n\t\t\t\t\t<\/div>\n\t\t<\/div>\n\t\t\t\t<div class=\"elementor-column elementor-col-50 elementor-top-column elementor-element elementor-element-785abaa\" data-id=\"785abaa\" data-element_type=\"column\">\n\t\t\t<div class=\"elementor-widget-wrap elementor-element-populated\">\n\t\t\t\t\t\t<div class=\"elementor-element elementor-element-29f47da elementor-widget elementor-widget-spacer\" data-id=\"29f47da\" data-element_type=\"widget\" data-widget_type=\"spacer.default\">\n\t\t\t\t<div class=\"elementor-widget-container\">\n\t\t\t\t\t<div class=\"elementor-spacer\">\n\t\t\t<div class=\"elementor-spacer-inner\"><\/div>\n\t\t<\/div>\n\t\t\t\t<\/div>\n\t\t\t\t<\/div>\n\t\t\t\t<div class=\"elementor-element elementor-element-ffb4f95 elementor-widget elementor-widget-heading\" data-id=\"ffb4f95\" data-element_type=\"widget\" data-widget_type=\"heading.default\">\n\t\t\t\t<div class=\"elementor-widget-container\">\n\t\t\t<h2 class=\"elementor-heading-title elementor-size-default\">DMC EN LOS CABOS<\/h2>\t\t<\/div>\n\t\t\t\t<\/div>\n\t\t\t\t<div class=\"elementor-element elementor-element-9e26d9d elementor-widget elementor-widget-text-editor\" data-id=\"9e26d9d\" data-element_type=\"widget\" data-widget_type=\"text-editor.default\">\n\t\t\t\t<div class=\"elementor-widget-container\">\n\t\t\t\t\t\t\t<p><strong><span style=\"color: #000000;\">Este es uno de los destinos m\u00e1s bellos y exclusivos de M\u00e9xico, localizado en la Pen\u00ednsula de Baja California y su clima es caluroso durante la mayor parte del a\u00f1o. En invierno podr\u00e1 ser testigo de uno de los fen\u00f3menos naturales m\u00e1s bellos que ocurren en las costas de M\u00e9xico: el cortejo, procreaci\u00f3n y alumbramiento de la ballena gris; especie protegida en nuestro pa\u00eds. Durante el verano podr\u00e1 practicar buceo, kayak, pesca deportiva o vivir el romanticismo en alguna de sus playas solitarias desde donde podr\u00e1 observar El Arco; una monumental formaci\u00f3n rocosa esculpida por el mar, s\u00edmbolo caracter\u00edstico de este destino, recientemente declarado Patrimonio de la Humanidad.<\/span><\/strong><\/p><p><strong><span style=\"color: #000000;\">Es conocido por sus dos ciudades principales San Jos\u00e9 y Cabo San Lucas. Entre ellas se extiende el lujoso Corredor Tur\u00edstico de 33 km, donde encontrar\u00e1 uno de los desarrollos m\u00e1s importantes del pa\u00eds por sus maravillosos hoteles y, exquisita cocina gourmet que se elabora en sus reconocidos restaurantes. Adem\u00e1s sus excelentes campos de golf est\u00e1n considerados entre los mejores a nivel mundial, y cuenta tambi\u00e9n con hermosas playas, actividades de aventura y majestuosos paisajes.<\/span><\/strong><\/p>\t\t\t\t\t\t<\/div>\n\t\t\t\t<\/div>\n\t\t\t\t<div class=\"elementor-element elementor-element-db19996 elementor-widget elementor-widget-spacer\" data-id=\"db19996\" data-element_type=\"widget\" data-widget_type=\"spacer.default\">\n\t\t\t\t<div class=\"elementor-widget-container\">\n\t\t\t\t\t<div class=\"elementor-spacer\">\n\t\t\t<div class=\"elementor-spacer-inner\"><\/div>\n\t\t<\/div>\n\t\t\t\t<\/div>\n\t\t\t\t<\/div>\n\t\t\t\t\t<\/div>\n\t\t<\/div>\n\t\t\t\t\t<\/div>\n\t\t<\/section>\n\t\t\t\t<section class=\"elementor-section elementor-top-section elementor-element elementor-element-a222ec3 elementor-section-full_width elementor-section-height-default elementor-section-height-default\" data-id=\"a222ec3\" data-element_type=\"section\">\n\t\t\t\t\t\t<div class=\"elementor-container elementor-column-gap-no\">\n\t\t\t\t\t<div class=\"elementor-column elementor-col-100 elementor-top-column elementor-element elementor-element-5640a7f\" data-id=\"5640a7f\" data-element_type=\"column\">\n\t\t\t<div class=\"elementor-widget-wrap elementor-element-populated\">\n\t\t\t\t\t\t<div class=\"elementor-element elementor-element-9bcaa2d elementor-widget elementor-widget-shortcode\" data-id=\"9bcaa2d\" data-element_type=\"widget\" data-widget_type=\"shortcode.default\">\n\t\t\t\t<div class=\"elementor-widget-container\">\n\t\t\t\t\t<div class=\"elementor-shortcode\"><section class=\"backg-black to-white\">\n            <div class=\"container_neo\">\n                <div class=\"col-xs-12 toogle-contents\">\n                    <div class=\"flex-parent\">\n                        <div class=\"flex-child\">\n                            <img decoding=\"async\" id=\"a1\" class=\"destination-icon trigger-lines active toogle\" data-toogle=\"atractives\" src=\"\/wp-content\/uploads\/2020\/04\/Icono.png\">\n                            <div class=\"lines-pack right vertical\"> <hr> <hr> <hr> <\/div>\n                            <span class=\"destination-title\">ATRACCIONES<\/span>\n                        <\/div>\n\n                        <div class=\"flex-child\">\n                            <img decoding=\"async\" id=\"a2\" class=\"destination-icon trigger-lines toogle\" data-toogle=\"rooms\" src=\"\/wp-content\/uploads\/2020\/04\/rooms-1.png\">\n                            <div class=\"lines-pack right vertical\"> <hr> <hr> <hr> <\/div>\n                            <span class=\"destination-title\">HOTELES RECOMENDADOS<\/span>\n                        <\/div>\n\n                        <div class=\"flex-child\">\n                            <img decoding=\"async\" id=\"a3\" class=\"destination-icon trigger-lines toogle\" data-toogle=\"tours\" src=\"\/wp-content\/uploads\/2020\/04\/tours-1.png\">\n                            <div class=\"lines-pack right vertical\"> <hr> <hr> <hr> <\/div>\n                            <span class=\"destination-title\">Tours<\/span>\n                        <\/div>\n\n                        <div class=\"flex-child\">\n                            <img decoding=\"async\" id=\"a4\" class=\"destination-icon trigger-lines toogle\" data-toogle=\"culture\" src=\"\/wp-content\/uploads\/2020\/04\/culture-1.png\">\n                            <div class=\"lines-pack right vertical\"> <hr> <hr> <hr> <\/div>\n                            <span class=\"destination-title\">CULTURA<\/span>\n                        <\/div>\n\n                        <div id=\"a5\" class=\"flex-child\">\n                            <img decoding=\"async\" class=\"destination-icon trigger-lines toogle\" data-toogle=\"enclosure\" src=\"\/wp-content\/uploads\/2020\/04\/enclosures-1.png\">\n                            <div class=\"lines-pack right vertical\"> <hr> <hr> <hr> <\/div>\n                            <span class=\"destination-title\">SEDES<\/span>\n                        <\/div>\n\n                    <\/div>\n                <\/div>\n            <\/div>\n        <\/section>\n    \n        <div class=\"container\">\n\t<div class=\"col-xs-12 mt-20 mb-20 mt-40 mt-80 mb-80\">\n\t\t<div class=\"toogle-content atractives\" style=\"display:block;\"> <p>El Arco de Cabo San Lucas enigm\u00e1tico, \u00fanico en el mundo y s\u00edmbolo de Los Cabos.<br>\n<br>\nParque Nacional Reserva Protegida de Cabo Pulmo y Patrimonio Mundial: \u00c1rea natural protegida con el \u00fanico arrecife de coral vivo en el Golfo de California. \u00c1rea muy visitada por buzos y turistas quienes adoran la naturaleza. Cabo Pulmo representa un ejemplo \u00fanico en el mundo, en el que los principales procesos oceanogr\u00e1ficos est\u00e1n presentes, conviviendo con una impresionante belleza natural.<br>\n<br>\nTodos Santos:<br>\nEs un peque\u00f1o poblado ubicado 73 km al norte de Cabo San Lucas, donde se ubica el famoso Hotel California, as\u00ed como diversas galer\u00edas de arte y restaurantes con comida t\u00edpica de la regi\u00f3n. Fue declarado Pueblo M\u00e1gico por su hermosura y naturalidad.<\/p>\n <\/div>\n\t\t<div class=\"toogle-content rooms\"> <p>JW Marriott&nbsp;<\/p>\n\n<p>Hyatt Ziva&nbsp;<\/p>\n\n<p>One and Only Palmilla<\/p>\n\n<p>Westin Regina<\/p>\n\n<p>Marquis&nbsp;<\/p>\n\n<p>Hilton&nbsp;<\/p>\n\n<p>Las Ventanas&nbsp;<\/p>\n\n<p>Esperanza a<\/p>\n\n<p>Fiesta Americana Grand<\/p>\n\n<p>Sheraton Hacienda del Mar.<\/p>\n\n<p>Riu Palace<\/p>\n\n<p>Riu Santa&nbsp;<\/p>\n\n<p>The Resort at Pedregal&nbsp;formally Capella<\/p>\n <\/div>\n\t\t<div class=\"toogle-content tours\"> <p>City Tour: Todos Santos \"Pueblo M\u00e1gico\", La Paz Tour de Compras, Tour de Compras y Vista de Las Misiones San Jos\u00e9 y San Lucas. Paseo de Galer\u00edas en San Jos\u00e9.<br>\n<br>\nAvistamiento de ballenas en temporada (octubre - marzo).<br>\nNado con delfines.<br>\nPaseo para ver la puesta del sol y el Arco.<br>\nPaseo por el desierto y las dunas en veh\u00edculos todo terreno.<br>\nAventura en tierra, agua y por los aires.<\/p>\n <\/div>\n\t\t<div class=\"toogle-content culture\"> <p>En Los Cabos, la cultura puede ser tan enigm\u00e1tica como popular, y est\u00e1 presente en pr\u00e1cticamente toda actividad de sus c\u00e1lidos y amigables habitantes. En cada rinc\u00f3n y en cada paso podr\u00e1 admirar, saborear y sentir la colorida y vasta cultura mexicana, y una vez que la viva en persona, alcanzar\u00e1 un lugar muy especial en su coraz\u00f3n y permanecer\u00e1 ah\u00ed por siempre.<\/p>\n <\/div>\n\t\t<div class=\"toogle-content enclosure\"> <p>Centro Internacional de Convenciones Los Cabos:<br>\n(San Jos\u00e9 del Cabo) 25,922 m2 de construcci\u00f3n techada, 7 salas para convenciones de 2,000 m2 c\/u, 3 salas para exposiciones, Mezzanine, vest\u00edbulo con vista al Mar de Cort\u00e9s, Muro Verde m\u00e1s grande del Mundo, capacidad para 6,400 personas, cajones de estacionamiento para 567 autos y espacio exterior para camiones.<br>\nSalones dentro de Hoteles:<br>\n<br>\nCorredor Tur\u00edstico, Fiesta Americana Grand:<br>\n<br>\n1,394 m2 de espacios para reuniones, Sal\u00f3n Master: 985m2, divisible en 3 salones de 330 m2 y 2 m\u00e1s de 165 m2 c\/u. Cuenta con 2 salas para juntas Grand de 165 m2 para dividir en 3 salas de 55 m2 para juntas o reuniones y Sal\u00f3n de Consejo de 657 m2 que se puede dividir en 2. Adem\u00e1s cuenta con espacios de reuni\u00f3n en \u00e1reas exteriores para recepciones y fiestas.<br>\nHilton:<br>\n<br>\n692 m2 de espacio en sal\u00f3n principal Dorado, divisible en 5 salones de distintas dimensiones y 340 m2 en Sal\u00f3n las Ma\u00f1anitas, divisible para salones de juntas, Cuenta con Centro de Negocios, \u00e1reas abiertas para coffe break y\/o \u00e1rea de exposici\u00f3n.<br>\nSan Jos\u00e9 del Cabo: Barcel\u00f3 Los Cabos:<br>\n<br>\n3,260 m2 para reuniones con un gran sal\u00f3n de 900 m2 divisible en 5 breakouts de 180 m2. Adicional a ello, cuenta con 13 breakouts para reuniones ejecutivas con capacidad desde 15 hasta 170 personas. El Teatro es un espectacular recinto con capacidad de 1,100 personas en auditorio; ideal para lanzamientos de producto, sesiones de trabajo y cena show. Cuenta con camerinos y un amplio escenario.<\/p>\n <\/div>\n\t<\/div>\n<\/div><\/div>\n\t\t\t\t<\/div>\n\t\t\t\t<\/div>\n\t\t\t\t\t<\/div>\n\t\t<\/div>\n\t\t\t\t\t<\/div>\n\t\t<\/section>\n\t\t\t\t<section class=\"elementor-section elementor-top-section elementor-element elementor-element-0e9fed4 elementor-section-stretched elementor-section-full_width elementor-section-height-default elementor-section-height-default\" data-id=\"0e9fed4\" data-element_type=\"section\" data-settings=\"{&quot;stretch_section&quot;:&quot;section-stretched&quot;,&quot;background_background&quot;:&quot;classic&quot;}\">\n\t\t\t\t\t\t<div class=\"elementor-container elementor-column-gap-default\">\n\t\t\t\t\t<div class=\"elementor-column elementor-col-100 elementor-top-column elementor-element elementor-element-4521c1b\" data-id=\"4521c1b\" data-element_type=\"column\">\n\t\t\t<div class=\"elementor-widget-wrap elementor-element-populated\">\n\t\t\t\t\t\t<div class=\"elementor-element elementor-element-05f8873 elementor-widget elementor-widget-spacer\" data-id=\"05f8873\" data-element_type=\"widget\" data-widget_type=\"spacer.default\">\n\t\t\t\t<div class=\"elementor-widget-container\">\n\t\t\t\t\t<div class=\"elementor-spacer\">\n\t\t\t<div class=\"elementor-spacer-inner\"><\/div>\n\t\t<\/div>\n\t\t\t\t<\/div>\n\t\t\t\t<\/div>\n\t\t\t\t\t<\/div>\n\t\t<\/div>\n\t\t\t\t\t<\/div>\n\t\t<\/section>\n\t\t\t\t<section class=\"elementor-section elementor-top-section elementor-element elementor-element-bf6c055 elementor-section-stretched elementor-hidden-phone elementor-section-boxed elementor-section-height-default elementor-section-height-default\" data-id=\"bf6c055\" data-element_type=\"section\" data-settings=\"{&quot;stretch_section&quot;:&quot;section-stretched&quot;}\">\n\t\t\t\t\t\t<div class=\"elementor-container elementor-column-gap-no\">\n\t\t\t\t\t<div class=\"elementor-column elementor-col-50 elementor-top-column elementor-element elementor-element-7cded9f\" data-id=\"7cded9f\" data-element_type=\"column\">\n\t\t\t<div class=\"elementor-widget-wrap elementor-element-populated\">\n\t\t\t\t\t\t<div class=\"elementor-element elementor-element-661b7e4 elementor-align-left elementor-widget elementor-widget-button\" data-id=\"661b7e4\" data-element_type=\"widget\" data-widget_type=\"button.default\">\n\t\t\t\t<div class=\"elementor-widget-container\">\n\t\t\t\t\t<div class=\"elementor-button-wrapper\">\n\t\t\t<a class=\"elementor-button elementor-button-link elementor-size-xl\" href=\"https:\/\/www.maritur.com\/\">\n\t\t\t\t\t\t<span class=\"elementor-button-content-wrapper\">\n\t\t\t\t\t\t\t\t\t<span class=\"elementor-button-text\">VOLVER A <span style=\"color:#ff0000\">INICIO<\/span><\/span>\n\t\t\t\t\t<\/span>\n\t\t\t\t\t<\/a>\n\t\t<\/div>\n\t\t\t\t<\/div>\n\t\t\t\t<\/div>\n\t\t\t\t\t<\/div>\n\t\t<\/div>\n\t\t\t\t<div class=\"elementor-column elementor-col-50 elementor-top-column elementor-element elementor-element-9b27ee6\" data-id=\"9b27ee6\" data-element_type=\"column\">\n\t\t\t<div class=\"elementor-widget-wrap elementor-element-populated\">\n\t\t\t\t\t\t<div class=\"elementor-element elementor-element-7beb461 elementor-align-left elementor-widget elementor-widget-button\" data-id=\"7beb461\" data-element_type=\"widget\" data-widget_type=\"button.default\">\n\t\t\t\t<div class=\"elementor-widget-container\">\n\t\t\t\t\t<div class=\"elementor-button-wrapper\">\n\t\t\t<a class=\"elementor-button elementor-button-link elementor-size-xl\" href=\"https:\/\/www.maritur.com\/destinos\/merida\/\">\n\t\t\t\t\t\t<span class=\"elementor-button-content-wrapper\">\n\t\t\t\t\t\t\t\t\t<span class=\"elementor-button-text\">SIGUIENTE <span style=\"color:#ff0000\">DESTINO<\/span><\/span>\n\t\t\t\t\t<\/span>\n\t\t\t\t\t<\/a>\n\t\t<\/div>\n\t\t\t\t<\/div>\n\t\t\t\t<\/div>\n\t\t\t\t\t<\/div>\n\t\t<\/div>\n\t\t\t\t\t<\/div>\n\t\t<\/section>\n\t\t\t\t<section class=\"elementor-section elementor-top-section elementor-element elementor-element-5a62498 elementor-section-stretched elementor-hidden-phone elementor-section-full_width elementor-section-height-default elementor-section-height-default\" data-id=\"5a62498\" data-element_type=\"section\" data-settings=\"{&quot;stretch_section&quot;:&quot;section-stretched&quot;,&quot;background_background&quot;:&quot;classic&quot;}\">\n\t\t\t\t\t\t<div class=\"elementor-container elementor-column-gap-no\">\n\t\t\t\t\t<div class=\"elementor-column elementor-col-50 elementor-top-column elementor-element elementor-element-b2a42e7\" data-id=\"b2a42e7\" data-element_type=\"column\" data-settings=\"{&quot;background_background&quot;:&quot;classic&quot;}\">\n\t\t\t<div class=\"elementor-widget-wrap elementor-element-populated\">\n\t\t\t\t\t\t<div class=\"elementor-element elementor-element-e0bad81 elementor-widget elementor-widget-heading\" data-id=\"e0bad81\" data-element_type=\"widget\" data-widget_type=\"heading.default\">\n\t\t\t\t<div class=\"elementor-widget-container\">\n\t\t\t<h3 class=\"elementor-heading-title elementor-size-default\">\u00a1REGALE A SU GRUPO UNA EXPERIENCIA INOLVIDABLE!\n\n<\/h3>\t\t<\/div>\n\t\t\t\t<\/div>\n\t\t\t\t\t<\/div>\n\t\t<\/div>\n\t\t\t\t<div class=\"elementor-column elementor-col-50 elementor-top-column elementor-element elementor-element-4d8e823\" data-id=\"4d8e823\" data-element_type=\"column\" data-settings=\"{&quot;background_background&quot;:&quot;classic&quot;}\">\n\t\t\t<div class=\"elementor-widget-wrap elementor-element-populated\">\n\t\t\t\t\t\t<div class=\"elementor-element elementor-element-6f8a238 elementor-align-center elementor-widget elementor-widget-button\" data-id=\"6f8a238\" data-element_type=\"widget\" data-widget_type=\"button.default\">\n\t\t\t\t<div class=\"elementor-widget-container\">\n\t\t\t\t\t<div class=\"elementor-button-wrapper\">\n\t\t\t<a class=\"elementor-button elementor-button-link elementor-size-md\" href=\"#\">\n\t\t\t\t\t\t<span class=\"elementor-button-content-wrapper\">\n\t\t\t\t\t\t\t\t\t<span class=\"elementor-button-text\">SOLICITE UNA COTIZACI\u00d3N<\/span>\n\t\t\t\t\t<\/span>\n\t\t\t\t\t<\/a>\n\t\t<\/div>\n\t\t\t\t<\/div>\n\t\t\t\t<\/div>\n\t\t\t\t\t<\/div>\n\t\t<\/div>\n\t\t\t\t\t<\/div>\n\t\t<\/section>\n\t\t\t\t<section class=\"elementor-section elementor-top-section elementor-element elementor-element-8a234d8 elementor-section-stretched elementor-hidden-desktop elementor-hidden-tablet elementor-section-boxed elementor-section-height-default elementor-section-height-default\" data-id=\"8a234d8\" data-element_type=\"section\" data-settings=\"{&quot;stretch_section&quot;:&quot;section-stretched&quot;,&quot;background_background&quot;:&quot;classic&quot;}\">\n\t\t\t\t\t\t<div class=\"elementor-container elementor-column-gap-default\">\n\t\t\t\t\t<div class=\"elementor-column elementor-col-50 elementor-top-column elementor-element elementor-element-f98d185\" data-id=\"f98d185\" data-element_type=\"column\">\n\t\t\t<div class=\"elementor-widget-wrap elementor-element-populated\">\n\t\t\t\t\t\t<div class=\"elementor-element elementor-element-c504b76 elementor-widget elementor-widget-spacer\" data-id=\"c504b76\" data-element_type=\"widget\" data-widget_type=\"spacer.default\">\n\t\t\t\t<div class=\"elementor-widget-container\">\n\t\t\t\t\t<div class=\"elementor-spacer\">\n\t\t\t<div class=\"elementor-spacer-inner\"><\/div>\n\t\t<\/div>\n\t\t\t\t<\/div>\n\t\t\t\t<\/div>\n\t\t\t\t<div class=\"elementor-element elementor-element-0751f67 elementor-widget elementor-widget-heading\" data-id=\"0751f67\" data-element_type=\"widget\" data-widget_type=\"heading.default\">\n\t\t\t\t<div class=\"elementor-widget-container\">\n\t\t\t<h3 class=\"elementor-heading-title elementor-size-default\">\u00a1REGALE A SU GRUPO UNA EXPERIENCIA INOLVIDABLE!\n\n<\/h3>\t\t<\/div>\n\t\t\t\t<\/div>\n\t\t\t\t\t<\/div>\n\t\t<\/div>\n\t\t\t\t<div class=\"elementor-column elementor-col-50 elementor-top-column elementor-element elementor-element-baa04ef\" data-id=\"baa04ef\" data-element_type=\"column\">\n\t\t\t<div class=\"elementor-widget-wrap elementor-element-populated\">\n\t\t\t\t\t\t<div class=\"elementor-element elementor-element-813ad27 elementor-align-center elementor-widget elementor-widget-button\" data-id=\"813ad27\" data-element_type=\"widget\" data-widget_type=\"button.default\">\n\t\t\t\t<div class=\"elementor-widget-container\">\n\t\t\t\t\t<div class=\"elementor-button-wrapper\">\n\t\t\t<a class=\"elementor-button elementor-button-link elementor-size-md\" href=\"#\">\n\t\t\t\t\t\t<span class=\"elementor-button-content-wrapper\">\n\t\t\t\t\t\t\t\t\t<span class=\"elementor-button-text\">SOLICITE UNA COTIZACI\u00d3N<\/span>\n\t\t\t\t\t<\/span>\n\t\t\t\t\t<\/a>\n\t\t<\/div>\n\t\t\t\t<\/div>\n\t\t\t\t<\/div>\n\t\t\t\t<div class=\"elementor-element elementor-element-7402989 elementor-widget elementor-widget-spacer\" data-id=\"7402989\" data-element_type=\"widget\" data-widget_type=\"spacer.default\">\n\t\t\t\t<div class=\"elementor-widget-container\">\n\t\t\t\t\t<div class=\"elementor-spacer\">\n\t\t\t<div class=\"elementor-spacer-inner\"><\/div>\n\t\t<\/div>\n\t\t\t\t<\/div>\n\t\t\t\t<\/div>\n\t\t\t\t\t<\/div>\n\t\t<\/div>\n\t\t\t\t\t<\/div>\n\t\t<\/section>\n\t\t\t\t<\/div>\n\t\t","protected":false},"excerpt":{"rendered":"<p>LOS CABOS LA PLAYA M\u00c1S MEXICANA DMC EN LOS CABOS Este es uno de los destinos m\u00e1s bellos y exclusivos de M\u00e9xico, localizado en la Pen\u00ednsula de Baja California y su clima es caluroso durante la mayor parte del a\u00f1o. En invierno podr\u00e1 ser testigo de uno de los fen\u00f3menos naturales m\u00e1s bellos que ocurren [&hellip;]<\/p>\n","protected":false},"author":1,"featured_media":0,"parent":10674,"menu_order":0,"comment_status":"closed","ping_status":"closed","template":"full-width.php","meta":{"footnotes":""},"class_list":["post-8242","page","type-page","status-publish","hentry"],"_links":{"self":[{"href":"https:\/\/maritur.com\/es\/wp-json\/wp\/v2\/pages\/8242","targetHints":{"allow":["GET"]}}],"collection":[{"href":"https:\/\/maritur.com\/es\/wp-json\/wp\/v2\/pages"}],"about":[{"href":"https:\/\/maritur.com\/es\/wp-json\/wp\/v2\/types\/page"}],"author":[{"embeddable":true,"href":"https:\/\/maritur.com\/es\/wp-json\/wp\/v2\/users\/1"}],"replies":[{"embeddable":true,"href":"https:\/\/maritur.com\/es\/wp-json\/wp\/v2\/comments?post=8242"}],"version-history":[{"count":5,"href":"https:\/\/maritur.com\/es\/wp-json\/wp\/v2\/pages\/8242\/revisions"}],"predecessor-version":[{"id":10891,"href":"https:\/\/maritur.com\/es\/wp-json\/wp\/v2\/pages\/8242\/revisions\/10891"}],"up":[{"embeddable":true,"href":"https:\/\/maritur.com\/es\/wp-json\/wp\/v2\/pages\/10674"}],"wp:attachment":[{"href":"https:\/\/maritur.com\/es\/wp-json\/wp\/v2\/media?parent=8242"}],"curies":[{"name":"wp","href":"https:\/\/api.w.org\/{rel}","templated":true}]}}