{"id":8246,"date":"2020-04-14T18:24:59","date_gmt":"2020-04-14T18:24:59","guid":{"rendered":"https:\/\/maritur.com?page_id=8246"},"modified":"2020-08-26T19:04:11","modified_gmt":"2020-08-26T19:04:11","slug":"merida","status":"publish","type":"page","link":"https:\/\/maritur.com\/es\/destinos\/merida\/","title":{"rendered":"Destinos M\u00e9rida"},"content":{"rendered":"\t\t<div data-elementor-type=\"wp-page\" data-elementor-id=\"8246\" class=\"elementor elementor-8246\" data-elementor-post-type=\"page\">\n\t\t\t\t\t\t<section class=\"elementor-section elementor-top-section elementor-element elementor-element-81c79a1 elementor-section-stretched elementor-section-full_width elementor-section-height-min-height elementor-section-items-stretch elementor-section-content-middle elementor-section-height-default\" data-id=\"81c79a1\" data-element_type=\"section\" data-settings=\"{&quot;stretch_section&quot;:&quot;section-stretched&quot;,&quot;background_background&quot;:&quot;classic&quot;}\">\n\t\t\t\t\t\t<div class=\"elementor-container elementor-column-gap-no\">\n\t\t\t\t\t<div class=\"elementor-column elementor-col-100 elementor-top-column elementor-element elementor-element-218cbb2\" data-id=\"218cbb2\" data-element_type=\"column\" data-settings=\"{&quot;background_background&quot;:&quot;slideshow&quot;,&quot;background_slideshow_gallery&quot;:[{&quot;id&quot;:10460,&quot;url&quot;:&quot;http:\\\/\\\/maritur.com\\\/wp-content\\\/uploads\\\/2020\\\/07\\\/merida1.jpg&quot;},{&quot;id&quot;:10462,&quot;url&quot;:&quot;http:\\\/\\\/maritur.com\\\/wp-content\\\/uploads\\\/2020\\\/07\\\/merida2.jpg&quot;},{&quot;id&quot;:10464,&quot;url&quot;:&quot;http:\\\/\\\/maritur.com\\\/wp-content\\\/uploads\\\/2020\\\/07\\\/merida3.jpg&quot;}],&quot;background_slideshow_loop&quot;:&quot;yes&quot;,&quot;background_slideshow_slide_duration&quot;:5000,&quot;background_slideshow_slide_transition&quot;:&quot;fade&quot;,&quot;background_slideshow_transition_duration&quot;:500}\">\n\t\t\t<div class=\"elementor-widget-wrap elementor-element-populated\">\n\t\t\t\t\t\t<div class=\"elementor-element elementor-element-9438106 elementor-widget elementor-widget-heading\" data-id=\"9438106\" data-element_type=\"widget\" data-widget_type=\"heading.default\">\n\t\t\t\t<div class=\"elementor-widget-container\">\n\t\t\t<h1 class=\"elementor-heading-title elementor-size-default\">MERIDA<\/h1>\t\t<\/div>\n\t\t\t\t<\/div>\n\t\t\t\t\t<\/div>\n\t\t<\/div>\n\t\t\t\t\t<\/div>\n\t\t<\/section>\n\t\t\t\t<section class=\"elementor-section elementor-top-section elementor-element elementor-element-f75671f elementor-section-stretched elementor-section-full_width elementor-section-content-space-between elementor-section-height-default elementor-section-height-default\" data-id=\"f75671f\" data-element_type=\"section\" data-settings=\"{&quot;stretch_section&quot;:&quot;section-stretched&quot;}\">\n\t\t\t\t\t\t<div class=\"elementor-container elementor-column-gap-default\">\n\t\t\t\t\t<div class=\"elementor-column elementor-col-50 elementor-top-column elementor-element elementor-element-7603a71\" data-id=\"7603a71\" data-element_type=\"column\" data-settings=\"{&quot;background_background&quot;:&quot;classic&quot;}\">\n\t\t\t<div class=\"elementor-widget-wrap elementor-element-populated\">\n\t\t\t\t\t\t<div class=\"elementor-element elementor-element-37ffad6 elementor-widget elementor-widget-heading\" data-id=\"37ffad6\" data-element_type=\"widget\" data-widget_type=\"heading.default\">\n\t\t\t\t<div class=\"elementor-widget-container\">\n\t\t\t<h2 class=\"elementor-heading-title elementor-size-default\">LA CIUDAD BLANCA<\/h2>\t\t<\/div>\n\t\t\t\t<\/div>\n\t\t\t\t\t<\/div>\n\t\t<\/div>\n\t\t\t\t<div class=\"elementor-column elementor-col-50 elementor-top-column elementor-element elementor-element-7e56207\" data-id=\"7e56207\" data-element_type=\"column\">\n\t\t\t<div class=\"elementor-widget-wrap elementor-element-populated\">\n\t\t\t\t\t\t<div class=\"elementor-element elementor-element-6bc72a4 elementor-widget elementor-widget-spacer\" data-id=\"6bc72a4\" data-element_type=\"widget\" data-widget_type=\"spacer.default\">\n\t\t\t\t<div class=\"elementor-widget-container\">\n\t\t\t\t\t<div class=\"elementor-spacer\">\n\t\t\t<div class=\"elementor-spacer-inner\"><\/div>\n\t\t<\/div>\n\t\t\t\t<\/div>\n\t\t\t\t<\/div>\n\t\t\t\t<div class=\"elementor-element elementor-element-4d9a56b elementor-widget elementor-widget-heading\" data-id=\"4d9a56b\" data-element_type=\"widget\" data-widget_type=\"heading.default\">\n\t\t\t\t<div class=\"elementor-widget-container\">\n\t\t\t<h2 class=\"elementor-heading-title elementor-size-default\">DMC EN M\u00c9RIDA<\/h2>\t\t<\/div>\n\t\t\t\t<\/div>\n\t\t\t\t<div class=\"elementor-element elementor-element-ec1180e elementor-widget elementor-widget-text-editor\" data-id=\"ec1180e\" data-element_type=\"widget\" data-widget_type=\"text-editor.default\">\n\t\t\t\t<div class=\"elementor-widget-container\">\n\t\t\t\t\t\t\t<p><span style=\"color: #000000;\"><strong>Bien ubicada, cerca de todo y de todos, la ciudad blanca de M\u00e9rida es un destino de f\u00e1cil acceso por tierra, aire y mar. En esta regi\u00f3n floreci\u00f3 la cultura maya, como podemos observar en los sitios arqueol\u00f3gicos que han quedado como un legado para la humanidad. Varias ciudades prehisp\u00e1nicas fueron fundadas a lo largo del estado de Yucat\u00e1n.<\/strong><\/span><\/p><p><span style=\"color: #000000;\"><strong>M\u00e9rida cuenta con una ubicaci\u00f3n geogr\u00e1fica privilegiada en el Golfo de M\u00e9xico y frente a la costa sur de Estados Unidos, cuyas ciudades importantes, Florida y Texas se encuentran a solo 90 minutos en avi\u00f3n desde el aeropuerto de M\u00e9rida. Los yucatecos son gente amable y hospitalaria, con fuertes ra\u00edces y tradiciones. M\u00e9rida es el destino ideal para cualquier evento que requiera atracciones hist\u00f3ricas y culturales, as\u00ed como toda la comodidad y servicios de una gran ciudad.<\/strong><\/span><\/p>\t\t\t\t\t\t<\/div>\n\t\t\t\t<\/div>\n\t\t\t\t<div class=\"elementor-element elementor-element-b37eb52 elementor-widget elementor-widget-spacer\" data-id=\"b37eb52\" data-element_type=\"widget\" data-widget_type=\"spacer.default\">\n\t\t\t\t<div class=\"elementor-widget-container\">\n\t\t\t\t\t<div class=\"elementor-spacer\">\n\t\t\t<div class=\"elementor-spacer-inner\"><\/div>\n\t\t<\/div>\n\t\t\t\t<\/div>\n\t\t\t\t<\/div>\n\t\t\t\t\t<\/div>\n\t\t<\/div>\n\t\t\t\t\t<\/div>\n\t\t<\/section>\n\t\t\t\t<section class=\"elementor-section elementor-top-section elementor-element elementor-element-bd13181 elementor-section-full_width elementor-section-height-default elementor-section-height-default\" data-id=\"bd13181\" data-element_type=\"section\">\n\t\t\t\t\t\t<div class=\"elementor-container elementor-column-gap-no\">\n\t\t\t\t\t<div class=\"elementor-column elementor-col-100 elementor-top-column elementor-element elementor-element-7b51cf2\" data-id=\"7b51cf2\" data-element_type=\"column\">\n\t\t\t<div class=\"elementor-widget-wrap elementor-element-populated\">\n\t\t\t\t\t\t<div class=\"elementor-element elementor-element-2beed5d elementor-widget elementor-widget-shortcode\" data-id=\"2beed5d\" data-element_type=\"widget\" data-widget_type=\"shortcode.default\">\n\t\t\t\t<div class=\"elementor-widget-container\">\n\t\t\t\t\t<div class=\"elementor-shortcode\"><section class=\"backg-black to-white\">\n            <div class=\"container_neo\">\n                <div class=\"col-xs-12 toogle-contents\">\n                    <div class=\"flex-parent\">\n                        <div class=\"flex-child\">\n                            <img decoding=\"async\" id=\"a1\" class=\"destination-icon trigger-lines active toogle\" data-toogle=\"atractives\" src=\"\/wp-content\/uploads\/2020\/04\/Icono.png\">\n                            <div class=\"lines-pack right vertical\"> <hr> <hr> <hr> <\/div>\n                            <span class=\"destination-title\">ATRACCIONES<\/span>\n                        <\/div>\n\n                        <div class=\"flex-child\">\n                            <img decoding=\"async\" id=\"a2\" class=\"destination-icon trigger-lines toogle\" data-toogle=\"rooms\" src=\"\/wp-content\/uploads\/2020\/04\/rooms-1.png\">\n                            <div class=\"lines-pack right vertical\"> <hr> <hr> <hr> <\/div>\n                            <span class=\"destination-title\">HOTELES RECOMENDADOS<\/span>\n                        <\/div>\n\n                        <div class=\"flex-child\">\n                            <img decoding=\"async\" id=\"a3\" class=\"destination-icon trigger-lines toogle\" data-toogle=\"tours\" src=\"\/wp-content\/uploads\/2020\/04\/tours-1.png\">\n                            <div class=\"lines-pack right vertical\"> <hr> <hr> <hr> <\/div>\n                            <span class=\"destination-title\">Tours<\/span>\n                        <\/div>\n\n                        <div class=\"flex-child\">\n                            <img decoding=\"async\" id=\"a4\" class=\"destination-icon trigger-lines toogle\" data-toogle=\"culture\" src=\"\/wp-content\/uploads\/2020\/04\/culture-1.png\">\n                            <div class=\"lines-pack right vertical\"> <hr> <hr> <hr> <\/div>\n                            <span class=\"destination-title\">CULTURA<\/span>\n                        <\/div>\n\n                        <div id=\"a5\" class=\"flex-child\">\n                            <img decoding=\"async\" class=\"destination-icon trigger-lines toogle\" data-toogle=\"enclosure\" src=\"\/wp-content\/uploads\/2020\/04\/enclosures-1.png\">\n                            <div class=\"lines-pack right vertical\"> <hr> <hr> <hr> <\/div>\n                            <span class=\"destination-title\">SEDES<\/span>\n                        <\/div>\n\n                    <\/div>\n                <\/div>\n            <\/div>\n        <\/section>\n    \n        <div class=\"container\">\n\t<div class=\"col-xs-12 mt-20 mb-20 mt-40 mt-80 mb-80\">\n\t\t<div class=\"toogle-content atractives\" style=\"display:block;\"> <p>Chich\u00e9n Itz\u00e1, Uxmal, Dzibilchalt\u00fan, Ek Balam, la Ruta Puuc, Labn\u00e1 y Xcamb\u00f3.<br>\n<br>\nTulum, Cob\u00e1 y Muyil, en Quintana Roo.<\/p>\n <\/div>\n\t\t<div class=\"toogle-content rooms\"> <p>BOUTIQUE HOTELS:<br>\n<br>\n1. Casa Lecanda Boutique Hotel<br>\n2. Rosas &amp; Xocolate<br>\n3. Casa Azul<br>\n4. Mansi\u00f3n M\u00e9rida<br>\n<br>\nHACIENDAS:<br>\n<br>\n1. Hacienda Xcanat\u00fan<br>\n2. Hacienda Misne<br>\n<br>\nHOTELS GRAN TURISMO Y 5*<br>\n<br>\n1. Fiesta Americana<br>\n2. Hyatt Regency<br>\n3. Presidente Intercontinental<\/p>\n <\/div>\n\t\t<div class=\"toogle-content tours\"> <p>Shopping Tour<br>\nTour por el centro de la ciudad<br>\nSitios Arqueol\u00f3gicos<br>\nRuta Puuc<br>\nCanc\u00fan<br>\nCiudades coloniales<\/p>\n <\/div>\n\t\t<div class=\"toogle-content culture\"> <p>Show de Luz y Sonido de Izamal<\/p>\n\n<p>Bici-Ruta- Paseo Montejo- &nbsp;Zool\u00f3gico&nbsp;Animaya&nbsp;<\/p>\n\n<p>Festival Slow Food Yucatan<\/p>\n\n<p>Show de Luz y Sonido de Chichen Itza.<\/p>\n\n<p>Ruta de Las Haciendas :&nbsp;Chuncac\u00e1n, Ednak\u00e1n, Tepich de Carrillo<\/p>\n\n<p>Ruta de los Cenotes: &nbsp;Chelemt\u00fan, Bolonchojol Xkeken and &nbsp;Xlacah.<\/p>\n <\/div>\n\t\t<div class=\"toogle-content enclosure\"> <p>Quinta Montes Molina<\/p>\n\n<p>Hacienda&nbsp;Tekik del Regil<\/p>\n <\/div>\n\t<\/div>\n<\/div><\/div>\n\t\t\t\t<\/div>\n\t\t\t\t<\/div>\n\t\t\t\t\t<\/div>\n\t\t<\/div>\n\t\t\t\t\t<\/div>\n\t\t<\/section>\n\t\t\t\t<section class=\"elementor-section elementor-top-section elementor-element elementor-element-0e9fed4 elementor-section-stretched elementor-section-full_width elementor-section-height-default elementor-section-height-default\" data-id=\"0e9fed4\" data-element_type=\"section\" data-settings=\"{&quot;stretch_section&quot;:&quot;section-stretched&quot;,&quot;background_background&quot;:&quot;classic&quot;}\">\n\t\t\t\t\t\t<div class=\"elementor-container elementor-column-gap-default\">\n\t\t\t\t\t<div class=\"elementor-column elementor-col-100 elementor-top-column elementor-element elementor-element-4521c1b\" data-id=\"4521c1b\" data-element_type=\"column\">\n\t\t\t<div class=\"elementor-widget-wrap elementor-element-populated\">\n\t\t\t\t\t\t<div class=\"elementor-element elementor-element-05f8873 elementor-widget elementor-widget-spacer\" data-id=\"05f8873\" data-element_type=\"widget\" data-widget_type=\"spacer.default\">\n\t\t\t\t<div class=\"elementor-widget-container\">\n\t\t\t\t\t<div class=\"elementor-spacer\">\n\t\t\t<div class=\"elementor-spacer-inner\"><\/div>\n\t\t<\/div>\n\t\t\t\t<\/div>\n\t\t\t\t<\/div>\n\t\t\t\t\t<\/div>\n\t\t<\/div>\n\t\t\t\t\t<\/div>\n\t\t<\/section>\n\t\t\t\t<section class=\"elementor-section elementor-top-section elementor-element elementor-element-cef690f elementor-section-stretched elementor-hidden-phone elementor-section-boxed elementor-section-height-default elementor-section-height-default\" data-id=\"cef690f\" data-element_type=\"section\" data-settings=\"{&quot;stretch_section&quot;:&quot;section-stretched&quot;}\">\n\t\t\t\t\t\t<div class=\"elementor-container elementor-column-gap-no\">\n\t\t\t\t\t<div class=\"elementor-column elementor-col-50 elementor-top-column elementor-element elementor-element-ac1590a\" data-id=\"ac1590a\" data-element_type=\"column\">\n\t\t\t<div class=\"elementor-widget-wrap elementor-element-populated\">\n\t\t\t\t\t\t<div class=\"elementor-element elementor-element-ab13d78 elementor-align-left elementor-widget elementor-widget-button\" data-id=\"ab13d78\" data-element_type=\"widget\" data-widget_type=\"button.default\">\n\t\t\t\t<div class=\"elementor-widget-container\">\n\t\t\t\t\t<div class=\"elementor-button-wrapper\">\n\t\t\t<a class=\"elementor-button elementor-button-link elementor-size-xl\" href=\"https:\/\/www.maritur.com\/\">\n\t\t\t\t\t\t<span class=\"elementor-button-content-wrapper\">\n\t\t\t\t\t\t\t\t\t<span class=\"elementor-button-text\">VOLVER A <span style=\"color:#ff0000\">INICIO<\/span><\/span>\n\t\t\t\t\t<\/span>\n\t\t\t\t\t<\/a>\n\t\t<\/div>\n\t\t\t\t<\/div>\n\t\t\t\t<\/div>\n\t\t\t\t\t<\/div>\n\t\t<\/div>\n\t\t\t\t<div class=\"elementor-column elementor-col-50 elementor-top-column elementor-element elementor-element-4a77257\" data-id=\"4a77257\" data-element_type=\"column\">\n\t\t\t<div class=\"elementor-widget-wrap elementor-element-populated\">\n\t\t\t\t\t\t<div class=\"elementor-element elementor-element-ae33223 elementor-align-left elementor-widget elementor-widget-button\" data-id=\"ae33223\" data-element_type=\"widget\" data-widget_type=\"button.default\">\n\t\t\t\t<div class=\"elementor-widget-container\">\n\t\t\t\t\t<div class=\"elementor-button-wrapper\">\n\t\t\t<a class=\"elementor-button elementor-button-link elementor-size-xl\" href=\"https:\/\/www.maritur.com\/destinos\/cd-de-mexico\/\">\n\t\t\t\t\t\t<span class=\"elementor-button-content-wrapper\">\n\t\t\t\t\t\t\t\t\t<span class=\"elementor-button-text\">SIGUIENTE <span style=\"color:#ff0000\">DESTINO<\/span><\/span>\n\t\t\t\t\t<\/span>\n\t\t\t\t\t<\/a>\n\t\t<\/div>\n\t\t\t\t<\/div>\n\t\t\t\t<\/div>\n\t\t\t\t\t<\/div>\n\t\t<\/div>\n\t\t\t\t\t<\/div>\n\t\t<\/section>\n\t\t\t\t<section class=\"elementor-section elementor-top-section elementor-element elementor-element-8bc771e elementor-section-stretched elementor-hidden-phone elementor-section-full_width elementor-section-height-default elementor-section-height-default\" data-id=\"8bc771e\" data-element_type=\"section\" data-settings=\"{&quot;stretch_section&quot;:&quot;section-stretched&quot;,&quot;background_background&quot;:&quot;classic&quot;}\">\n\t\t\t\t\t\t<div class=\"elementor-container elementor-column-gap-no\">\n\t\t\t\t\t<div class=\"elementor-column elementor-col-50 elementor-top-column elementor-element elementor-element-41deebc\" data-id=\"41deebc\" data-element_type=\"column\" data-settings=\"{&quot;background_background&quot;:&quot;classic&quot;}\">\n\t\t\t<div class=\"elementor-widget-wrap elementor-element-populated\">\n\t\t\t\t\t\t<div class=\"elementor-element elementor-element-cc98f00 elementor-widget elementor-widget-heading\" data-id=\"cc98f00\" data-element_type=\"widget\" data-widget_type=\"heading.default\">\n\t\t\t\t<div class=\"elementor-widget-container\">\n\t\t\t<h3 class=\"elementor-heading-title elementor-size-default\">\u00a1REGALE A SU GRUPO UNA EXPERIENCIA INOLVIDABLE!\n\n<\/h3>\t\t<\/div>\n\t\t\t\t<\/div>\n\t\t\t\t\t<\/div>\n\t\t<\/div>\n\t\t\t\t<div class=\"elementor-column elementor-col-50 elementor-top-column elementor-element elementor-element-6914e5c\" data-id=\"6914e5c\" data-element_type=\"column\" data-settings=\"{&quot;background_background&quot;:&quot;classic&quot;}\">\n\t\t\t<div class=\"elementor-widget-wrap elementor-element-populated\">\n\t\t\t\t\t\t<div class=\"elementor-element elementor-element-9da56a7 elementor-align-center elementor-widget elementor-widget-button\" data-id=\"9da56a7\" data-element_type=\"widget\" data-widget_type=\"button.default\">\n\t\t\t\t<div class=\"elementor-widget-container\">\n\t\t\t\t\t<div class=\"elementor-button-wrapper\">\n\t\t\t<a class=\"elementor-button elementor-button-link elementor-size-md\" href=\"#\">\n\t\t\t\t\t\t<span class=\"elementor-button-content-wrapper\">\n\t\t\t\t\t\t\t\t\t<span class=\"elementor-button-text\">SOLICITE UNA COTIZACI\u00d3N<\/span>\n\t\t\t\t\t<\/span>\n\t\t\t\t\t<\/a>\n\t\t<\/div>\n\t\t\t\t<\/div>\n\t\t\t\t<\/div>\n\t\t\t\t\t<\/div>\n\t\t<\/div>\n\t\t\t\t\t<\/div>\n\t\t<\/section>\n\t\t\t\t<section class=\"elementor-section elementor-top-section elementor-element elementor-element-ff5f4df elementor-section-stretched elementor-hidden-desktop elementor-hidden-tablet elementor-section-boxed elementor-section-height-default elementor-section-height-default\" data-id=\"ff5f4df\" data-element_type=\"section\" data-settings=\"{&quot;stretch_section&quot;:&quot;section-stretched&quot;,&quot;background_background&quot;:&quot;classic&quot;}\">\n\t\t\t\t\t\t<div class=\"elementor-container elementor-column-gap-default\">\n\t\t\t\t\t<div class=\"elementor-column elementor-col-50 elementor-top-column elementor-element elementor-element-1d6b877\" data-id=\"1d6b877\" data-element_type=\"column\">\n\t\t\t<div class=\"elementor-widget-wrap elementor-element-populated\">\n\t\t\t\t\t\t<div class=\"elementor-element elementor-element-8aaa58d elementor-widget elementor-widget-spacer\" data-id=\"8aaa58d\" data-element_type=\"widget\" data-widget_type=\"spacer.default\">\n\t\t\t\t<div class=\"elementor-widget-container\">\n\t\t\t\t\t<div class=\"elementor-spacer\">\n\t\t\t<div class=\"elementor-spacer-inner\"><\/div>\n\t\t<\/div>\n\t\t\t\t<\/div>\n\t\t\t\t<\/div>\n\t\t\t\t<div class=\"elementor-element elementor-element-51492d8 elementor-widget elementor-widget-heading\" data-id=\"51492d8\" data-element_type=\"widget\" data-widget_type=\"heading.default\">\n\t\t\t\t<div class=\"elementor-widget-container\">\n\t\t\t<h3 class=\"elementor-heading-title elementor-size-default\">\u00a1REGALE A SU GRUPO UNA EXPERIENCIA INOLVIDABLE!\n\n<\/h3>\t\t<\/div>\n\t\t\t\t<\/div>\n\t\t\t\t\t<\/div>\n\t\t<\/div>\n\t\t\t\t<div class=\"elementor-column elementor-col-50 elementor-top-column elementor-element elementor-element-359089d\" data-id=\"359089d\" data-element_type=\"column\">\n\t\t\t<div class=\"elementor-widget-wrap elementor-element-populated\">\n\t\t\t\t\t\t<div class=\"elementor-element elementor-element-adde239 elementor-align-center elementor-widget elementor-widget-button\" data-id=\"adde239\" data-element_type=\"widget\" data-widget_type=\"button.default\">\n\t\t\t\t<div class=\"elementor-widget-container\">\n\t\t\t\t\t<div class=\"elementor-button-wrapper\">\n\t\t\t<a class=\"elementor-button elementor-button-link elementor-size-md\" href=\"#\">\n\t\t\t\t\t\t<span class=\"elementor-button-content-wrapper\">\n\t\t\t\t\t\t\t\t\t<span class=\"elementor-button-text\">SOLICITE UNA COTIZACI\u00d3N<\/span>\n\t\t\t\t\t<\/span>\n\t\t\t\t\t<\/a>\n\t\t<\/div>\n\t\t\t\t<\/div>\n\t\t\t\t<\/div>\n\t\t\t\t<div class=\"elementor-element elementor-element-be25964 elementor-widget elementor-widget-spacer\" data-id=\"be25964\" data-element_type=\"widget\" data-widget_type=\"spacer.default\">\n\t\t\t\t<div class=\"elementor-widget-container\">\n\t\t\t\t\t<div class=\"elementor-spacer\">\n\t\t\t<div class=\"elementor-spacer-inner\"><\/div>\n\t\t<\/div>\n\t\t\t\t<\/div>\n\t\t\t\t<\/div>\n\t\t\t\t\t<\/div>\n\t\t<\/div>\n\t\t\t\t\t<\/div>\n\t\t<\/section>\n\t\t\t\t<\/div>\n\t\t","protected":false},"excerpt":{"rendered":"<p>MERIDA LA CIUDAD BLANCA DMC EN M\u00c9RIDA Bien ubicada, cerca de todo y de todos, la ciudad blanca de M\u00e9rida es un destino de f\u00e1cil acceso por tierra, aire y mar. En esta regi\u00f3n floreci\u00f3 la cultura maya, como podemos observar en los sitios arqueol\u00f3gicos que han quedado como un legado para la humanidad. Varias [&hellip;]<\/p>\n","protected":false},"author":1,"featured_media":0,"parent":10674,"menu_order":0,"comment_status":"closed","ping_status":"closed","template":"full-width.php","meta":{"footnotes":""},"class_list":["post-8246","page","type-page","status-publish","hentry"],"_links":{"self":[{"href":"https:\/\/maritur.com\/es\/wp-json\/wp\/v2\/pages\/8246","targetHints":{"allow":["GET"]}}],"collection":[{"href":"https:\/\/maritur.com\/es\/wp-json\/wp\/v2\/pages"}],"about":[{"href":"https:\/\/maritur.com\/es\/wp-json\/wp\/v2\/types\/page"}],"author":[{"embeddable":true,"href":"https:\/\/maritur.com\/es\/wp-json\/wp\/v2\/users\/1"}],"replies":[{"embeddable":true,"href":"https:\/\/maritur.com\/es\/wp-json\/wp\/v2\/comments?post=8246"}],"version-history":[{"count":5,"href":"https:\/\/maritur.com\/es\/wp-json\/wp\/v2\/pages\/8246\/revisions"}],"predecessor-version":[{"id":10892,"href":"https:\/\/maritur.com\/es\/wp-json\/wp\/v2\/pages\/8246\/revisions\/10892"}],"up":[{"embeddable":true,"href":"https:\/\/maritur.com\/es\/wp-json\/wp\/v2\/pages\/10674"}],"wp:attachment":[{"href":"https:\/\/maritur.com\/es\/wp-json\/wp\/v2\/media?parent=8246"}],"curies":[{"name":"wp","href":"https:\/\/api.w.org\/{rel}","templated":true}]}}