{"id":8252,"date":"2020-04-14T18:50:36","date_gmt":"2020-04-14T18:50:36","guid":{"rendered":"https:\/\/maritur.com?page_id=8252"},"modified":"2020-08-26T19:04:32","modified_gmt":"2020-08-26T19:04:32","slug":"monterrey","status":"publish","type":"page","link":"https:\/\/maritur.com\/es\/destinos\/monterrey\/","title":{"rendered":"Destinos Monterrey"},"content":{"rendered":"\t\t<div data-elementor-type=\"wp-page\" data-elementor-id=\"8252\" class=\"elementor elementor-8252\" data-elementor-post-type=\"page\">\n\t\t\t\t\t\t<section class=\"elementor-section elementor-top-section elementor-element elementor-element-4a07091 elementor-section-stretched elementor-section-full_width elementor-section-height-min-height elementor-section-items-stretch elementor-section-content-middle elementor-section-height-default\" data-id=\"4a07091\" data-element_type=\"section\" data-settings=\"{&quot;stretch_section&quot;:&quot;section-stretched&quot;,&quot;background_background&quot;:&quot;classic&quot;}\">\n\t\t\t\t\t\t<div class=\"elementor-container elementor-column-gap-no\">\n\t\t\t\t\t<div class=\"elementor-column elementor-col-100 elementor-top-column elementor-element elementor-element-75b0d67\" data-id=\"75b0d67\" data-element_type=\"column\" data-settings=\"{&quot;background_background&quot;:&quot;slideshow&quot;,&quot;background_slideshow_gallery&quot;:[{&quot;id&quot;:10478,&quot;url&quot;:&quot;http:\\\/\\\/maritur.com\\\/wp-content\\\/uploads\\\/2020\\\/07\\\/monterrey3.jpg&quot;},{&quot;id&quot;:10476,&quot;url&quot;:&quot;http:\\\/\\\/maritur.com\\\/wp-content\\\/uploads\\\/2020\\\/07\\\/monterrey2.jpg&quot;},{&quot;id&quot;:10474,&quot;url&quot;:&quot;http:\\\/\\\/maritur.com\\\/wp-content\\\/uploads\\\/2020\\\/07\\\/monterrey1.jpg&quot;}],&quot;background_slideshow_loop&quot;:&quot;yes&quot;,&quot;background_slideshow_slide_duration&quot;:5000,&quot;background_slideshow_slide_transition&quot;:&quot;fade&quot;,&quot;background_slideshow_transition_duration&quot;:500}\">\n\t\t\t<div class=\"elementor-widget-wrap elementor-element-populated\">\n\t\t\t\t\t\t<div class=\"elementor-element elementor-element-7f75c08 elementor-widget elementor-widget-heading\" data-id=\"7f75c08\" data-element_type=\"widget\" data-widget_type=\"heading.default\">\n\t\t\t\t<div class=\"elementor-widget-container\">\n\t\t\t<h1 class=\"elementor-heading-title elementor-size-default\">MONTERREY<\/h1>\t\t<\/div>\n\t\t\t\t<\/div>\n\t\t\t\t\t<\/div>\n\t\t<\/div>\n\t\t\t\t\t<\/div>\n\t\t<\/section>\n\t\t\t\t<section class=\"elementor-section elementor-top-section elementor-element elementor-element-333c9e3 elementor-section-stretched elementor-section-full_width elementor-section-content-space-between elementor-section-height-default elementor-section-height-default\" data-id=\"333c9e3\" data-element_type=\"section\" data-settings=\"{&quot;stretch_section&quot;:&quot;section-stretched&quot;}\">\n\t\t\t\t\t\t<div class=\"elementor-container elementor-column-gap-default\">\n\t\t\t\t\t<div class=\"elementor-column elementor-col-50 elementor-top-column elementor-element elementor-element-943ef83\" data-id=\"943ef83\" data-element_type=\"column\" data-settings=\"{&quot;background_background&quot;:&quot;classic&quot;}\">\n\t\t\t<div class=\"elementor-widget-wrap elementor-element-populated\">\n\t\t\t\t\t\t<div class=\"elementor-element elementor-element-651b538 elementor-widget elementor-widget-heading\" data-id=\"651b538\" data-element_type=\"widget\" data-widget_type=\"heading.default\">\n\t\t\t\t<div class=\"elementor-widget-container\">\n\t\t\t<h2 class=\"elementor-heading-title elementor-size-default\">LA SULTANA DEL NORTE<\/h2>\t\t<\/div>\n\t\t\t\t<\/div>\n\t\t\t\t\t<\/div>\n\t\t<\/div>\n\t\t\t\t<div class=\"elementor-column elementor-col-50 elementor-top-column elementor-element elementor-element-f348aa0\" data-id=\"f348aa0\" data-element_type=\"column\">\n\t\t\t<div class=\"elementor-widget-wrap elementor-element-populated\">\n\t\t\t\t\t\t<div class=\"elementor-element elementor-element-484d5db elementor-widget elementor-widget-spacer\" data-id=\"484d5db\" data-element_type=\"widget\" data-widget_type=\"spacer.default\">\n\t\t\t\t<div class=\"elementor-widget-container\">\n\t\t\t\t\t<div class=\"elementor-spacer\">\n\t\t\t<div class=\"elementor-spacer-inner\"><\/div>\n\t\t<\/div>\n\t\t\t\t<\/div>\n\t\t\t\t<\/div>\n\t\t\t\t<div class=\"elementor-element elementor-element-7b959d8 elementor-widget elementor-widget-heading\" data-id=\"7b959d8\" data-element_type=\"widget\" data-widget_type=\"heading.default\">\n\t\t\t\t<div class=\"elementor-widget-container\">\n\t\t\t<h2 class=\"elementor-heading-title elementor-size-default\">DMC IN MONTERREY<\/h2>\t\t<\/div>\n\t\t\t\t<\/div>\n\t\t\t\t<div class=\"elementor-element elementor-element-a8d0a63 elementor-widget elementor-widget-text-editor\" data-id=\"a8d0a63\" data-element_type=\"widget\" data-widget_type=\"text-editor.default\">\n\t\t\t\t<div class=\"elementor-widget-container\">\n\t\t\t\t\t\t\t<p><strong><span style=\"color: #000000;\">Los oriundos consideran a su ciudad como una capital de desarrollo e innovaci\u00f3n; una ciudad pr\u00f3spera que se comprueba en su pujante econom\u00eda.<\/span><\/strong><\/p><p><strong><span style=\"color: #000000;\">Ubicada en el noreste de M\u00e9xico, la historia de Monterrey se remonta a su fundaci\u00f3n en 1596, cuando Diego de Montemayor se asent\u00f3 junto con doce familias. Esta historia se encuentra plasmada en un mural de cierto edificio de oficinas, ubicado en el centro de la ciudad, junto a la Macroplaza. La peculiaridad de este mural es la amalgama de soldados espa\u00f1oles conquistadores, enseguida de una moderna metr\u00f3polis de rascacielos y f\u00e1bricas. Sin embargo, esto capta el esp\u00edritu de Monterrey: una ciudad que no es tanto producto de su pasado, como de su futuro.<\/span><\/strong><\/p><p><strong><span style=\"color: #000000;\">Los visitantes encuentran interesantes sitios y actividades en esta inigualable ciudad: un paseo por lancha en el canal conectando la Macroplaza al Parque Fundidora a trav\u00e9s de un r\u00edo de 2.5 kil\u00f3metros. Otra opci\u00f3n es recorrer el camino de Santa Luc\u00eda, un agradable andador salpicado de fuentes y jardines con el imponente Cerro de la Silla como escenario.<\/span><\/strong><\/p>\t\t\t\t\t\t<\/div>\n\t\t\t\t<\/div>\n\t\t\t\t<div class=\"elementor-element elementor-element-3f31b3f elementor-widget elementor-widget-spacer\" data-id=\"3f31b3f\" data-element_type=\"widget\" data-widget_type=\"spacer.default\">\n\t\t\t\t<div class=\"elementor-widget-container\">\n\t\t\t\t\t<div class=\"elementor-spacer\">\n\t\t\t<div class=\"elementor-spacer-inner\"><\/div>\n\t\t<\/div>\n\t\t\t\t<\/div>\n\t\t\t\t<\/div>\n\t\t\t\t\t<\/div>\n\t\t<\/div>\n\t\t\t\t\t<\/div>\n\t\t<\/section>\n\t\t\t\t<section class=\"elementor-section elementor-top-section elementor-element elementor-element-1f1d947 elementor-section-full_width elementor-section-height-default elementor-section-height-default\" data-id=\"1f1d947\" data-element_type=\"section\">\n\t\t\t\t\t\t<div class=\"elementor-container elementor-column-gap-no\">\n\t\t\t\t\t<div class=\"elementor-column elementor-col-100 elementor-top-column elementor-element elementor-element-0a64f46\" data-id=\"0a64f46\" data-element_type=\"column\">\n\t\t\t<div class=\"elementor-widget-wrap elementor-element-populated\">\n\t\t\t\t\t\t<div class=\"elementor-element elementor-element-bd3ce75 elementor-widget elementor-widget-shortcode\" data-id=\"bd3ce75\" data-element_type=\"widget\" data-widget_type=\"shortcode.default\">\n\t\t\t\t<div class=\"elementor-widget-container\">\n\t\t\t\t\t<div class=\"elementor-shortcode\"><section class=\"backg-black to-white\">\n            <div class=\"container_neo\">\n                <div class=\"col-xs-12 toogle-contents\">\n                    <div class=\"flex-parent\">\n                        <div class=\"flex-child\">\n                            <img decoding=\"async\" id=\"a1\" class=\"destination-icon trigger-lines active toogle\" data-toogle=\"atractives\" src=\"\/wp-content\/uploads\/2020\/04\/Icono.png\">\n                            <div class=\"lines-pack right vertical\"> <hr> <hr> <hr> <\/div>\n                            <span class=\"destination-title\">ATRACCIONES<\/span>\n                        <\/div>\n\n                        <div class=\"flex-child\">\n                            <img decoding=\"async\" id=\"a2\" class=\"destination-icon trigger-lines toogle\" data-toogle=\"rooms\" src=\"\/wp-content\/uploads\/2020\/04\/rooms-1.png\">\n                            <div class=\"lines-pack right vertical\"> <hr> <hr> <hr> <\/div>\n                            <span class=\"destination-title\">HOTELES RECOMENDADOS<\/span>\n                        <\/div>\n\n                        <div class=\"flex-child\">\n                            <img decoding=\"async\" id=\"a3\" class=\"destination-icon trigger-lines toogle\" data-toogle=\"tours\" src=\"\/wp-content\/uploads\/2020\/04\/tours-1.png\">\n                            <div class=\"lines-pack right vertical\"> <hr> <hr> <hr> <\/div>\n                            <span class=\"destination-title\">Tours<\/span>\n                        <\/div>\n\n                        <div class=\"flex-child\">\n                            <img decoding=\"async\" id=\"a4\" class=\"destination-icon trigger-lines toogle\" data-toogle=\"culture\" src=\"\/wp-content\/uploads\/2020\/04\/culture-1.png\">\n                            <div class=\"lines-pack right vertical\"> <hr> <hr> <hr> <\/div>\n                            <span class=\"destination-title\">CULTURA<\/span>\n                        <\/div>\n\n                        <div id=\"a5\" class=\"flex-child\">\n                            <img decoding=\"async\" class=\"destination-icon trigger-lines toogle\" data-toogle=\"enclosure\" src=\"\/wp-content\/uploads\/2020\/04\/enclosures-1.png\">\n                            <div class=\"lines-pack right vertical\"> <hr> <hr> <hr> <\/div>\n                            <span class=\"destination-title\">SEDES<\/span>\n                        <\/div>\n\n                    <\/div>\n                <\/div>\n            <\/div>\n        <\/section>\n    \n        <div class=\"container\">\n\t<div class=\"col-xs-12 mt-20 mb-20 mt-40 mt-80 mb-80\">\n\t\t<div class=\"toogle-content atractives\" style=\"display:block;\"> <p>Isla Marietas<\/p>\n\n<p>Los Arcos, Animas<\/p>\n\n<p>San Sebastian del Oeste<\/p>\n <\/div>\n\t\t<div class=\"toogle-content rooms\"> <p>Hilton Puerto Vallarta<\/p>\n\n<p>Fiesta Americana Grand<\/p>\n\n<p>Casa Magna Marriot Puerto Vallarta Resort &amp; Spa<\/p>\n\n<p>The Westin Resort &amp; Spa Puerto Vallarta<\/p>\n\n<p>Velas Vallarta Suite Resort&nbsp;<\/p>\n\n<p>Melia Puerto Vallarta<\/p>\n\n<p>Fiesta Americana Puerto Vallarta<\/p>\n\n<p>Secrets Vallarta Bay<\/p>\n\n<p>Now Amber Puerto Vallarta<\/p>\n\n<p>Grand Velas Vallarta<\/p>\n\n<p>Hard Rock Puerto Vallarta<\/p>\n <\/div>\n\t\t<div class=\"toogle-content tours\"> <p>Ritmos de La Noche<\/p>\n\n<p>Caletas<\/p>\n\n<p>Islas Marietas<\/p>\n\n<p>Piratas de la Bahia<\/p>\n\n<p>Canopy River Tour<\/p>\n\n<p>Tours de cuatrimotos<\/p>\n\n<p>River Expedition<\/p>\n\n<p>Veleo al atardecer<\/p>\n\n<p>Tour de Pesca<\/p>\n\n<p>Flyboard<\/p>\n\n<p>Los Arcos, Animas y Quimixto<\/p>\n\n<p>San Sebastian del Oeste<\/p>\n\n<p>Dune Buggy- Areneros<\/p>\n\n<p>Nado con delfines<\/p>\n\n<p>Observaci\u00f3n de Ballenas<\/p>\n\n<p>Yelapa Majahuitas<\/p>\n\n<p>Paseo a Caballo<\/p>\n\n<p>Tour por la ciudad<\/p>\n\n<p>Outdoor Adventure<\/p>\n <\/div>\n\t\t<div class=\"toogle-content culture\"> <p>Festival de Arte Vallarta<\/p>\n\n<p>Old Towns Farmer Market Tianguis Cultural<\/p>\n\n<p>Festival Internacional de Cocina<\/p>\n\n<p>&nbsp;<\/p>\n <\/div>\n\t\t<div class=\"toogle-content enclosure\"> <p>Ritmos de la Noche<\/p>\n\n<p>Malec\u00f3n Principal<\/p>\n <\/div>\n\t<\/div>\n<\/div><\/div>\n\t\t\t\t<\/div>\n\t\t\t\t<\/div>\n\t\t\t\t\t<\/div>\n\t\t<\/div>\n\t\t\t\t\t<\/div>\n\t\t<\/section>\n\t\t\t\t<section class=\"elementor-section elementor-top-section elementor-element elementor-element-0e9fed4 elementor-section-stretched elementor-section-full_width elementor-section-height-default elementor-section-height-default\" data-id=\"0e9fed4\" data-element_type=\"section\" data-settings=\"{&quot;stretch_section&quot;:&quot;section-stretched&quot;,&quot;background_background&quot;:&quot;classic&quot;}\">\n\t\t\t\t\t\t<div class=\"elementor-container elementor-column-gap-default\">\n\t\t\t\t\t<div class=\"elementor-column elementor-col-100 elementor-top-column elementor-element elementor-element-4521c1b\" data-id=\"4521c1b\" data-element_type=\"column\">\n\t\t\t<div class=\"elementor-widget-wrap elementor-element-populated\">\n\t\t\t\t\t\t<div class=\"elementor-element elementor-element-05f8873 elementor-widget elementor-widget-spacer\" data-id=\"05f8873\" data-element_type=\"widget\" data-widget_type=\"spacer.default\">\n\t\t\t\t<div class=\"elementor-widget-container\">\n\t\t\t\t\t<div class=\"elementor-spacer\">\n\t\t\t<div class=\"elementor-spacer-inner\"><\/div>\n\t\t<\/div>\n\t\t\t\t<\/div>\n\t\t\t\t<\/div>\n\t\t\t\t\t<\/div>\n\t\t<\/div>\n\t\t\t\t\t<\/div>\n\t\t<\/section>\n\t\t\t\t<section class=\"elementor-section elementor-top-section elementor-element elementor-element-a880305 elementor-section-stretched elementor-hidden-phone elementor-section-boxed elementor-section-height-default elementor-section-height-default\" data-id=\"a880305\" data-element_type=\"section\" data-settings=\"{&quot;stretch_section&quot;:&quot;section-stretched&quot;}\">\n\t\t\t\t\t\t<div class=\"elementor-container elementor-column-gap-no\">\n\t\t\t\t\t<div class=\"elementor-column elementor-col-50 elementor-top-column elementor-element elementor-element-14fd719\" data-id=\"14fd719\" data-element_type=\"column\">\n\t\t\t<div class=\"elementor-widget-wrap elementor-element-populated\">\n\t\t\t\t\t\t<div class=\"elementor-element elementor-element-e800b8b elementor-align-left elementor-widget elementor-widget-button\" data-id=\"e800b8b\" data-element_type=\"widget\" data-widget_type=\"button.default\">\n\t\t\t\t<div class=\"elementor-widget-container\">\n\t\t\t\t\t<div class=\"elementor-button-wrapper\">\n\t\t\t<a class=\"elementor-button elementor-button-link elementor-size-xl\" href=\"https:\/\/www.maritur.com\/\">\n\t\t\t\t\t\t<span class=\"elementor-button-content-wrapper\">\n\t\t\t\t\t\t\t\t\t<span class=\"elementor-button-text\">VOLVER A <span style=\"color:#ff0000\">INICIO<\/span><\/span>\n\t\t\t\t\t<\/span>\n\t\t\t\t\t<\/a>\n\t\t<\/div>\n\t\t\t\t<\/div>\n\t\t\t\t<\/div>\n\t\t\t\t\t<\/div>\n\t\t<\/div>\n\t\t\t\t<div class=\"elementor-column elementor-col-50 elementor-top-column elementor-element elementor-element-288385c\" data-id=\"288385c\" data-element_type=\"column\">\n\t\t\t<div class=\"elementor-widget-wrap elementor-element-populated\">\n\t\t\t\t\t\t<div class=\"elementor-element elementor-element-8b1a682 elementor-align-left elementor-widget elementor-widget-button\" data-id=\"8b1a682\" data-element_type=\"widget\" data-widget_type=\"button.default\">\n\t\t\t\t<div class=\"elementor-widget-container\">\n\t\t\t\t\t<div class=\"elementor-button-wrapper\">\n\t\t\t<a class=\"elementor-button elementor-button-link elementor-size-xl\" href=\"https:\/\/www.maritur.com\/destinos\/puerto-vallarta\/\">\n\t\t\t\t\t\t<span class=\"elementor-button-content-wrapper\">\n\t\t\t\t\t\t\t\t\t<span class=\"elementor-button-text\">SIGUIENTE <span style=\"color:#ff0000\">DESTINO<\/span><\/span>\n\t\t\t\t\t<\/span>\n\t\t\t\t\t<\/a>\n\t\t<\/div>\n\t\t\t\t<\/div>\n\t\t\t\t<\/div>\n\t\t\t\t\t<\/div>\n\t\t<\/div>\n\t\t\t\t\t<\/div>\n\t\t<\/section>\n\t\t\t\t<section class=\"elementor-section elementor-top-section elementor-element elementor-element-da0d0b8 elementor-section-stretched elementor-hidden-phone elementor-section-full_width elementor-section-height-default elementor-section-height-default\" data-id=\"da0d0b8\" data-element_type=\"section\" data-settings=\"{&quot;stretch_section&quot;:&quot;section-stretched&quot;,&quot;background_background&quot;:&quot;classic&quot;}\">\n\t\t\t\t\t\t<div class=\"elementor-container elementor-column-gap-no\">\n\t\t\t\t\t<div class=\"elementor-column elementor-col-50 elementor-top-column elementor-element elementor-element-6b3297e\" data-id=\"6b3297e\" data-element_type=\"column\" data-settings=\"{&quot;background_background&quot;:&quot;classic&quot;}\">\n\t\t\t<div class=\"elementor-widget-wrap elementor-element-populated\">\n\t\t\t\t\t\t<div class=\"elementor-element elementor-element-d9899cd elementor-widget elementor-widget-heading\" data-id=\"d9899cd\" data-element_type=\"widget\" data-widget_type=\"heading.default\">\n\t\t\t\t<div class=\"elementor-widget-container\">\n\t\t\t<h3 class=\"elementor-heading-title elementor-size-default\">\u00a1REGALE A SU GRUPO UNA EXPERIENCIA INOLVIDABLE!\n\n<\/h3>\t\t<\/div>\n\t\t\t\t<\/div>\n\t\t\t\t\t<\/div>\n\t\t<\/div>\n\t\t\t\t<div class=\"elementor-column elementor-col-50 elementor-top-column elementor-element elementor-element-9e7f965\" data-id=\"9e7f965\" data-element_type=\"column\" data-settings=\"{&quot;background_background&quot;:&quot;classic&quot;}\">\n\t\t\t<div class=\"elementor-widget-wrap elementor-element-populated\">\n\t\t\t\t\t\t<div class=\"elementor-element elementor-element-1fb952b elementor-align-center elementor-widget elementor-widget-button\" data-id=\"1fb952b\" data-element_type=\"widget\" data-widget_type=\"button.default\">\n\t\t\t\t<div class=\"elementor-widget-container\">\n\t\t\t\t\t<div class=\"elementor-button-wrapper\">\n\t\t\t<a class=\"elementor-button elementor-button-link elementor-size-md\" href=\"#\">\n\t\t\t\t\t\t<span class=\"elementor-button-content-wrapper\">\n\t\t\t\t\t\t\t\t\t<span class=\"elementor-button-text\">SOLICITE UNA COTIZACI\u00d3N<\/span>\n\t\t\t\t\t<\/span>\n\t\t\t\t\t<\/a>\n\t\t<\/div>\n\t\t\t\t<\/div>\n\t\t\t\t<\/div>\n\t\t\t\t\t<\/div>\n\t\t<\/div>\n\t\t\t\t\t<\/div>\n\t\t<\/section>\n\t\t\t\t<section class=\"elementor-section elementor-top-section elementor-element elementor-element-b828acf elementor-section-stretched elementor-hidden-desktop elementor-hidden-tablet elementor-section-boxed elementor-section-height-default elementor-section-height-default\" data-id=\"b828acf\" data-element_type=\"section\" data-settings=\"{&quot;stretch_section&quot;:&quot;section-stretched&quot;,&quot;background_background&quot;:&quot;classic&quot;}\">\n\t\t\t\t\t\t<div class=\"elementor-container elementor-column-gap-default\">\n\t\t\t\t\t<div class=\"elementor-column elementor-col-50 elementor-top-column elementor-element elementor-element-d2f70cd\" data-id=\"d2f70cd\" data-element_type=\"column\">\n\t\t\t<div class=\"elementor-widget-wrap elementor-element-populated\">\n\t\t\t\t\t\t<div class=\"elementor-element elementor-element-016810d elementor-widget elementor-widget-spacer\" data-id=\"016810d\" data-element_type=\"widget\" data-widget_type=\"spacer.default\">\n\t\t\t\t<div class=\"elementor-widget-container\">\n\t\t\t\t\t<div class=\"elementor-spacer\">\n\t\t\t<div class=\"elementor-spacer-inner\"><\/div>\n\t\t<\/div>\n\t\t\t\t<\/div>\n\t\t\t\t<\/div>\n\t\t\t\t<div class=\"elementor-element elementor-element-e74ed86 elementor-widget elementor-widget-heading\" data-id=\"e74ed86\" data-element_type=\"widget\" data-widget_type=\"heading.default\">\n\t\t\t\t<div class=\"elementor-widget-container\">\n\t\t\t<h3 class=\"elementor-heading-title elementor-size-default\">\u00a1REGALE A SU GRUPO UNA EXPERIENCIA INOLVIDABLE!\n\n<\/h3>\t\t<\/div>\n\t\t\t\t<\/div>\n\t\t\t\t\t<\/div>\n\t\t<\/div>\n\t\t\t\t<div class=\"elementor-column elementor-col-50 elementor-top-column elementor-element elementor-element-20f2ad8\" data-id=\"20f2ad8\" data-element_type=\"column\">\n\t\t\t<div class=\"elementor-widget-wrap elementor-element-populated\">\n\t\t\t\t\t\t<div class=\"elementor-element elementor-element-9d7534b elementor-align-center elementor-widget elementor-widget-button\" data-id=\"9d7534b\" data-element_type=\"widget\" data-widget_type=\"button.default\">\n\t\t\t\t<div class=\"elementor-widget-container\">\n\t\t\t\t\t<div class=\"elementor-button-wrapper\">\n\t\t\t<a class=\"elementor-button elementor-button-link elementor-size-md\" href=\"#\">\n\t\t\t\t\t\t<span class=\"elementor-button-content-wrapper\">\n\t\t\t\t\t\t\t\t\t<span class=\"elementor-button-text\">SOLICITE UNA COTIZACI\u00d3N<\/span>\n\t\t\t\t\t<\/span>\n\t\t\t\t\t<\/a>\n\t\t<\/div>\n\t\t\t\t<\/div>\n\t\t\t\t<\/div>\n\t\t\t\t<div class=\"elementor-element elementor-element-c727a2f elementor-widget elementor-widget-spacer\" data-id=\"c727a2f\" data-element_type=\"widget\" data-widget_type=\"spacer.default\">\n\t\t\t\t<div class=\"elementor-widget-container\">\n\t\t\t\t\t<div class=\"elementor-spacer\">\n\t\t\t<div class=\"elementor-spacer-inner\"><\/div>\n\t\t<\/div>\n\t\t\t\t<\/div>\n\t\t\t\t<\/div>\n\t\t\t\t\t<\/div>\n\t\t<\/div>\n\t\t\t\t\t<\/div>\n\t\t<\/section>\n\t\t\t\t<\/div>\n\t\t","protected":false},"excerpt":{"rendered":"<p>MONTERREY LA SULTANA DEL NORTE DMC IN MONTERREY Los oriundos consideran a su ciudad como una capital de desarrollo e innovaci\u00f3n; una ciudad pr\u00f3spera que se comprueba en su pujante econom\u00eda. Ubicada en el noreste de M\u00e9xico, la historia de Monterrey se remonta a su fundaci\u00f3n en 1596, cuando Diego de Montemayor se asent\u00f3 junto [&hellip;]<\/p>\n","protected":false},"author":1,"featured_media":0,"parent":10674,"menu_order":0,"comment_status":"closed","ping_status":"closed","template":"full-width.php","meta":{"footnotes":""},"class_list":["post-8252","page","type-page","status-publish","hentry"],"_links":{"self":[{"href":"https:\/\/maritur.com\/es\/wp-json\/wp\/v2\/pages\/8252","targetHints":{"allow":["GET"]}}],"collection":[{"href":"https:\/\/maritur.com\/es\/wp-json\/wp\/v2\/pages"}],"about":[{"href":"https:\/\/maritur.com\/es\/wp-json\/wp\/v2\/types\/page"}],"author":[{"embeddable":true,"href":"https:\/\/maritur.com\/es\/wp-json\/wp\/v2\/users\/1"}],"replies":[{"embeddable":true,"href":"https:\/\/maritur.com\/es\/wp-json\/wp\/v2\/comments?post=8252"}],"version-history":[{"count":5,"href":"https:\/\/maritur.com\/es\/wp-json\/wp\/v2\/pages\/8252\/revisions"}],"predecessor-version":[{"id":10893,"href":"https:\/\/maritur.com\/es\/wp-json\/wp\/v2\/pages\/8252\/revisions\/10893"}],"up":[{"embeddable":true,"href":"https:\/\/maritur.com\/es\/wp-json\/wp\/v2\/pages\/10674"}],"wp:attachment":[{"href":"https:\/\/maritur.com\/es\/wp-json\/wp\/v2\/media?parent=8252"}],"curies":[{"name":"wp","href":"https:\/\/api.w.org\/{rel}","templated":true}]}}