{"id":8256,"date":"2020-04-14T18:54:56","date_gmt":"2020-04-14T18:54:56","guid":{"rendered":"https:\/\/maritur.com?page_id=8256"},"modified":"2020-08-26T19:04:56","modified_gmt":"2020-08-26T19:04:56","slug":"puerto-vallarta","status":"publish","type":"page","link":"https:\/\/maritur.com\/es\/destinos\/puerto-vallarta\/","title":{"rendered":"Destinos Puerto Vallarta"},"content":{"rendered":"\t\t<div data-elementor-type=\"wp-page\" data-elementor-id=\"8256\" class=\"elementor elementor-8256\" data-elementor-post-type=\"page\">\n\t\t\t\t\t\t<section class=\"elementor-section elementor-top-section elementor-element elementor-element-afb2150 elementor-section-stretched elementor-section-full_width elementor-section-height-min-height elementor-section-items-stretch elementor-section-content-middle elementor-section-height-default\" data-id=\"afb2150\" data-element_type=\"section\" data-settings=\"{&quot;stretch_section&quot;:&quot;section-stretched&quot;,&quot;background_background&quot;:&quot;classic&quot;}\">\n\t\t\t\t\t\t<div class=\"elementor-container elementor-column-gap-no\">\n\t\t\t\t\t<div class=\"elementor-column elementor-col-100 elementor-top-column elementor-element elementor-element-df1f804\" data-id=\"df1f804\" data-element_type=\"column\">\n\t\t\t<div class=\"elementor-widget-wrap elementor-element-populated\">\n\t\t\t\t\t\t<div class=\"elementor-element elementor-element-a9d8c7b elementor-widget elementor-widget-heading\" data-id=\"a9d8c7b\" data-element_type=\"widget\" data-widget_type=\"heading.default\">\n\t\t\t\t<div class=\"elementor-widget-container\">\n\t\t\t<h1 class=\"elementor-heading-title elementor-size-default\">PUERTO VALLARTA<\/h1>\t\t<\/div>\n\t\t\t\t<\/div>\n\t\t\t\t\t<\/div>\n\t\t<\/div>\n\t\t\t\t\t<\/div>\n\t\t<\/section>\n\t\t\t\t<section class=\"elementor-section elementor-top-section elementor-element elementor-element-6dc74df elementor-section-stretched elementor-section-full_width elementor-section-content-space-between elementor-section-height-default elementor-section-height-default\" data-id=\"6dc74df\" data-element_type=\"section\" data-settings=\"{&quot;stretch_section&quot;:&quot;section-stretched&quot;}\">\n\t\t\t\t\t\t<div class=\"elementor-container elementor-column-gap-default\">\n\t\t\t\t\t<div class=\"elementor-column elementor-col-50 elementor-top-column elementor-element elementor-element-620d5a6\" data-id=\"620d5a6\" data-element_type=\"column\" data-settings=\"{&quot;background_background&quot;:&quot;classic&quot;}\">\n\t\t\t<div class=\"elementor-widget-wrap elementor-element-populated\">\n\t\t\t\t\t\t<div class=\"elementor-element elementor-element-f4ec1ff elementor-widget elementor-widget-heading\" data-id=\"f4ec1ff\" data-element_type=\"widget\" data-widget_type=\"heading.default\">\n\t\t\t\t<div class=\"elementor-widget-container\">\n\t\t\t<h2 class=\"elementor-heading-title elementor-size-default\">LA PERLA DEL PAC\u00cdFICO<\/h2>\t\t<\/div>\n\t\t\t\t<\/div>\n\t\t\t\t\t<\/div>\n\t\t<\/div>\n\t\t\t\t<div class=\"elementor-column elementor-col-50 elementor-top-column elementor-element elementor-element-88f3943\" data-id=\"88f3943\" data-element_type=\"column\">\n\t\t\t<div class=\"elementor-widget-wrap elementor-element-populated\">\n\t\t\t\t\t\t<div class=\"elementor-element elementor-element-832f6bf elementor-widget elementor-widget-spacer\" data-id=\"832f6bf\" data-element_type=\"widget\" data-widget_type=\"spacer.default\">\n\t\t\t\t<div class=\"elementor-widget-container\">\n\t\t\t\t\t<div class=\"elementor-spacer\">\n\t\t\t<div class=\"elementor-spacer-inner\"><\/div>\n\t\t<\/div>\n\t\t\t\t<\/div>\n\t\t\t\t<\/div>\n\t\t\t\t<div class=\"elementor-element elementor-element-560090b elementor-widget elementor-widget-heading\" data-id=\"560090b\" data-element_type=\"widget\" data-widget_type=\"heading.default\">\n\t\t\t\t<div class=\"elementor-widget-container\">\n\t\t\t<h2 class=\"elementor-heading-title elementor-size-default\">DMC IN PUERTO VALLARTA<\/h2>\t\t<\/div>\n\t\t\t\t<\/div>\n\t\t\t\t<div class=\"elementor-element elementor-element-81fbaeb elementor-widget elementor-widget-text-editor\" data-id=\"81fbaeb\" data-element_type=\"widget\" data-widget_type=\"text-editor.default\">\n\t\t\t\t<div class=\"elementor-widget-container\">\n\t\t\t\t\t\t\t<p><strong><span style=\"color: #000000;\">Se puede considerar que Puerto Vallarta es varios destinos en uno solo; cada uno con su propia personalidad y encanto. El R\u00edo Cuale divide al pueblo en norte y sur. En el lado del sur se encuentra la Zona Rom\u00e1ntica en donde la dorada arena de la Playa de los Muertos, as\u00ed como los muchos bares de playa atraen a quienes desean un buen bronceado. Yendo hacia el sur, a la orilla del mar se encuentran los poblados de Boca de Tomatl\u00e1n y Mismaloya, en donde se film\u00f3 la Noche de la Iguana.<\/span><\/strong><\/p><p><strong><span style=\"color: #000000;\">El Pueblo Viejo serpentea ascendiendo hasta Gringo Gulch y sobre la bah\u00eda en donde se encuentra la Plaza de Armas y el anfiteatro de Los Arcos, en donde se ofrecen presentaciones que atraen a muchos espectadores.<\/span><\/strong><\/p><p><strong><span style=\"color: #000000;\">El famoso Malec\u00f3n de Puerto Vallarta va desde la Zona Rom\u00e1ntica hasta el principio de la zona hotelera. Ah\u00ed se encuentra una colecci\u00f3n de esculturas art\u00edsticas de bronce, incluyendo el emblem\u00e1tico Caballito de Mar de Puerto Vallarta.<\/span><\/strong><\/p><p><strong><span style=\"color: #000000;\">Actualmente, Puerto Vallarta es uno de los destinos de invierno m\u00e1s populares por su gran diversidad de atractivos y su clima casi perfecto. En medio de sus doradas playas, monta\u00f1as y selvas se encuentran modernas instalaciones y placeres id\u00edlicos.<\/span><\/strong><\/p>\t\t\t\t\t\t<\/div>\n\t\t\t\t<\/div>\n\t\t\t\t<div class=\"elementor-element elementor-element-93256ab elementor-widget elementor-widget-spacer\" data-id=\"93256ab\" data-element_type=\"widget\" data-widget_type=\"spacer.default\">\n\t\t\t\t<div class=\"elementor-widget-container\">\n\t\t\t\t\t<div class=\"elementor-spacer\">\n\t\t\t<div class=\"elementor-spacer-inner\"><\/div>\n\t\t<\/div>\n\t\t\t\t<\/div>\n\t\t\t\t<\/div>\n\t\t\t\t\t<\/div>\n\t\t<\/div>\n\t\t\t\t\t<\/div>\n\t\t<\/section>\n\t\t\t\t<section class=\"elementor-section elementor-top-section elementor-element elementor-element-14c59fe elementor-section-full_width elementor-section-height-default elementor-section-height-default\" data-id=\"14c59fe\" data-element_type=\"section\">\n\t\t\t\t\t\t<div class=\"elementor-container elementor-column-gap-no\">\n\t\t\t\t\t<div class=\"elementor-column elementor-col-100 elementor-top-column elementor-element elementor-element-cd7f7d7\" data-id=\"cd7f7d7\" data-element_type=\"column\">\n\t\t\t<div class=\"elementor-widget-wrap elementor-element-populated\">\n\t\t\t\t\t\t<div class=\"elementor-element elementor-element-c0d9e83 elementor-widget elementor-widget-shortcode\" data-id=\"c0d9e83\" data-element_type=\"widget\" data-widget_type=\"shortcode.default\">\n\t\t\t\t<div class=\"elementor-widget-container\">\n\t\t\t\t\t<div class=\"elementor-shortcode\"><section class=\"backg-black to-white\">\n            <div class=\"container_neo\">\n                <div class=\"col-xs-12 toogle-contents\">\n                    <div class=\"flex-parent\">\n                        <div class=\"flex-child\">\n                            <img decoding=\"async\" id=\"a1\" class=\"destination-icon trigger-lines active toogle\" data-toogle=\"atractives\" src=\"\/wp-content\/uploads\/2020\/04\/Icono.png\">\n                            <div class=\"lines-pack right vertical\"> <hr> <hr> <hr> <\/div>\n                            <span class=\"destination-title\">ATRACCIONES<\/span>\n                        <\/div>\n\n                        <div class=\"flex-child\">\n                            <img decoding=\"async\" id=\"a2\" class=\"destination-icon trigger-lines toogle\" data-toogle=\"rooms\" src=\"\/wp-content\/uploads\/2020\/04\/rooms-1.png\">\n                            <div class=\"lines-pack right vertical\"> <hr> <hr> <hr> <\/div>\n                            <span class=\"destination-title\">HOTELES RECOMENDADOS<\/span>\n                        <\/div>\n\n                        <div class=\"flex-child\">\n                            <img decoding=\"async\" id=\"a3\" class=\"destination-icon trigger-lines toogle\" data-toogle=\"tours\" src=\"\/wp-content\/uploads\/2020\/04\/tours-1.png\">\n                            <div class=\"lines-pack right vertical\"> <hr> <hr> <hr> <\/div>\n                            <span class=\"destination-title\">Tours<\/span>\n                        <\/div>\n\n                        <div class=\"flex-child\">\n                            <img decoding=\"async\" id=\"a4\" class=\"destination-icon trigger-lines toogle\" data-toogle=\"culture\" src=\"\/wp-content\/uploads\/2020\/04\/culture-1.png\">\n                            <div class=\"lines-pack right vertical\"> <hr> <hr> <hr> <\/div>\n                            <span class=\"destination-title\">CULTURA<\/span>\n                        <\/div>\n\n                        <div id=\"a5\" class=\"flex-child\">\n                            <img decoding=\"async\" class=\"destination-icon trigger-lines toogle\" data-toogle=\"enclosure\" src=\"\/wp-content\/uploads\/2020\/04\/enclosures-1.png\">\n                            <div class=\"lines-pack right vertical\"> <hr> <hr> <hr> <\/div>\n                            <span class=\"destination-title\">SEDES<\/span>\n                        <\/div>\n\n                    <\/div>\n                <\/div>\n            <\/div>\n        <\/section>\n    \n        <div class=\"container\">\n\t<div class=\"col-xs-12 mt-20 mb-20 mt-40 mt-80 mb-80\">\n\t\t<div class=\"toogle-content atractives\" style=\"display:block;\"> <p>Isla Marietas<\/p>\n\n<p>Los Arcos, Animas<\/p>\n\n<p>San Sebastian del Oeste<\/p>\n <\/div>\n\t\t<div class=\"toogle-content rooms\"> <p>Hilton Puerto Vallarta<\/p>\n\n<p>Fiesta Americana Grand<\/p>\n\n<p>Casa Magna Marriot Puerto Vallarta Resort &amp; Spa<\/p>\n\n<p>The Westin Resort &amp; Spa Puerto Vallarta<\/p>\n\n<p>Velas Vallarta Suite Resort&nbsp;<\/p>\n\n<p>Melia Puerto Vallarta<\/p>\n\n<p>Fiesta Americana Puerto Vallarta<\/p>\n\n<p>Secrets Vallarta Bay<\/p>\n\n<p>Now Amber Puerto Vallarta<\/p>\n\n<p>Grand Velas Vallarta<\/p>\n\n<p>Hard Rock Puerto Vallarta<\/p>\n <\/div>\n\t\t<div class=\"toogle-content tours\"> <p>Ritmos de La Noche<\/p>\n\n<p>Caletas<\/p>\n\n<p>Islas Marietas<\/p>\n\n<p>Piratas de la Bahia<\/p>\n\n<p>Canopy River Tour<\/p>\n\n<p>Tours de cuatrimotos<\/p>\n\n<p>River Expedition<\/p>\n\n<p>Veleo al atardecer<\/p>\n\n<p>Tour de Pesca<\/p>\n\n<p>Flyboard<\/p>\n\n<p>Los Arcos, Animas y Quimixto<\/p>\n\n<p>San Sebastian del Oeste<\/p>\n\n<p>Dune Buggy- Areneros<\/p>\n\n<p>Nado con delfines<\/p>\n\n<p>Observaci\u00f3n de Ballenas<\/p>\n\n<p>Yelapa Majahuitas<\/p>\n\n<p>Paseo a Caballo<\/p>\n\n<p>Tour por la ciudad<\/p>\n\n<p>Outdoor Adventure<\/p>\n <\/div>\n\t\t<div class=\"toogle-content culture\"> <p>Festival de Arte Vallarta<\/p>\n\n<p>Old Towns Farmer Market Tianguis Cultural<\/p>\n\n<p>Festival Internacional de Cocina<\/p>\n\n<p>&nbsp;<\/p>\n <\/div>\n\t\t<div class=\"toogle-content enclosure\"> <p>Ritmos de la Noche<\/p>\n\n<p>Malec\u00f3n Principal<\/p>\n <\/div>\n\t<\/div>\n<\/div><\/div>\n\t\t\t\t<\/div>\n\t\t\t\t<\/div>\n\t\t\t\t\t<\/div>\n\t\t<\/div>\n\t\t\t\t\t<\/div>\n\t\t<\/section>\n\t\t\t\t<section class=\"elementor-section elementor-top-section elementor-element elementor-element-0e9fed4 elementor-section-stretched elementor-section-full_width elementor-section-height-default elementor-section-height-default\" data-id=\"0e9fed4\" data-element_type=\"section\" data-settings=\"{&quot;stretch_section&quot;:&quot;section-stretched&quot;,&quot;background_background&quot;:&quot;classic&quot;}\">\n\t\t\t\t\t\t<div class=\"elementor-container elementor-column-gap-default\">\n\t\t\t\t\t<div class=\"elementor-column elementor-col-100 elementor-top-column elementor-element elementor-element-4521c1b\" data-id=\"4521c1b\" data-element_type=\"column\">\n\t\t\t<div class=\"elementor-widget-wrap elementor-element-populated\">\n\t\t\t\t\t\t<div class=\"elementor-element elementor-element-05f8873 elementor-widget elementor-widget-spacer\" data-id=\"05f8873\" data-element_type=\"widget\" data-widget_type=\"spacer.default\">\n\t\t\t\t<div class=\"elementor-widget-container\">\n\t\t\t\t\t<div class=\"elementor-spacer\">\n\t\t\t<div class=\"elementor-spacer-inner\"><\/div>\n\t\t<\/div>\n\t\t\t\t<\/div>\n\t\t\t\t<\/div>\n\t\t\t\t\t<\/div>\n\t\t<\/div>\n\t\t\t\t\t<\/div>\n\t\t<\/section>\n\t\t\t\t<section class=\"elementor-section elementor-top-section elementor-element elementor-element-2a2f501 elementor-section-stretched elementor-hidden-phone elementor-section-boxed elementor-section-height-default elementor-section-height-default\" data-id=\"2a2f501\" data-element_type=\"section\" data-settings=\"{&quot;stretch_section&quot;:&quot;section-stretched&quot;}\">\n\t\t\t\t\t\t<div class=\"elementor-container elementor-column-gap-no\">\n\t\t\t\t\t<div class=\"elementor-column elementor-col-50 elementor-top-column elementor-element elementor-element-635f1d3\" data-id=\"635f1d3\" data-element_type=\"column\">\n\t\t\t<div class=\"elementor-widget-wrap elementor-element-populated\">\n\t\t\t\t\t\t<div class=\"elementor-element elementor-element-6fc05c3 elementor-align-left elementor-widget elementor-widget-button\" data-id=\"6fc05c3\" data-element_type=\"widget\" data-widget_type=\"button.default\">\n\t\t\t\t<div class=\"elementor-widget-container\">\n\t\t\t\t\t<div class=\"elementor-button-wrapper\">\n\t\t\t<a class=\"elementor-button elementor-button-link elementor-size-xl\" href=\"https:\/\/www.maritur.com\/\">\n\t\t\t\t\t\t<span class=\"elementor-button-content-wrapper\">\n\t\t\t\t\t\t\t\t\t<span class=\"elementor-button-text\">VOLVER A <span style=\"color:#ff0000\">INICIO<\/span><\/span>\n\t\t\t\t\t<\/span>\n\t\t\t\t\t<\/a>\n\t\t<\/div>\n\t\t\t\t<\/div>\n\t\t\t\t<\/div>\n\t\t\t\t\t<\/div>\n\t\t<\/div>\n\t\t\t\t<div class=\"elementor-column elementor-col-50 elementor-top-column elementor-element elementor-element-c944065\" data-id=\"c944065\" data-element_type=\"column\">\n\t\t\t<div class=\"elementor-widget-wrap elementor-element-populated\">\n\t\t\t\t\t\t<div class=\"elementor-element elementor-element-27c7e36 elementor-align-left elementor-widget elementor-widget-button\" data-id=\"27c7e36\" data-element_type=\"widget\" data-widget_type=\"button.default\">\n\t\t\t\t<div class=\"elementor-widget-container\">\n\t\t\t\t\t<div class=\"elementor-button-wrapper\">\n\t\t\t<a class=\"elementor-button elementor-button-link elementor-size-xl\" href=\"https:\/\/www.maritur.com\/destinos\/riviera-maya\/\">\n\t\t\t\t\t\t<span class=\"elementor-button-content-wrapper\">\n\t\t\t\t\t\t\t\t\t<span class=\"elementor-button-text\">SIGUIENTE <span style=\"color:#ff0000\">DESTINO<\/span><\/span>\n\t\t\t\t\t<\/span>\n\t\t\t\t\t<\/a>\n\t\t<\/div>\n\t\t\t\t<\/div>\n\t\t\t\t<\/div>\n\t\t\t\t\t<\/div>\n\t\t<\/div>\n\t\t\t\t\t<\/div>\n\t\t<\/section>\n\t\t\t\t<section class=\"elementor-section elementor-top-section elementor-element elementor-element-0b1e7e9 elementor-section-stretched elementor-hidden-phone elementor-section-full_width elementor-section-height-default elementor-section-height-default\" data-id=\"0b1e7e9\" data-element_type=\"section\" data-settings=\"{&quot;stretch_section&quot;:&quot;section-stretched&quot;,&quot;background_background&quot;:&quot;classic&quot;}\">\n\t\t\t\t\t\t<div class=\"elementor-container elementor-column-gap-no\">\n\t\t\t\t\t<div class=\"elementor-column elementor-col-50 elementor-top-column elementor-element elementor-element-58e10ba\" data-id=\"58e10ba\" data-element_type=\"column\" data-settings=\"{&quot;background_background&quot;:&quot;classic&quot;}\">\n\t\t\t<div class=\"elementor-widget-wrap elementor-element-populated\">\n\t\t\t\t\t\t<div class=\"elementor-element elementor-element-8c70fdb elementor-widget elementor-widget-heading\" data-id=\"8c70fdb\" data-element_type=\"widget\" data-widget_type=\"heading.default\">\n\t\t\t\t<div class=\"elementor-widget-container\">\n\t\t\t<h3 class=\"elementor-heading-title elementor-size-default\">\u00a1REGALE A SU GRUPO UNA EXPERIENCIA INOLVIDABLE!\n\n<\/h3>\t\t<\/div>\n\t\t\t\t<\/div>\n\t\t\t\t\t<\/div>\n\t\t<\/div>\n\t\t\t\t<div class=\"elementor-column elementor-col-50 elementor-top-column elementor-element elementor-element-5d389d1\" data-id=\"5d389d1\" data-element_type=\"column\" data-settings=\"{&quot;background_background&quot;:&quot;classic&quot;}\">\n\t\t\t<div class=\"elementor-widget-wrap elementor-element-populated\">\n\t\t\t\t\t\t<div class=\"elementor-element elementor-element-ee667c7 elementor-align-center elementor-widget elementor-widget-button\" data-id=\"ee667c7\" data-element_type=\"widget\" data-widget_type=\"button.default\">\n\t\t\t\t<div class=\"elementor-widget-container\">\n\t\t\t\t\t<div class=\"elementor-button-wrapper\">\n\t\t\t<a class=\"elementor-button elementor-button-link elementor-size-md\" href=\"#\">\n\t\t\t\t\t\t<span class=\"elementor-button-content-wrapper\">\n\t\t\t\t\t\t\t\t\t<span class=\"elementor-button-text\">SOLICITE UNA COTIZACI\u00d3N<\/span>\n\t\t\t\t\t<\/span>\n\t\t\t\t\t<\/a>\n\t\t<\/div>\n\t\t\t\t<\/div>\n\t\t\t\t<\/div>\n\t\t\t\t\t<\/div>\n\t\t<\/div>\n\t\t\t\t\t<\/div>\n\t\t<\/section>\n\t\t\t\t<section class=\"elementor-section elementor-top-section elementor-element elementor-element-9cec7af elementor-section-stretched elementor-hidden-desktop elementor-hidden-tablet elementor-section-boxed elementor-section-height-default elementor-section-height-default\" data-id=\"9cec7af\" data-element_type=\"section\" data-settings=\"{&quot;stretch_section&quot;:&quot;section-stretched&quot;,&quot;background_background&quot;:&quot;classic&quot;}\">\n\t\t\t\t\t\t<div class=\"elementor-container elementor-column-gap-default\">\n\t\t\t\t\t<div class=\"elementor-column elementor-col-50 elementor-top-column elementor-element elementor-element-8944fcc\" data-id=\"8944fcc\" data-element_type=\"column\">\n\t\t\t<div class=\"elementor-widget-wrap elementor-element-populated\">\n\t\t\t\t\t\t<div class=\"elementor-element elementor-element-958ef90 elementor-widget elementor-widget-spacer\" data-id=\"958ef90\" data-element_type=\"widget\" data-widget_type=\"spacer.default\">\n\t\t\t\t<div class=\"elementor-widget-container\">\n\t\t\t\t\t<div class=\"elementor-spacer\">\n\t\t\t<div class=\"elementor-spacer-inner\"><\/div>\n\t\t<\/div>\n\t\t\t\t<\/div>\n\t\t\t\t<\/div>\n\t\t\t\t<div class=\"elementor-element elementor-element-003b6a3 elementor-widget elementor-widget-heading\" data-id=\"003b6a3\" data-element_type=\"widget\" data-widget_type=\"heading.default\">\n\t\t\t\t<div class=\"elementor-widget-container\">\n\t\t\t<h3 class=\"elementor-heading-title elementor-size-default\">\u00a1REGALE A SU GRUPO UNA EXPERIENCIA INOLVIDABLE!\n\n<\/h3>\t\t<\/div>\n\t\t\t\t<\/div>\n\t\t\t\t\t<\/div>\n\t\t<\/div>\n\t\t\t\t<div class=\"elementor-column elementor-col-50 elementor-top-column elementor-element elementor-element-9349580\" data-id=\"9349580\" data-element_type=\"column\">\n\t\t\t<div class=\"elementor-widget-wrap elementor-element-populated\">\n\t\t\t\t\t\t<div class=\"elementor-element elementor-element-d1a31a8 elementor-align-center elementor-widget elementor-widget-button\" data-id=\"d1a31a8\" data-element_type=\"widget\" data-widget_type=\"button.default\">\n\t\t\t\t<div class=\"elementor-widget-container\">\n\t\t\t\t\t<div class=\"elementor-button-wrapper\">\n\t\t\t<a class=\"elementor-button elementor-button-link elementor-size-md\" href=\"#\">\n\t\t\t\t\t\t<span class=\"elementor-button-content-wrapper\">\n\t\t\t\t\t\t\t\t\t<span class=\"elementor-button-text\">SOLICITE UNA COTIZACI\u00d3N<\/span>\n\t\t\t\t\t<\/span>\n\t\t\t\t\t<\/a>\n\t\t<\/div>\n\t\t\t\t<\/div>\n\t\t\t\t<\/div>\n\t\t\t\t<div class=\"elementor-element elementor-element-4f1c921 elementor-widget elementor-widget-spacer\" data-id=\"4f1c921\" data-element_type=\"widget\" data-widget_type=\"spacer.default\">\n\t\t\t\t<div class=\"elementor-widget-container\">\n\t\t\t\t\t<div class=\"elementor-spacer\">\n\t\t\t<div class=\"elementor-spacer-inner\"><\/div>\n\t\t<\/div>\n\t\t\t\t<\/div>\n\t\t\t\t<\/div>\n\t\t\t\t\t<\/div>\n\t\t<\/div>\n\t\t\t\t\t<\/div>\n\t\t<\/section>\n\t\t\t\t<\/div>\n\t\t","protected":false},"excerpt":{"rendered":"<p>PUERTO VALLARTA LA PERLA DEL PAC\u00cdFICO DMC IN PUERTO VALLARTA Se puede considerar que Puerto Vallarta es varios destinos en uno solo; cada uno con su propia personalidad y encanto. El R\u00edo Cuale divide al pueblo en norte y sur. En el lado del sur se encuentra la Zona Rom\u00e1ntica en donde la dorada arena [&hellip;]<\/p>\n","protected":false},"author":1,"featured_media":0,"parent":10674,"menu_order":0,"comment_status":"closed","ping_status":"closed","template":"full-width.php","meta":{"footnotes":""},"class_list":["post-8256","page","type-page","status-publish","hentry"],"_links":{"self":[{"href":"https:\/\/maritur.com\/es\/wp-json\/wp\/v2\/pages\/8256","targetHints":{"allow":["GET"]}}],"collection":[{"href":"https:\/\/maritur.com\/es\/wp-json\/wp\/v2\/pages"}],"about":[{"href":"https:\/\/maritur.com\/es\/wp-json\/wp\/v2\/types\/page"}],"author":[{"embeddable":true,"href":"https:\/\/maritur.com\/es\/wp-json\/wp\/v2\/users\/1"}],"replies":[{"embeddable":true,"href":"https:\/\/maritur.com\/es\/wp-json\/wp\/v2\/comments?post=8256"}],"version-history":[{"count":5,"href":"https:\/\/maritur.com\/es\/wp-json\/wp\/v2\/pages\/8256\/revisions"}],"predecessor-version":[{"id":10894,"href":"https:\/\/maritur.com\/es\/wp-json\/wp\/v2\/pages\/8256\/revisions\/10894"}],"up":[{"embeddable":true,"href":"https:\/\/maritur.com\/es\/wp-json\/wp\/v2\/pages\/10674"}],"wp:attachment":[{"href":"https:\/\/maritur.com\/es\/wp-json\/wp\/v2\/media?parent=8256"}],"curies":[{"name":"wp","href":"https:\/\/api.w.org\/{rel}","templated":true}]}}