{"id":8260,"date":"2020-04-14T19:01:45","date_gmt":"2020-04-14T19:01:45","guid":{"rendered":"https:\/\/maritur.com?page_id=8260"},"modified":"2020-08-26T19:05:15","modified_gmt":"2020-08-26T19:05:15","slug":"riviera-maya","status":"publish","type":"page","link":"https:\/\/maritur.com\/es\/destinos\/riviera-maya\/","title":{"rendered":"Destinos Riviera Maya"},"content":{"rendered":"\t\t<div data-elementor-type=\"wp-page\" data-elementor-id=\"8260\" class=\"elementor elementor-8260\" data-elementor-post-type=\"page\">\n\t\t\t\t\t\t<section class=\"elementor-section elementor-top-section elementor-element elementor-element-79b4142 elementor-section-stretched elementor-section-full_width elementor-section-height-min-height elementor-section-items-stretch elementor-section-content-middle elementor-section-height-default\" data-id=\"79b4142\" data-element_type=\"section\" data-settings=\"{&quot;stretch_section&quot;:&quot;section-stretched&quot;,&quot;background_background&quot;:&quot;classic&quot;}\">\n\t\t\t\t\t\t<div class=\"elementor-container elementor-column-gap-no\">\n\t\t\t\t\t<div class=\"elementor-column elementor-col-100 elementor-top-column elementor-element elementor-element-bd8cc2f\" data-id=\"bd8cc2f\" data-element_type=\"column\" data-settings=\"{&quot;background_background&quot;:&quot;slideshow&quot;,&quot;background_slideshow_gallery&quot;:[{&quot;id&quot;:10481,&quot;url&quot;:&quot;http:\\\/\\\/maritur.com\\\/wp-content\\\/uploads\\\/2020\\\/07\\\/riviera1.jpg&quot;},{&quot;id&quot;:10483,&quot;url&quot;:&quot;http:\\\/\\\/maritur.com\\\/wp-content\\\/uploads\\\/2020\\\/07\\\/riviera2.jpg&quot;},{&quot;id&quot;:10485,&quot;url&quot;:&quot;http:\\\/\\\/maritur.com\\\/wp-content\\\/uploads\\\/2020\\\/07\\\/riviera3.jpg&quot;}],&quot;background_slideshow_loop&quot;:&quot;yes&quot;,&quot;background_slideshow_slide_duration&quot;:5000,&quot;background_slideshow_slide_transition&quot;:&quot;fade&quot;,&quot;background_slideshow_transition_duration&quot;:500}\">\n\t\t\t<div class=\"elementor-widget-wrap elementor-element-populated\">\n\t\t\t\t\t\t<div class=\"elementor-element elementor-element-20e855c elementor-widget elementor-widget-heading\" data-id=\"20e855c\" data-element_type=\"widget\" data-widget_type=\"heading.default\">\n\t\t\t\t<div class=\"elementor-widget-container\">\n\t\t\t<h1 class=\"elementor-heading-title elementor-size-default\">RIVIERA MAYA<\/h1>\t\t<\/div>\n\t\t\t\t<\/div>\n\t\t\t\t\t<\/div>\n\t\t<\/div>\n\t\t\t\t\t<\/div>\n\t\t<\/section>\n\t\t\t\t<section class=\"elementor-section elementor-top-section elementor-element elementor-element-054d6d4 elementor-section-stretched elementor-section-full_width elementor-section-content-space-between elementor-section-height-default elementor-section-height-default\" data-id=\"054d6d4\" data-element_type=\"section\" data-settings=\"{&quot;stretch_section&quot;:&quot;section-stretched&quot;}\">\n\t\t\t\t\t\t<div class=\"elementor-container elementor-column-gap-default\">\n\t\t\t\t\t<div class=\"elementor-column elementor-col-50 elementor-top-column elementor-element elementor-element-cf3706c\" data-id=\"cf3706c\" data-element_type=\"column\" data-settings=\"{&quot;background_background&quot;:&quot;classic&quot;}\">\n\t\t\t<div class=\"elementor-widget-wrap elementor-element-populated\">\n\t\t\t\t\t\t<div class=\"elementor-element elementor-element-4735b51 elementor-widget elementor-widget-heading\" data-id=\"4735b51\" data-element_type=\"widget\" data-widget_type=\"heading.default\">\n\t\t\t\t<div class=\"elementor-widget-container\">\n\t\t\t<h2 class=\"elementor-heading-title elementor-size-default\">PARA\u00cdSO TURQUESA DE LOS MAYA<\/h2>\t\t<\/div>\n\t\t\t\t<\/div>\n\t\t\t\t\t<\/div>\n\t\t<\/div>\n\t\t\t\t<div class=\"elementor-column elementor-col-50 elementor-top-column elementor-element elementor-element-5ead9da\" data-id=\"5ead9da\" data-element_type=\"column\">\n\t\t\t<div class=\"elementor-widget-wrap elementor-element-populated\">\n\t\t\t\t\t\t<div class=\"elementor-element elementor-element-81355d3 elementor-widget elementor-widget-spacer\" data-id=\"81355d3\" data-element_type=\"widget\" data-widget_type=\"spacer.default\">\n\t\t\t\t<div class=\"elementor-widget-container\">\n\t\t\t\t\t<div class=\"elementor-spacer\">\n\t\t\t<div class=\"elementor-spacer-inner\"><\/div>\n\t\t<\/div>\n\t\t\t\t<\/div>\n\t\t\t\t<\/div>\n\t\t\t\t<div class=\"elementor-element elementor-element-28050be elementor-widget elementor-widget-heading\" data-id=\"28050be\" data-element_type=\"widget\" data-widget_type=\"heading.default\">\n\t\t\t\t<div class=\"elementor-widget-container\">\n\t\t\t<h2 class=\"elementor-heading-title elementor-size-default\">DMC EN RIVIERA MAYA<\/h2>\t\t<\/div>\n\t\t\t\t<\/div>\n\t\t\t\t<div class=\"elementor-element elementor-element-c1ed01f elementor-widget elementor-widget-text-editor\" data-id=\"c1ed01f\" data-element_type=\"widget\" data-widget_type=\"text-editor.default\">\n\t\t\t\t<div class=\"elementor-widget-container\">\n\t\t\t\t\t\t\t<p><span style=\"color: #000000;\"><strong>La Riviera Maya es un corredor tur\u00edstico de aproximadamente 192 kil\u00f3metros, desde Puerto Morelos hasta los peque\u00f1os poblados de Felipe Carrillo Puerto, en Quintana Roo. Es el destino tur\u00edstico m\u00e1s bello del sureste de M\u00e9xico. Se puede llegar por varios medios como el Aeropuerto Internacional de Canc\u00fan, el segundo m\u00e1s grande del pa\u00eds. Tambi\u00e9n se puede conectar por medio del Aeropuerto Internacional de Cozumel y despu\u00e9s un trayecto por mar; otra opci\u00f3n es mediante el Aeropuerto de M\u00e9rida y continuar por tierra.<\/strong><\/span><\/p><p><span style=\"color: #000000;\"><strong>En este hermoso territorio se puede llevar a cabo un sinf\u00edn de actividades en mar y tierra, de d\u00eda y de noche, sobre la superficie terrestre y marina, y bajo estas. La naturaleza ha sido pr\u00f3diga con la Riviera Maya: clima espectacular, actividades acu\u00e1ticas, cultura y arqueolog\u00eda maya, deportes extremos, gastronom\u00eda, golf, spas y mucho m\u00e1s. Maritur proporciona a sus grupos en Riviera Maya todos los servicios e infraestructura que puedan requerir.<\/strong><\/span><\/p>\t\t\t\t\t\t<\/div>\n\t\t\t\t<\/div>\n\t\t\t\t<div class=\"elementor-element elementor-element-966e27c elementor-widget elementor-widget-spacer\" data-id=\"966e27c\" data-element_type=\"widget\" data-widget_type=\"spacer.default\">\n\t\t\t\t<div class=\"elementor-widget-container\">\n\t\t\t\t\t<div class=\"elementor-spacer\">\n\t\t\t<div class=\"elementor-spacer-inner\"><\/div>\n\t\t<\/div>\n\t\t\t\t<\/div>\n\t\t\t\t<\/div>\n\t\t\t\t\t<\/div>\n\t\t<\/div>\n\t\t\t\t\t<\/div>\n\t\t<\/section>\n\t\t\t\t<section class=\"elementor-section elementor-top-section elementor-element elementor-element-7745a1a elementor-section-full_width elementor-section-height-default elementor-section-height-default\" data-id=\"7745a1a\" data-element_type=\"section\">\n\t\t\t\t\t\t<div class=\"elementor-container elementor-column-gap-no\">\n\t\t\t\t\t<div class=\"elementor-column elementor-col-100 elementor-top-column elementor-element elementor-element-067ef5a\" data-id=\"067ef5a\" data-element_type=\"column\">\n\t\t\t<div class=\"elementor-widget-wrap elementor-element-populated\">\n\t\t\t\t\t\t<div class=\"elementor-element elementor-element-f215190 elementor-widget elementor-widget-shortcode\" data-id=\"f215190\" data-element_type=\"widget\" data-widget_type=\"shortcode.default\">\n\t\t\t\t<div class=\"elementor-widget-container\">\n\t\t\t\t\t<div class=\"elementor-shortcode\"><section class=\"backg-black to-white\">\n            <div class=\"container_neo\">\n                <div class=\"col-xs-12 toogle-contents\">\n                    <div class=\"flex-parent\">\n                        <div class=\"flex-child\">\n                            <img decoding=\"async\" id=\"a1\" class=\"destination-icon trigger-lines active toogle\" data-toogle=\"atractives\" src=\"\/wp-content\/uploads\/2020\/04\/Icono.png\">\n                            <div class=\"lines-pack right vertical\"> <hr> <hr> <hr> <\/div>\n                            <span class=\"destination-title\">ATRACCIONES<\/span>\n                        <\/div>\n\n                        <div class=\"flex-child\">\n                            <img decoding=\"async\" id=\"a2\" class=\"destination-icon trigger-lines toogle\" data-toogle=\"rooms\" src=\"\/wp-content\/uploads\/2020\/04\/rooms-1.png\">\n                            <div class=\"lines-pack right vertical\"> <hr> <hr> <hr> <\/div>\n                            <span class=\"destination-title\">HOTELES RECOMENDADOS<\/span>\n                        <\/div>\n\n                        <div class=\"flex-child\">\n                            <img decoding=\"async\" id=\"a3\" class=\"destination-icon trigger-lines toogle\" data-toogle=\"tours\" src=\"\/wp-content\/uploads\/2020\/04\/tours-1.png\">\n                            <div class=\"lines-pack right vertical\"> <hr> <hr> <hr> <\/div>\n                            <span class=\"destination-title\">Tours<\/span>\n                        <\/div>\n\n                        <div class=\"flex-child\">\n                            <img decoding=\"async\" id=\"a4\" class=\"destination-icon trigger-lines toogle\" data-toogle=\"culture\" src=\"\/wp-content\/uploads\/2020\/04\/culture-1.png\">\n                            <div class=\"lines-pack right vertical\"> <hr> <hr> <hr> <\/div>\n                            <span class=\"destination-title\">CULTURA<\/span>\n                        <\/div>\n\n                        <div id=\"a5\" class=\"flex-child\">\n                            <img decoding=\"async\" class=\"destination-icon trigger-lines toogle\" data-toogle=\"enclosure\" src=\"\/wp-content\/uploads\/2020\/04\/enclosures-1.png\">\n                            <div class=\"lines-pack right vertical\"> <hr> <hr> <hr> <\/div>\n                            <span class=\"destination-title\">SEDES<\/span>\n                        <\/div>\n\n                    <\/div>\n                <\/div>\n            <\/div>\n        <\/section>\n    \n        <div class=\"container\">\n\t<div class=\"col-xs-12 mt-20 mb-20 mt-40 mt-80 mb-80\">\n\t\t<div class=\"toogle-content atractives\" style=\"display:block;\"> <p>Puerto Aventuras<\/p>\n\n<p>Pueblo de Puerto Morelos&nbsp;<\/p>\n\n<p>7,000 cenotes para visitar<\/p>\n\n<p>&nbsp;<\/p>\n <\/div>\n\t\t<div class=\"toogle-content rooms\"> <p>Fairmont Mayakoba<\/p>\n\n<p>Banyan Tree Mayakoba<\/p>\n\n<p>Rosewood Mayakoba<\/p>\n\n<p>Grand Velas Riviera Maya<\/p>\n\n<p>Grand Hyatt Playa del Carmen<\/p>\n\n<p>Resort Paradisus Riviera Maya<\/p>\n\n<p>Blue Bay Resorts<\/p>\n\n<p>Royal Hideaway<\/p>\n <\/div>\n\t\t<div class=\"toogle-content tours\"> <p>Rio Secreto<\/p>\n\n<p>Xplor&nbsp;<\/p>\n\n<p>Xcaret<\/p>\n\n<p>Selvatica<\/p>\n <\/div>\n\t\t<div class=\"toogle-content culture\"> <p>Ruinas de Chichen Itz\u00e1<\/p>\n\n<p>Ruinas de Tulum&nbsp;<\/p>\n\n<p>Ruinas de Cob\u00e1<\/p>\n <\/div>\n\t\t<div class=\"toogle-content enclosure\">  <\/div>\n\t<\/div>\n<\/div><\/div>\n\t\t\t\t<\/div>\n\t\t\t\t<\/div>\n\t\t\t\t\t<\/div>\n\t\t<\/div>\n\t\t\t\t\t<\/div>\n\t\t<\/section>\n\t\t\t\t<section class=\"elementor-section elementor-top-section elementor-element elementor-element-0e9fed4 elementor-section-stretched elementor-section-full_width elementor-section-height-default elementor-section-height-default\" data-id=\"0e9fed4\" data-element_type=\"section\" data-settings=\"{&quot;stretch_section&quot;:&quot;section-stretched&quot;,&quot;background_background&quot;:&quot;classic&quot;}\">\n\t\t\t\t\t\t<div class=\"elementor-container elementor-column-gap-default\">\n\t\t\t\t\t<div class=\"elementor-column elementor-col-100 elementor-top-column elementor-element elementor-element-4521c1b\" data-id=\"4521c1b\" data-element_type=\"column\">\n\t\t\t<div class=\"elementor-widget-wrap elementor-element-populated\">\n\t\t\t\t\t\t<div class=\"elementor-element elementor-element-05f8873 elementor-widget elementor-widget-spacer\" data-id=\"05f8873\" data-element_type=\"widget\" data-widget_type=\"spacer.default\">\n\t\t\t\t<div class=\"elementor-widget-container\">\n\t\t\t\t\t<div class=\"elementor-spacer\">\n\t\t\t<div class=\"elementor-spacer-inner\"><\/div>\n\t\t<\/div>\n\t\t\t\t<\/div>\n\t\t\t\t<\/div>\n\t\t\t\t\t<\/div>\n\t\t<\/div>\n\t\t\t\t\t<\/div>\n\t\t<\/section>\n\t\t\t\t<section class=\"elementor-section elementor-top-section elementor-element elementor-element-43c5aa3 elementor-section-stretched elementor-hidden-phone elementor-section-boxed elementor-section-height-default elementor-section-height-default\" data-id=\"43c5aa3\" data-element_type=\"section\" data-settings=\"{&quot;stretch_section&quot;:&quot;section-stretched&quot;}\">\n\t\t\t\t\t\t<div class=\"elementor-container elementor-column-gap-no\">\n\t\t\t\t\t<div class=\"elementor-column elementor-col-50 elementor-top-column elementor-element elementor-element-417caa5\" data-id=\"417caa5\" data-element_type=\"column\">\n\t\t\t<div class=\"elementor-widget-wrap elementor-element-populated\">\n\t\t\t\t\t\t<div class=\"elementor-element elementor-element-1602be6 elementor-align-left elementor-widget elementor-widget-button\" data-id=\"1602be6\" data-element_type=\"widget\" data-widget_type=\"button.default\">\n\t\t\t\t<div class=\"elementor-widget-container\">\n\t\t\t\t\t<div class=\"elementor-button-wrapper\">\n\t\t\t<a class=\"elementor-button elementor-button-link elementor-size-xl\" href=\"https:\/\/www.maritur.com\/\">\n\t\t\t\t\t\t<span class=\"elementor-button-content-wrapper\">\n\t\t\t\t\t\t\t\t\t<span class=\"elementor-button-text\">VOLVER A <span style=\"color:#ff0000\">INICIO<\/span><\/span>\n\t\t\t\t\t<\/span>\n\t\t\t\t\t<\/a>\n\t\t<\/div>\n\t\t\t\t<\/div>\n\t\t\t\t<\/div>\n\t\t\t\t\t<\/div>\n\t\t<\/div>\n\t\t\t\t<div class=\"elementor-column elementor-col-50 elementor-top-column elementor-element elementor-element-9d196ba\" data-id=\"9d196ba\" data-element_type=\"column\">\n\t\t\t<div class=\"elementor-widget-wrap elementor-element-populated\">\n\t\t\t\t\t\t<div class=\"elementor-element elementor-element-9c8506b elementor-align-left elementor-widget elementor-widget-button\" data-id=\"9c8506b\" data-element_type=\"widget\" data-widget_type=\"button.default\">\n\t\t\t\t<div class=\"elementor-widget-container\">\n\t\t\t\t\t<div class=\"elementor-button-wrapper\">\n\t\t\t<a class=\"elementor-button elementor-button-link elementor-size-xl\" href=\"https:\/\/www.maritur.com\/destinos\/riviera-nayarit\/\">\n\t\t\t\t\t\t<span class=\"elementor-button-content-wrapper\">\n\t\t\t\t\t\t\t\t\t<span class=\"elementor-button-text\">SIGUIENTE <span style=\"color:#ff0000\">DESTINO<\/span><\/span>\n\t\t\t\t\t<\/span>\n\t\t\t\t\t<\/a>\n\t\t<\/div>\n\t\t\t\t<\/div>\n\t\t\t\t<\/div>\n\t\t\t\t\t<\/div>\n\t\t<\/div>\n\t\t\t\t\t<\/div>\n\t\t<\/section>\n\t\t\t\t<section class=\"elementor-section elementor-top-section elementor-element elementor-element-a526159 elementor-section-stretched elementor-hidden-phone elementor-section-full_width elementor-section-height-default elementor-section-height-default\" data-id=\"a526159\" data-element_type=\"section\" data-settings=\"{&quot;stretch_section&quot;:&quot;section-stretched&quot;,&quot;background_background&quot;:&quot;classic&quot;}\">\n\t\t\t\t\t\t<div class=\"elementor-container elementor-column-gap-no\">\n\t\t\t\t\t<div class=\"elementor-column elementor-col-50 elementor-top-column elementor-element elementor-element-6ba7a58\" data-id=\"6ba7a58\" data-element_type=\"column\" data-settings=\"{&quot;background_background&quot;:&quot;classic&quot;}\">\n\t\t\t<div class=\"elementor-widget-wrap elementor-element-populated\">\n\t\t\t\t\t\t<div class=\"elementor-element elementor-element-62831f5 elementor-widget elementor-widget-heading\" data-id=\"62831f5\" data-element_type=\"widget\" data-widget_type=\"heading.default\">\n\t\t\t\t<div class=\"elementor-widget-container\">\n\t\t\t<h3 class=\"elementor-heading-title elementor-size-default\">\u00a1REGALE A SU GRUPO UNA EXPERIENCIA INOLVIDABLE!\n\n<\/h3>\t\t<\/div>\n\t\t\t\t<\/div>\n\t\t\t\t\t<\/div>\n\t\t<\/div>\n\t\t\t\t<div class=\"elementor-column elementor-col-50 elementor-top-column elementor-element elementor-element-1065363\" data-id=\"1065363\" data-element_type=\"column\" data-settings=\"{&quot;background_background&quot;:&quot;classic&quot;}\">\n\t\t\t<div class=\"elementor-widget-wrap elementor-element-populated\">\n\t\t\t\t\t\t<div class=\"elementor-element elementor-element-92bdb1c elementor-align-center elementor-widget elementor-widget-button\" data-id=\"92bdb1c\" data-element_type=\"widget\" data-widget_type=\"button.default\">\n\t\t\t\t<div class=\"elementor-widget-container\">\n\t\t\t\t\t<div class=\"elementor-button-wrapper\">\n\t\t\t<a class=\"elementor-button elementor-button-link elementor-size-md\" href=\"#\">\n\t\t\t\t\t\t<span class=\"elementor-button-content-wrapper\">\n\t\t\t\t\t\t\t\t\t<span class=\"elementor-button-text\">SOLICITE UNA COTIZACI\u00d3N<\/span>\n\t\t\t\t\t<\/span>\n\t\t\t\t\t<\/a>\n\t\t<\/div>\n\t\t\t\t<\/div>\n\t\t\t\t<\/div>\n\t\t\t\t\t<\/div>\n\t\t<\/div>\n\t\t\t\t\t<\/div>\n\t\t<\/section>\n\t\t\t\t<section class=\"elementor-section elementor-top-section elementor-element elementor-element-23fd9a2 elementor-section-stretched elementor-hidden-desktop elementor-hidden-tablet elementor-section-boxed elementor-section-height-default elementor-section-height-default\" data-id=\"23fd9a2\" data-element_type=\"section\" data-settings=\"{&quot;stretch_section&quot;:&quot;section-stretched&quot;,&quot;background_background&quot;:&quot;classic&quot;}\">\n\t\t\t\t\t\t<div class=\"elementor-container elementor-column-gap-default\">\n\t\t\t\t\t<div class=\"elementor-column elementor-col-50 elementor-top-column elementor-element elementor-element-9ac9285\" data-id=\"9ac9285\" data-element_type=\"column\">\n\t\t\t<div class=\"elementor-widget-wrap elementor-element-populated\">\n\t\t\t\t\t\t<div class=\"elementor-element elementor-element-d4b7a2d elementor-widget elementor-widget-spacer\" data-id=\"d4b7a2d\" data-element_type=\"widget\" data-widget_type=\"spacer.default\">\n\t\t\t\t<div class=\"elementor-widget-container\">\n\t\t\t\t\t<div class=\"elementor-spacer\">\n\t\t\t<div class=\"elementor-spacer-inner\"><\/div>\n\t\t<\/div>\n\t\t\t\t<\/div>\n\t\t\t\t<\/div>\n\t\t\t\t<div class=\"elementor-element elementor-element-bd8413e elementor-widget elementor-widget-heading\" data-id=\"bd8413e\" data-element_type=\"widget\" data-widget_type=\"heading.default\">\n\t\t\t\t<div class=\"elementor-widget-container\">\n\t\t\t<h3 class=\"elementor-heading-title elementor-size-default\">\u00a1REGALE A SU GRUPO UNA EXPERIENCIA INOLVIDABLE!\n\n<\/h3>\t\t<\/div>\n\t\t\t\t<\/div>\n\t\t\t\t\t<\/div>\n\t\t<\/div>\n\t\t\t\t<div class=\"elementor-column elementor-col-50 elementor-top-column elementor-element elementor-element-e206571\" data-id=\"e206571\" data-element_type=\"column\">\n\t\t\t<div class=\"elementor-widget-wrap elementor-element-populated\">\n\t\t\t\t\t\t<div class=\"elementor-element elementor-element-d553cf1 elementor-align-center elementor-widget elementor-widget-button\" data-id=\"d553cf1\" data-element_type=\"widget\" data-widget_type=\"button.default\">\n\t\t\t\t<div class=\"elementor-widget-container\">\n\t\t\t\t\t<div class=\"elementor-button-wrapper\">\n\t\t\t<a class=\"elementor-button elementor-button-link elementor-size-md\" href=\"#\">\n\t\t\t\t\t\t<span class=\"elementor-button-content-wrapper\">\n\t\t\t\t\t\t\t\t\t<span class=\"elementor-button-text\">SOLICITE UNA COTIZACI\u00d3N<\/span>\n\t\t\t\t\t<\/span>\n\t\t\t\t\t<\/a>\n\t\t<\/div>\n\t\t\t\t<\/div>\n\t\t\t\t<\/div>\n\t\t\t\t<div class=\"elementor-element elementor-element-c3426be elementor-widget elementor-widget-spacer\" data-id=\"c3426be\" data-element_type=\"widget\" data-widget_type=\"spacer.default\">\n\t\t\t\t<div class=\"elementor-widget-container\">\n\t\t\t\t\t<div class=\"elementor-spacer\">\n\t\t\t<div class=\"elementor-spacer-inner\"><\/div>\n\t\t<\/div>\n\t\t\t\t<\/div>\n\t\t\t\t<\/div>\n\t\t\t\t\t<\/div>\n\t\t<\/div>\n\t\t\t\t\t<\/div>\n\t\t<\/section>\n\t\t\t\t<\/div>\n\t\t","protected":false},"excerpt":{"rendered":"<p>RIVIERA MAYA PARA\u00cdSO TURQUESA DE LOS MAYA DMC EN RIVIERA MAYA La Riviera Maya es un corredor tur\u00edstico de aproximadamente 192 kil\u00f3metros, desde Puerto Morelos hasta los peque\u00f1os poblados de Felipe Carrillo Puerto, en Quintana Roo. Es el destino tur\u00edstico m\u00e1s bello del sureste de M\u00e9xico. Se puede llegar por varios medios como el Aeropuerto [&hellip;]<\/p>\n","protected":false},"author":1,"featured_media":0,"parent":10674,"menu_order":0,"comment_status":"closed","ping_status":"closed","template":"full-width.php","meta":{"footnotes":""},"class_list":["post-8260","page","type-page","status-publish","hentry"],"_links":{"self":[{"href":"https:\/\/maritur.com\/es\/wp-json\/wp\/v2\/pages\/8260","targetHints":{"allow":["GET"]}}],"collection":[{"href":"https:\/\/maritur.com\/es\/wp-json\/wp\/v2\/pages"}],"about":[{"href":"https:\/\/maritur.com\/es\/wp-json\/wp\/v2\/types\/page"}],"author":[{"embeddable":true,"href":"https:\/\/maritur.com\/es\/wp-json\/wp\/v2\/users\/1"}],"replies":[{"embeddable":true,"href":"https:\/\/maritur.com\/es\/wp-json\/wp\/v2\/comments?post=8260"}],"version-history":[{"count":5,"href":"https:\/\/maritur.com\/es\/wp-json\/wp\/v2\/pages\/8260\/revisions"}],"predecessor-version":[{"id":10895,"href":"https:\/\/maritur.com\/es\/wp-json\/wp\/v2\/pages\/8260\/revisions\/10895"}],"up":[{"embeddable":true,"href":"https:\/\/maritur.com\/es\/wp-json\/wp\/v2\/pages\/10674"}],"wp:attachment":[{"href":"https:\/\/maritur.com\/es\/wp-json\/wp\/v2\/media?parent=8260"}],"curies":[{"name":"wp","href":"https:\/\/api.w.org\/{rel}","templated":true}]}}