{"id":8272,"date":"2020-04-14T20:22:38","date_gmt":"2020-04-14T20:22:38","guid":{"rendered":"https:\/\/maritur.com?page_id=8272"},"modified":"2020-08-05T05:15:55","modified_gmt":"2020-08-05T05:15:55","slug":"blog","status":"publish","type":"page","link":"https:\/\/maritur.com\/es\/blog\/","title":{"rendered":"Bolet\u00edn"},"content":{"rendered":"\t\t<div data-elementor-type=\"wp-page\" data-elementor-id=\"8272\" class=\"elementor elementor-8272\" data-elementor-post-type=\"page\">\n\t\t\t\t\t\t<section class=\"elementor-section elementor-top-section elementor-element elementor-element-7c54d21 elementor-section-stretched elementor-section-full_width elementor-section-height-default elementor-section-height-default\" data-id=\"7c54d21\" data-element_type=\"section\" data-settings=\"{&quot;stretch_section&quot;:&quot;section-stretched&quot;,&quot;background_background&quot;:&quot;classic&quot;}\">\n\t\t\t\t\t\t<div class=\"elementor-container elementor-column-gap-default\">\n\t\t\t\t\t<div class=\"elementor-column elementor-col-100 elementor-top-column elementor-element elementor-element-7ce0a50\" data-id=\"7ce0a50\" data-element_type=\"column\">\n\t\t\t<div class=\"elementor-widget-wrap elementor-element-populated\">\n\t\t\t\t\t\t<div class=\"elementor-element elementor-element-92d041f elementor-align-right elementor-widget elementor-widget-raven-heading\" data-id=\"92d041f\" data-element_type=\"widget\" data-widget_type=\"raven-heading.default\">\n\t\t\t\t<div class=\"elementor-widget-container\">\n\t\t\t\t\t<div class=\"raven-widget-wrapper\"><h2 class=\"raven-heading raven-heading-h2\"><span class=\"raven-heading-title \">Nuestro blog<\/span><\/h2><\/div>\n\t\t\t\t<\/div>\n\t\t\t\t<\/div>\n\t\t\t\t\t<\/div>\n\t\t<\/div>\n\t\t\t\t\t<\/div>\n\t\t<\/section>\n\t\t\t\t<section class=\"elementor-section elementor-top-section elementor-element elementor-element-21e8c24 elementor-section-boxed elementor-section-height-default elementor-section-height-default\" data-id=\"21e8c24\" data-element_type=\"section\">\n\t\t\t\t\t\t<div class=\"elementor-container elementor-column-gap-default\">\n\t\t\t\t\t<div class=\"elementor-column elementor-col-100 elementor-top-column elementor-element elementor-element-084325a\" data-id=\"084325a\" data-element_type=\"column\">\n\t\t\t<div class=\"elementor-widget-wrap elementor-element-populated\">\n\t\t\t\t\t\t<div class=\"elementor-element elementor-element-8dd46cd elementor-align-left elementor-widget elementor-widget-raven-heading\" data-id=\"8dd46cd\" data-element_type=\"widget\" data-widget_type=\"raven-heading.default\">\n\t\t\t\t<div class=\"elementor-widget-container\">\n\t\t\t\t\t<div class=\"raven-widget-wrapper\"><h2 class=\"raven-heading raven-heading-h2\"><span class=\"raven-heading-title \">\u00daltimos posts<\/span><\/h2><\/div>\n\t\t\t\t<\/div>\n\t\t\t\t<\/div>\n\t\t\t\t<div class=\"elementor-element elementor-element-0f10c92 raven-button-align-center elementor-widget elementor-widget-raven-posts\" data-id=\"0f10c92\" data-element_type=\"widget\" data-settings=\"{&quot;classic_show_pagination&quot;:&quot;yes&quot;,&quot;query_posts_per_page&quot;:9,&quot;_skin&quot;:&quot;classic&quot;,&quot;classic_layout&quot;:&quot;grid&quot;,&quot;classic_columns&quot;:&quot;3&quot;,&quot;classic_columns_tablet&quot;:&quot;2&quot;,&quot;classic_columns_mobile&quot;:&quot;1&quot;,&quot;classic_pagination_type&quot;:&quot;page_based&quot;,&quot;query_offset&quot;:0}\" data-widget_type=\"raven-posts.classic\">\n\t\t\t\t<div class=\"elementor-widget-container\">\n\t\t\t\t\t<div class=\"raven-posts raven-grid raven-grid-3 raven-grid-mobile-1 raven-grid-tablet-2\" data-post-id=\"8272\" data-archive-query=\"\" data-lang=\"\">\n\t\t\t\t<div class=\"raven-grid-item raven-post-item post-12421 post type-post status-publish format-standard has-post-thumbnail hentry category-viaje-de-negocios tag-viajes-organizacionales\">\n\t\t\t<div class=\"raven-post\">\n\t\t\t\t\t\t<div class=\"raven-post-image-wrap\">\n\t\t\t<a class=\"raven-post-image raven-image-fit\" href=\"https:\/\/maritur.com\/es\/razones-por-las-que-su-empresa-necesita-un-equipo-de-gestion-de-viajes-corporativos\/\"><img fetchpriority=\"high\" decoding=\"async\" width=\"1000\" height=\"667\" src=\"https:\/\/maritur.com\/wp-content\/uploads\/2021\/06\/Razones-por-las-que-su-empresa-necesita-un-equipo-de-gestio\u0301n-de-viajes-corporativos.jpg\" class=\"attachment-large size-large wp-image-12426\" alt=\"Razones por las que su empresa necesita un equipo de gesti\u00f3n de viajes corporativos\" srcset=\"https:\/\/maritur.com\/wp-content\/uploads\/2021\/06\/Razones-por-las-que-su-empresa-necesita-un-equipo-de-gestio\u0301n-de-viajes-corporativos.jpg 1000w, https:\/\/maritur.com\/wp-content\/uploads\/2021\/06\/Razones-por-las-que-su-empresa-necesita-un-equipo-de-gestio\u0301n-de-viajes-corporativos-300x200.jpg 300w, https:\/\/maritur.com\/wp-content\/uploads\/2021\/06\/Razones-por-las-que-su-empresa-necesita-un-equipo-de-gestio\u0301n-de-viajes-corporativos-768x512.jpg 768w\" sizes=\"(max-width: 1000px) 100vw, 1000px\" \/> <span class=\"raven-post-image-overlay\"><\/span><\/a>\t\t<\/div>\n\t\t\t\t\t\t<div class=\"raven-post-content\">\n\t\t\t\t\t<h3 class=\"raven-post-title\"><a class=\"raven-post-title-link\" href=\"https:\/\/maritur.com\/es\/razones-por-las-que-su-empresa-necesita-un-equipo-de-gestion-de-viajes-corporativos\/\">Razones por las que su empresa necesita un equipo de gesti\u00f3n de viajes corporativos<\/a><\/h3>\t\t<div class=\"raven-post-meta\"><a class=\"raven-post-meta-item raven-post-date\" href=\"https:\/\/maritur.com\/es\/2021\/06\/\" rel=\"bookmark\">junio 30, 2021<\/a><\/div>\n\t\t<div class=\"raven-post-excerpt\">Los viajes de negocios son un elemento importante en la gesti\u00f3n de las empresas internacionales modernas. Los avances tecnol\u00f3gicos, como las reuniones virtuales y el env\u00edo de documentos digitales, son<\/div>\t\t<div class=\"raven-post-read-more\">\n\t\t\t<a class=\"raven-post-button\" href=\"https:\/\/maritur.com\/es\/razones-por-las-que-su-empresa-necesita-un-equipo-de-gestion-de-viajes-corporativos\/\"><span class=\"raven-post-button-text\">Read More<\/span><\/a>\n\t\t<\/div>\n\t\t\t\t\t\t<\/div>\n\t\t\t<\/div>\n\t\t<\/div>\n\t\t\t\t<div class=\"raven-grid-item raven-post-item post-12403 post type-post status-publish format-standard has-post-thumbnail hentry tag-social-media-es tag-tips-2-es\">\n\t\t\t<div class=\"raven-post\">\n\t\t\t\t\t\t<div class=\"raven-post-image-wrap\">\n\t\t\t<a class=\"raven-post-image raven-image-fit\" href=\"https:\/\/maritur.com\/es\/lo-que-los-directivos-deben-entender-sobre-la-moral-y-la-fatiga-mental-en-los-medios-sociales\/\"><img decoding=\"async\" width=\"1000\" height=\"667\" src=\"https:\/\/maritur.com\/wp-content\/uploads\/2021\/06\/lo-que-los-directivos-deben-entender-sobre-la-moral-y-la-fatiga-mental-en-los-medios-sociales.jpg\" class=\"attachment-large size-large wp-image-12408\" alt=\"Lo que los directivos deben entender sobre la moral y la fatiga mental en los medios sociales\" srcset=\"https:\/\/maritur.com\/wp-content\/uploads\/2021\/06\/lo-que-los-directivos-deben-entender-sobre-la-moral-y-la-fatiga-mental-en-los-medios-sociales.jpg 1000w, https:\/\/maritur.com\/wp-content\/uploads\/2021\/06\/lo-que-los-directivos-deben-entender-sobre-la-moral-y-la-fatiga-mental-en-los-medios-sociales-300x200.jpg 300w, https:\/\/maritur.com\/wp-content\/uploads\/2021\/06\/lo-que-los-directivos-deben-entender-sobre-la-moral-y-la-fatiga-mental-en-los-medios-sociales-768x512.jpg 768w\" sizes=\"(max-width: 1000px) 100vw, 1000px\" \/> <span class=\"raven-post-image-overlay\"><\/span><\/a>\t\t<\/div>\n\t\t\t\t\t\t<div class=\"raven-post-content\">\n\t\t\t\t\t<h3 class=\"raven-post-title\"><a class=\"raven-post-title-link\" href=\"https:\/\/maritur.com\/es\/lo-que-los-directivos-deben-entender-sobre-la-moral-y-la-fatiga-mental-en-los-medios-sociales\/\">Lo que los directivos deben entender sobre la moral y la fatiga mental en los medios sociales<\/a><\/h3>\t\t<div class=\"raven-post-meta\"><a class=\"raven-post-meta-item raven-post-date\" href=\"https:\/\/maritur.com\/es\/2021\/06\/\" rel=\"bookmark\">junio 16, 2021<\/a><\/div>\n\t\t<div class=\"raven-post-excerpt\">Las redes sociales bien utilizadas pueden ser una poderosa herramienta. Permiten al directivo conocer la competencia, el mercado, los compradores y sus necesidades, las tendencias y descubrir oportunidades para ganar<\/div>\t\t<div class=\"raven-post-read-more\">\n\t\t\t<a class=\"raven-post-button\" href=\"https:\/\/maritur.com\/es\/lo-que-los-directivos-deben-entender-sobre-la-moral-y-la-fatiga-mental-en-los-medios-sociales\/\"><span class=\"raven-post-button-text\">Read More<\/span><\/a>\n\t\t<\/div>\n\t\t\t\t\t\t<\/div>\n\t\t\t<\/div>\n\t\t<\/div>\n\t\t\t\t<div class=\"raven-grid-item raven-post-item post-12393 post type-post status-publish format-standard has-post-thumbnail hentry category-tips-es tag-energia-mental tag-maritur-es\">\n\t\t\t<div class=\"raven-post\">\n\t\t\t\t\t\t<div class=\"raven-post-image-wrap\">\n\t\t\t<a class=\"raven-post-image raven-image-fit\" href=\"https:\/\/maritur.com\/es\/como-aumentar-energia-mental\/\"><img decoding=\"async\" width=\"1000\" height=\"667\" src=\"https:\/\/maritur.com\/wp-content\/uploads\/2021\/05\/how-to-increase-mental-energy.jpg\" class=\"attachment-large size-large wp-image-12391\" alt=\"How To Increase Your Mental Energy\" srcset=\"https:\/\/maritur.com\/wp-content\/uploads\/2021\/05\/how-to-increase-mental-energy.jpg 1000w, https:\/\/maritur.com\/wp-content\/uploads\/2021\/05\/how-to-increase-mental-energy-300x200.jpg 300w, https:\/\/maritur.com\/wp-content\/uploads\/2021\/05\/how-to-increase-mental-energy-768x512.jpg 768w\" sizes=\"(max-width: 1000px) 100vw, 1000px\" \/> <span class=\"raven-post-image-overlay\"><\/span><\/a>\t\t<\/div>\n\t\t\t\t\t\t<div class=\"raven-post-content\">\n\t\t\t\t\t<h3 class=\"raven-post-title\"><a class=\"raven-post-title-link\" href=\"https:\/\/maritur.com\/es\/como-aumentar-energia-mental\/\">C\u00f3mo aumentar tu energ\u00eda mental<\/a><\/h3>\t\t<div class=\"raven-post-meta\"><a class=\"raven-post-meta-item raven-post-date\" href=\"https:\/\/maritur.com\/es\/2021\/05\/\" rel=\"bookmark\">mayo 28, 2021<\/a><\/div>\n\t\t<div class=\"raven-post-excerpt\">A estas alturas, seguro que has visto en Netflix algunos documentales y programas que hablan muestran de primera mano hasta qu\u00e9 punto la tecnolog\u00eda domina nuestras vidas. Desde el momento<\/div>\t\t<div class=\"raven-post-read-more\">\n\t\t\t<a class=\"raven-post-button\" href=\"https:\/\/maritur.com\/es\/como-aumentar-energia-mental\/\"><span class=\"raven-post-button-text\">Read More<\/span><\/a>\n\t\t<\/div>\n\t\t\t\t\t\t<\/div>\n\t\t\t<\/div>\n\t\t<\/div>\n\t\t\t\t<div class=\"raven-grid-item raven-post-item post-12377 post type-post status-publish format-standard has-post-thumbnail hentry tag-tips-2-es tag-viaje-de-negocios\">\n\t\t\t<div class=\"raven-post\">\n\t\t\t\t\t\t<div class=\"raven-post-image-wrap\">\n\t\t\t<a class=\"raven-post-image raven-image-fit\" href=\"https:\/\/maritur.com\/es\/supere-el-estres-por-viajes-de-trabajo\/\"><img loading=\"lazy\" decoding=\"async\" width=\"1000\" height=\"667\" src=\"https:\/\/maritur.com\/wp-content\/uploads\/2021\/05\/supere-el-estres-por-viajes-de-trabajo.jpg\" class=\"attachment-large size-large wp-image-12385\" alt=\"Supere el estr\u00e9s por viajes de trabajo\" srcset=\"https:\/\/maritur.com\/wp-content\/uploads\/2021\/05\/supere-el-estres-por-viajes-de-trabajo.jpg 1000w, https:\/\/maritur.com\/wp-content\/uploads\/2021\/05\/supere-el-estres-por-viajes-de-trabajo-300x200.jpg 300w, https:\/\/maritur.com\/wp-content\/uploads\/2021\/05\/supere-el-estres-por-viajes-de-trabajo-768x512.jpg 768w\" sizes=\"(max-width: 1000px) 100vw, 1000px\" \/> <span class=\"raven-post-image-overlay\"><\/span><\/a>\t\t<\/div>\n\t\t\t\t\t\t<div class=\"raven-post-content\">\n\t\t\t\t\t<h3 class=\"raven-post-title\"><a class=\"raven-post-title-link\" href=\"https:\/\/maritur.com\/es\/supere-el-estres-por-viajes-de-trabajo\/\">Supere el estr\u00e9s por viajes de trabajo<\/a><\/h3>\t\t<div class=\"raven-post-meta\"><a class=\"raven-post-meta-item raven-post-date\" href=\"https:\/\/maritur.com\/es\/2021\/05\/\" rel=\"bookmark\">mayo 24, 2021<\/a><\/div>\n\t\t<div class=\"raven-post-excerpt\">Adem\u00e1s del estr\u00e9s normal de ir de viaje, si viaja por negocios, trabajo o en nombre de la empresa, existe la responsabilidad de lograr el objetivo que se nos asign\u00f3<\/div>\t\t<div class=\"raven-post-read-more\">\n\t\t\t<a class=\"raven-post-button\" href=\"https:\/\/maritur.com\/es\/supere-el-estres-por-viajes-de-trabajo\/\"><span class=\"raven-post-button-text\">Read More<\/span><\/a>\n\t\t<\/div>\n\t\t\t\t\t\t<\/div>\n\t\t\t<\/div>\n\t\t<\/div>\n\t\t\t\t<div class=\"raven-grid-item raven-post-item post-12361 post type-post status-publish format-standard has-post-thumbnail hentry category-tips-es tag-administracion\">\n\t\t\t<div class=\"raven-post\">\n\t\t\t\t\t\t<div class=\"raven-post-image-wrap\">\n\t\t\t<a class=\"raven-post-image raven-image-fit\" href=\"https:\/\/maritur.com\/es\/los-mejores-libros-de-gestion-de-oficinas-2021\/\"><img loading=\"lazy\" decoding=\"async\" width=\"1000\" height=\"633\" src=\"https:\/\/maritur.com\/wp-content\/uploads\/2021\/04\/best-office-management-books-to-read-in-2021.jpg\" class=\"attachment-large size-large wp-image-12352\" alt=\"Best Office Management Books to Read in 2021\" srcset=\"https:\/\/maritur.com\/wp-content\/uploads\/2021\/04\/best-office-management-books-to-read-in-2021.jpg 1000w, https:\/\/maritur.com\/wp-content\/uploads\/2021\/04\/best-office-management-books-to-read-in-2021-300x190.jpg 300w, https:\/\/maritur.com\/wp-content\/uploads\/2021\/04\/best-office-management-books-to-read-in-2021-768x486.jpg 768w\" sizes=\"(max-width: 1000px) 100vw, 1000px\" \/> <span class=\"raven-post-image-overlay\"><\/span><\/a>\t\t<\/div>\n\t\t\t\t\t\t<div class=\"raven-post-content\">\n\t\t\t\t\t<h3 class=\"raven-post-title\"><a class=\"raven-post-title-link\" href=\"https:\/\/maritur.com\/es\/los-mejores-libros-de-gestion-de-oficinas-2021\/\">Los mejores libros de gesti\u00f3n de oficinas para leer en 2021<\/a><\/h3>\t\t<div class=\"raven-post-meta\"><a class=\"raven-post-meta-item raven-post-date\" href=\"https:\/\/maritur.com\/es\/2021\/04\/\" rel=\"bookmark\">abril 30, 2021<\/a><\/div>\n\t\t<div class=\"raven-post-excerpt\">Los libros sobre gesti\u00f3n de oficinas son gu\u00edas sobre c\u00f3mo dirigir eficazmente una oficina. El objetivo de estos libros es ayudar a los profesionales en el funcionamiento eficiente y organizado<\/div>\t\t<div class=\"raven-post-read-more\">\n\t\t\t<a class=\"raven-post-button\" href=\"https:\/\/maritur.com\/es\/los-mejores-libros-de-gestion-de-oficinas-2021\/\"><span class=\"raven-post-button-text\">Read More<\/span><\/a>\n\t\t<\/div>\n\t\t\t\t\t\t<\/div>\n\t\t\t<\/div>\n\t\t<\/div>\n\t\t\t\t<div class=\"raven-grid-item raven-post-item post-12341 post type-post status-publish format-standard has-post-thumbnail hentry category-viaje-de-negocios tag-dmc-es tag-soluciones-de-viaje tag-viajes-organizacionales\">\n\t\t\t<div class=\"raven-post\">\n\t\t\t\t\t\t<div class=\"raven-post-image-wrap\">\n\t\t\t<a class=\"raven-post-image raven-image-fit\" href=\"https:\/\/maritur.com\/es\/tips-para-organizar-viajes-corporativos\/\"><img loading=\"lazy\" decoding=\"async\" width=\"1000\" height=\"667\" src=\"https:\/\/maritur.com\/wp-content\/uploads\/2021\/04\/tips-para-organizar-viajes-corporativos.jpg\" class=\"attachment-large size-large wp-image-12344\" alt=\"Tips para organizar viajes corporativos\" srcset=\"https:\/\/maritur.com\/wp-content\/uploads\/2021\/04\/tips-para-organizar-viajes-corporativos.jpg 1000w, https:\/\/maritur.com\/wp-content\/uploads\/2021\/04\/tips-para-organizar-viajes-corporativos-300x200.jpg 300w, https:\/\/maritur.com\/wp-content\/uploads\/2021\/04\/tips-para-organizar-viajes-corporativos-768x512.jpg 768w\" sizes=\"(max-width: 1000px) 100vw, 1000px\" \/> <span class=\"raven-post-image-overlay\"><\/span><\/a>\t\t<\/div>\n\t\t\t\t\t\t<div class=\"raven-post-content\">\n\t\t\t\t\t<h3 class=\"raven-post-title\"><a class=\"raven-post-title-link\" href=\"https:\/\/maritur.com\/es\/tips-para-organizar-viajes-corporativos\/\">Tips para organizar viajes corporativos<\/a><\/h3>\t\t<div class=\"raven-post-meta\"><a class=\"raven-post-meta-item raven-post-date\" href=\"https:\/\/maritur.com\/es\/2021\/04\/\" rel=\"bookmark\">abril 15, 2021<\/a><\/div>\n\t\t<div class=\"raven-post-excerpt\">El turismo de negocios y los viajes de negocios son elementos importantes para las empresas. Por lo tanto, es importante optimizar los recursos teniendo en cuenta la seguridad y la<\/div>\t\t<div class=\"raven-post-read-more\">\n\t\t\t<a class=\"raven-post-button\" href=\"https:\/\/maritur.com\/es\/tips-para-organizar-viajes-corporativos\/\"><span class=\"raven-post-button-text\">Read More<\/span><\/a>\n\t\t<\/div>\n\t\t\t\t\t\t<\/div>\n\t\t\t<\/div>\n\t\t<\/div>\n\t\t\t\t<div class=\"raven-grid-item raven-post-item post-12326 post type-post status-publish format-standard has-post-thumbnail hentry\">\n\t\t\t<div class=\"raven-post\">\n\t\t\t\t\t\t<div class=\"raven-post-image-wrap\">\n\t\t\t<a class=\"raven-post-image raven-image-fit\" href=\"https:\/\/maritur.com\/es\/eventos-corporativos-virtuales-en-la-nueva-normalidad\/\"><img loading=\"lazy\" decoding=\"async\" width=\"1000\" height=\"667\" src=\"https:\/\/maritur.com\/wp-content\/uploads\/2021\/03\/eventos-corporativos-virtuales-en-la-nueva-normalidad.jpg\" class=\"attachment-large size-large wp-image-12328\" alt=\"Eventos corporativos virtuales en la nueva normalidad\" srcset=\"https:\/\/maritur.com\/wp-content\/uploads\/2021\/03\/eventos-corporativos-virtuales-en-la-nueva-normalidad.jpg 1000w, https:\/\/maritur.com\/wp-content\/uploads\/2021\/03\/eventos-corporativos-virtuales-en-la-nueva-normalidad-300x200.jpg 300w, https:\/\/maritur.com\/wp-content\/uploads\/2021\/03\/eventos-corporativos-virtuales-en-la-nueva-normalidad-768x512.jpg 768w\" sizes=\"(max-width: 1000px) 100vw, 1000px\" \/> <span class=\"raven-post-image-overlay\"><\/span><\/a>\t\t<\/div>\n\t\t\t\t\t\t<div class=\"raven-post-content\">\n\t\t\t\t\t<h3 class=\"raven-post-title\"><a class=\"raven-post-title-link\" href=\"https:\/\/maritur.com\/es\/eventos-corporativos-virtuales-en-la-nueva-normalidad\/\">Eventos corporativos virtuales en la nueva normalidad<\/a><\/h3>\t\t<div class=\"raven-post-meta\"><a class=\"raven-post-meta-item raven-post-date\" href=\"https:\/\/maritur.com\/es\/2021\/03\/\" rel=\"bookmark\">marzo 31, 2021<\/a><\/div>\n\t\t<div class=\"raven-post-excerpt\">La pandemia oblig\u00f3 a reconsiderar este tipo de eventos para combinar las formas tradicionales con la virtualidad. La pandemia supuso un cambio en todos los \u00e1mbitos de la vida con<\/div>\t\t<div class=\"raven-post-read-more\">\n\t\t\t<a class=\"raven-post-button\" href=\"https:\/\/maritur.com\/es\/eventos-corporativos-virtuales-en-la-nueva-normalidad\/\"><span class=\"raven-post-button-text\">Read More<\/span><\/a>\n\t\t<\/div>\n\t\t\t\t\t\t<\/div>\n\t\t\t<\/div>\n\t\t<\/div>\n\t\t\t\t<div class=\"raven-grid-item raven-post-item post-12306 post type-post status-publish format-standard has-post-thumbnail hentry category-sites-es tag-cultura tag-mexico-es tag-sitios\">\n\t\t\t<div class=\"raven-post\">\n\t\t\t\t\t\t<div class=\"raven-post-image-wrap\">\n\t\t\t<a class=\"raven-post-image raven-image-fit\" href=\"https:\/\/maritur.com\/es\/equinoccio-chichen-itza\/\"><img loading=\"lazy\" decoding=\"async\" width=\"1000\" height=\"730\" src=\"https:\/\/maritur.com\/wp-content\/uploads\/2021\/03\/equinoccio-chichen-itza.jpg\" class=\"attachment-large size-large wp-image-12314\" alt=\"Equinoccio en Chich\u00e9n Itz\u00e1\" srcset=\"https:\/\/maritur.com\/wp-content\/uploads\/2021\/03\/equinoccio-chichen-itza.jpg 1000w, https:\/\/maritur.com\/wp-content\/uploads\/2021\/03\/equinoccio-chichen-itza-300x219.jpg 300w, https:\/\/maritur.com\/wp-content\/uploads\/2021\/03\/equinoccio-chichen-itza-768x561.jpg 768w\" sizes=\"(max-width: 1000px) 100vw, 1000px\" \/> <span class=\"raven-post-image-overlay\"><\/span><\/a>\t\t<\/div>\n\t\t\t\t\t\t<div class=\"raven-post-content\">\n\t\t\t\t\t<h3 class=\"raven-post-title\"><a class=\"raven-post-title-link\" href=\"https:\/\/maritur.com\/es\/equinoccio-chichen-itza\/\">Una experiencia para toda la vida con el Equinoccio en Chich\u00e9n Itz\u00e1<\/a><\/h3>\t\t<div class=\"raven-post-meta\"><a class=\"raven-post-meta-item raven-post-date\" href=\"https:\/\/maritur.com\/es\/2021\/03\/\" rel=\"bookmark\">marzo 16, 2021<\/a><\/div>\n\t\t<div class=\"raven-post-excerpt\">Si a\u00fan no has estado en Chich\u00e9n Itz\u00e1, merece la pena conocer un poco antes de sumergirse de inmediato. De todos los tesoros arqueol\u00f3gicos de M\u00e9xico, Chich\u00e9n Itz\u00e1 es sin<\/div>\t\t<div class=\"raven-post-read-more\">\n\t\t\t<a class=\"raven-post-button\" href=\"https:\/\/maritur.com\/es\/equinoccio-chichen-itza\/\"><span class=\"raven-post-button-text\">Read More<\/span><\/a>\n\t\t<\/div>\n\t\t\t\t\t\t<\/div>\n\t\t\t<\/div>\n\t\t<\/div>\n\t\t\t\t<div class=\"raven-grid-item raven-post-item post-12285 post type-post status-publish format-standard has-post-thumbnail hentry category-sites-es tag-historia tag-mexico-es tag-sitios\">\n\t\t\t<div class=\"raven-post\">\n\t\t\t\t\t\t<div class=\"raven-post-image-wrap\">\n\t\t\t<a class=\"raven-post-image raven-image-fit\" href=\"https:\/\/maritur.com\/es\/zonas-arqueologicas-mexico\/\"><img loading=\"lazy\" decoding=\"async\" width=\"1000\" height=\"665\" src=\"https:\/\/maritur.com\/wp-content\/uploads\/2021\/02\/zonas-arqueologicas-mexico.jpg\" class=\"attachment-large size-large wp-image-12293\" alt=\"Zonas arqueol\u00f3gicas en M\u00e9xico que no conoc\u00eda\" srcset=\"https:\/\/maritur.com\/wp-content\/uploads\/2021\/02\/zonas-arqueologicas-mexico.jpg 1000w, https:\/\/maritur.com\/wp-content\/uploads\/2021\/02\/zonas-arqueologicas-mexico-300x200.jpg 300w, https:\/\/maritur.com\/wp-content\/uploads\/2021\/02\/zonas-arqueologicas-mexico-768x511.jpg 768w\" sizes=\"(max-width: 1000px) 100vw, 1000px\" \/> <span class=\"raven-post-image-overlay\"><\/span><\/a>\t\t<\/div>\n\t\t\t\t\t\t<div class=\"raven-post-content\">\n\t\t\t\t\t<h3 class=\"raven-post-title\"><a class=\"raven-post-title-link\" href=\"https:\/\/maritur.com\/es\/zonas-arqueologicas-mexico\/\">Zonas arqueol\u00f3gicas en M\u00e9xico que no conoc\u00eda<\/a><\/h3>\t\t<div class=\"raven-post-meta\"><a class=\"raven-post-meta-item raven-post-date\" href=\"https:\/\/maritur.com\/es\/2021\/02\/\" rel=\"bookmark\">febrero 26, 2021<\/a><\/div>\n\t\t<div class=\"raven-post-excerpt\">M\u00e9xico es un incre\u00edble mosaico natural y cultural, desde sus singulares playas y selvas hasta sus majestuosas ciudades y riqueza gastron\u00f3mica. Cada lugar ofrece una historia y una nueva aventura.<\/div>\t\t<div class=\"raven-post-read-more\">\n\t\t\t<a class=\"raven-post-button\" href=\"https:\/\/maritur.com\/es\/zonas-arqueologicas-mexico\/\"><span class=\"raven-post-button-text\">Read More<\/span><\/a>\n\t\t<\/div>\n\t\t\t\t\t\t<\/div>\n\t\t\t<\/div>\n\t\t<\/div>\n\t\t\t\t<\/div>\n\t\t\t\t<div class=\"raven-pagination\" data-settings=\"{&quot;posts_per_page&quot;:9,&quot;total_pages&quot;:17,&quot;pages_visible&quot;:10}\">\n\t\t\t<div class=\"raven-pagination-items\">\n\t\t\t\t<a class=\"raven-pagination-prev raven-pagination-item raven-pagination-disabled\" href=\"#\">&laquo; Prev<\/a><a class=\"raven-pagination-num raven-pagination-item raven-pagination-active\" href=\"#\" data-page-num=\"1\">1<\/a><a class=\"raven-pagination-num raven-pagination-item\" href=\"#\" data-page-num=\"2\">2<\/a><a class=\"raven-pagination-num raven-pagination-item\" href=\"#\" data-page-num=\"3\">3<\/a><a class=\"raven-pagination-num raven-pagination-item\" href=\"#\" data-page-num=\"4\">4<\/a><a class=\"raven-pagination-num raven-pagination-item\" href=\"#\" data-page-num=\"5\">5<\/a><a class=\"raven-pagination-num raven-pagination-item\" href=\"#\" data-page-num=\"6\">6<\/a><a class=\"raven-pagination-num raven-pagination-item\" href=\"#\" data-page-num=\"7\">7<\/a><a class=\"raven-pagination-num raven-pagination-item\" href=\"#\" data-page-num=\"8\">8<\/a><a class=\"raven-pagination-num raven-pagination-item\" href=\"#\" data-page-num=\"9\">9<\/a><a class=\"raven-pagination-num raven-pagination-item\" href=\"#\" data-page-num=\"10\">10<\/a><a class=\"raven-pagination-next raven-pagination-item\" href=\"#\">Next &raquo;<\/a>\t\t\t<\/div>\n\t\t<\/div>\n\t\t\t\t<\/div>\n\t\t\t\t<\/div>\n\t\t\t\t\t<\/div>\n\t\t<\/div>\n\t\t\t\t\t<\/div>\n\t\t<\/section>\n\t\t\t\t<section class=\"elementor-section elementor-top-section elementor-element elementor-element-9afa629 elementor-section-stretched elementor-section-full_width elementor-section-height-default elementor-section-height-default\" data-id=\"9afa629\" data-element_type=\"section\" data-settings=\"{&quot;stretch_section&quot;:&quot;section-stretched&quot;}\">\n\t\t\t\t\t\t<div class=\"elementor-container elementor-column-gap-default\">\n\t\t\t\t\t<div class=\"elementor-column elementor-col-100 elementor-top-column elementor-element elementor-element-25560ee\" data-id=\"25560ee\" data-element_type=\"column\">\n\t\t\t<div class=\"elementor-widget-wrap elementor-element-populated\">\n\t\t\t\t\t\t<div class=\"elementor-element elementor-element-76148b6 elementor-widget-divider--view-line elementor-widget elementor-widget-divider\" data-id=\"76148b6\" data-element_type=\"widget\" data-widget_type=\"divider.default\">\n\t\t\t\t<div class=\"elementor-widget-container\">\n\t\t\t\t\t<div class=\"elementor-divider\">\n\t\t\t<span class=\"elementor-divider-separator\">\n\t\t\t\t\t\t<\/span>\n\t\t<\/div>\n\t\t\t\t<\/div>\n\t\t\t\t<\/div>\n\t\t\t\t\t<\/div>\n\t\t<\/div>\n\t\t\t\t\t<\/div>\n\t\t<\/section>\n\t\t\t\t<\/div>\n\t\t","protected":false},"excerpt":{"rendered":"<p>Nuestro blog \u00ab,\u00bbnextArrow\u00bb:\u00bb\u00ab,\u00bbautoplay\u00bb:false,\u00bbautoplaySpeed\u00bb:5000,\u00bbrtl\u00bb:false}&#8217; dir=\u00bbltr\u00bb&gt; 5 USEFUL TIPS FOR EVENT PLANNING We\u2019ve heard from time to time something like \u201clet\u2019s keep&#8230; 5 GOOD REASONS TO PLAN AN INCENTIVE TRIP In present days, achieving real&nbsp;business success&nbsp;is directly related to the&#8230; CANCUN \/ RIVIERA MAYA, PERFECT FOR AN INCENTIVE TRIP Let us show you why the magnificent settings [&hellip;]<\/p>\n","protected":false},"author":1,"featured_media":0,"parent":0,"menu_order":0,"comment_status":"closed","ping_status":"closed","template":"elementor_header_footer","meta":{"footnotes":""},"class_list":["post-8272","page","type-page","status-publish","hentry"],"_links":{"self":[{"href":"https:\/\/maritur.com\/es\/wp-json\/wp\/v2\/pages\/8272","targetHints":{"allow":["GET"]}}],"collection":[{"href":"https:\/\/maritur.com\/es\/wp-json\/wp\/v2\/pages"}],"about":[{"href":"https:\/\/maritur.com\/es\/wp-json\/wp\/v2\/types\/page"}],"author":[{"embeddable":true,"href":"https:\/\/maritur.com\/es\/wp-json\/wp\/v2\/users\/1"}],"replies":[{"embeddable":true,"href":"https:\/\/maritur.com\/es\/wp-json\/wp\/v2\/comments?post=8272"}],"version-history":[{"count":5,"href":"https:\/\/maritur.com\/es\/wp-json\/wp\/v2\/pages\/8272\/revisions"}],"predecessor-version":[{"id":10792,"href":"https:\/\/maritur.com\/es\/wp-json\/wp\/v2\/pages\/8272\/revisions\/10792"}],"wp:attachment":[{"href":"https:\/\/maritur.com\/es\/wp-json\/wp\/v2\/media?parent=8272"}],"curies":[{"name":"wp","href":"https:\/\/api.w.org\/{rel}","templated":true}]}}